{"id":19478,"date":"2016-10-12T13:11:57","date_gmt":"2016-10-12T11:11:57","guid":{"rendered":"http:\/\/lalaperlavnau.bcntic.com\/productos-etnicos\/"},"modified":"2021-06-16T17:19:00","modified_gmt":"2021-06-16T15:19:00","slug":"productes","status":"publish","type":"page","link":"https:\/\/www.laperlavalles.cat\/ca\/productes\/","title":{"rendered":"Productes"},"content":{"rendered":"<p>[vc_row css=&#8221;.vc_custom_1621321040181{margin-top: 30px !important;}&#8221;][vc_column][vc_custom_heading text=&#8221;Si ets distribu\u00efdor o majorista ara pots consultar el nostre cat\u00e0leg complet aqu\u00ed.&#8221; font_container=&#8221;tag:h2|font_size:22px|text_align:center|color:%23333333|line_height:1.6&#8243; google_fonts=&#8221;font_family:Roboto%3A100%2C100italic%2C300%2C300italic%2Cregular%2Citalic%2C500%2C500italic%2C700%2C700italic%2C900%2C900italic|font_style:500%20bold%20regular%3A500%3Anormal&#8221;][vc_zigzag color=&#8221;custom&#8221; el_width=&#8221;10&#8243; el_border_width=&#8221;8&#8243; custom_color=&#8221;#a41018&#8243;][\/vc_column][\/vc_row][vc_row full_width=&#8221;stretch_row_content&#8221; equal_height=&#8221;yes&#8221; css=&#8221;.vc_custom_1621321035380{margin-top: 30px !important;}&#8221;][vc_column width=&#8221;1\/4&#8243;][vc_single_image image=&#8221;40210&#8243; img_size=&#8221;full&#8221; alignment=&#8221;center&#8221; onclick=&#8221;custom_link&#8221; link=&#8221;\/ca\/categoria-producte\/begudes\/&#8221;][vc_custom_heading text=&#8221;BEGUDES&#8221; font_container=&#8221;tag:h2|font_size:22px|text_align:center|color:%23a41018|line_height:1.6&#8243; google_fonts=&#8221;font_family:Roboto%3A100%2C100italic%2C300%2C300italic%2Cregular%2Citalic%2C500%2C500italic%2C700%2C700italic%2C900%2C900italic|font_style:500%20bold%20regular%3A500%3Anormal&#8221;][vc_column_text el_class=&#8221;text-justificat&#8221;]La Perla distribueix begudes d&#8217;importaci\u00f3: cerveses de marques l\u00edders en el mercat com Guinness, begudes de malta, begudes refrescants, sucs de fruites&#8230; [read_more id=&#8221;1&#8243; more=&#8221;Llegir m\u00e9s&#8221; less=&#8221;Llegir menys&#8221;]Comptem tamb\u00e9 amb xarops de fruita, ess\u00e8ncies culin\u00e0ries, infusions, i fins i tot amb begudes naturals com l&#8217;aigua de coco i beguda de coco The Elements. Refrescos i begudes instant\u00e0nies per a acompanyar els menjars o festes i xarops o ess\u00e8ncies per a utilitzar en la cuina o cocteleria. M\u00e9s de 100 refer\u00e8ncies en begudes avalen el nostre cat\u00e0leg i estan disponibles per als lineals de botigues i supermercats. Totes elles formen part del nostre cat\u00e0leg de productes \u00e8tnics, productes d&#8217;importaci\u00f3 i alimentaci\u00f3 global.[\/read_more][\/vc_column_text][\/vc_column][vc_column width=&#8221;1\/4&#8243;][vc_single_image image=&#8221;40230&#8243; img_size=&#8221;full&#8221; alignment=&#8221;center&#8221; onclick=&#8221;custom_link&#8221; link=&#8221;\/ca\/categoria-producte\/esmorzars-i-postres\/&#8221;][vc_custom_heading text=&#8221;ESMORZARS I POSTRES&#8221; font_container=&#8221;tag:h2|font_size:22px|text_align:center|color:%23a41018|line_height:1.6&#8243; google_fonts=&#8221;font_family:Roboto%3A100%2C100italic%2C300%2C300italic%2Cregular%2Citalic%2C500%2C500italic%2C700%2C700italic%2C900%2C900italic|font_style:500%20bold%20regular%3A500%3Anormal&#8221;][vc_column_text el_class=&#8221;text-justificat&#8221;]La Perla disposa d&#8217;un ampli cat\u00e0leg de productes alimentaris globals per a esmorzars i postres.[read_more id=&#8221;1&#8243; more=&#8221;Llegir m\u00e9s&#8221; less=&#8221;Llegir menys&#8221;]Complements als esmorzars com caf\u00e8 Touba, productes lactis, mantegues&#8230; Tots els productes formen part del nostre cat\u00e0leg de productes \u00e8tnics, productes d&#8217;importaci\u00f3 i alimentaci\u00f3 global. Si tens una botiga, ets majorista o distribu\u00efdor i t&#8217;interessen els productes alimentaris \u00e8tnics contacta amb nosaltres.[\/read_more][\/vc_column_text][\/vc_column][vc_column width=&#8221;1\/4&#8243;][vc_single_image image=&#8221;40274&#8243; img_size=&#8221;full&#8221; alignment=&#8221;center&#8221; onclick=&#8221;custom_link&#8221; link=&#8221;\/ca\/categoria-producte\/snacks-2\/&#8221;][vc_custom_heading text=&#8221;SNACKS&#8221; font_container=&#8221;tag:h2|font_size:22px|text_align:center|color:%23a41018|line_height:1.6&#8243; google_fonts=&#8221;font_family:Roboto%3A100%2C100italic%2C300%2C300italic%2Cregular%2Citalic%2C500%2C500italic%2C700%2C700italic%2C900%2C900italic|font_style:500%20bold%20regular%3A500%3Anormal&#8221;][vc_column_text el_class=&#8221;text-justificat&#8221;]La Perla ofereix un ampli assortiment de snacks seleccionats un a un dels millors productors internacionals amb la finalitat de trencar fronteres gastron\u00f2miques.[read_more id=&#8221;1&#8243; more=&#8221;Llegir m\u00e9s&#8221; less=&#8221;Llegir menys&#8221;]Comptem amb un ampli assortit en xips de pl\u00e0tan, galetes internacionals, caramels&#8230; Tots ells formen part del nostre cat\u00e0leg de productes \u00e8tnics, productes d&#8217;importaci\u00f3 i alimentaci\u00f3 global.[\/read_more][\/vc_column_text][\/vc_column][vc_column width=&#8221;1\/4&#8243;][vc_single_image image=&#8221;40278&#8243; img_size=&#8221;full&#8221; alignment=&#8221;center&#8221; onclick=&#8221;custom_link&#8221; link=&#8221;\/ca\/categoria-producte\/tomaquet-concentrat\/&#8221;][vc_custom_heading text=&#8221;TOMAQUET CONCENTRAT&#8221; font_container=&#8221;tag:h2|font_size:22px|text_align:center|color:%23a41018|line_height:1.6&#8243; google_fonts=&#8221;font_family:Roboto%3A100%2C100italic%2C300%2C300italic%2Cregular%2Citalic%2C500%2C500italic%2C700%2C700italic%2C900%2C900italic|font_style:500%20bold%20regular%3A500%3Anormal&#8221;][vc_column_text el_class=&#8221;text-justificat&#8221;]El tom\u00e0quet concentrat \u00e9s un ingredient b\u00e0sic per a les cuines de tot el m\u00f3n. Un ingredient indispensable per als coneixedors dels beneficis del tom\u00e0quet concentrat: m\u00e9s qualitat i m\u00e9s sabor.[read_more id=&#8221;1&#8243; more=&#8221;Llegir m\u00e9s&#8221; less=&#8221;Llegir menys&#8221;]Ideal per a la preparaci\u00f3 de guisats, sopes, salses de tom\u00e0quet&#8230; Si tens un restaurant, un obrador o catering contacta amb nosaltres.[\/read_more][\/vc_column_text][\/vc_column][\/vc_row][vc_row full_width=&#8221;stretch_row_content&#8221; equal_height=&#8221;yes&#8221; css=&#8221;.vc_custom_1621321297749{margin-top: 60px !important;}&#8221;][vc_column width=&#8221;1\/4&#8243;][vc_single_image image=&#8221;40222&#8243; img_size=&#8221;full&#8221; alignment=&#8221;center&#8221; onclick=&#8221;custom_link&#8221; link=&#8221;\/ca\/categoria-producte\/conserves\/&#8221;][vc_custom_heading text=&#8221;CONSERVES&#8221; font_container=&#8221;tag:h2|font_size:22px|text_align:center|color:%23a41018|line_height:1.6&#8243; google_fonts=&#8221;font_family:Roboto%3A100%2C100italic%2C300%2C300italic%2Cregular%2Citalic%2C500%2C500italic%2C700%2C700italic%2C900%2C900italic|font_style:500%20bold%20regular%3A500%3Anormal&#8221;][vc_column_text el_class=&#8221;text-justificat&#8221;]La Perla ofereix als seus clients un assortiment de conserves d&#8217;alimentaci\u00f3 africana, conserves d&#8217;alimentaci\u00f3 asi\u00e0tica, conserves d&#8217;alimentaci\u00f3 sud-americana&#8230; [read_more id=&#8221;1&#8243; more=&#8221;Llegir m\u00e9s&#8221; less=&#8221;Llegir menys&#8221;]Les millors conserves importades de la cuina internacional i l\u2019alimentaci\u00f3 global. Algunes conserves amb el segell halal, aptes per al consum de totes les religions.[\/read_more][\/vc_column_text][\/vc_column][vc_column width=&#8221;1\/4&#8243;][vc_single_image image=&#8221;40270&#8243; img_size=&#8221;full&#8221; alignment=&#8221;center&#8221; onclick=&#8221;custom_link&#8221; link=&#8221;\/ca\/categoria-producte\/salses\/&#8221;][vc_custom_heading text=&#8221;SALSES&#8221; font_container=&#8221;tag:h2|font_size:22px|text_align:center|color:%23a41018|line_height:1.6&#8243; google_fonts=&#8221;font_family:Roboto%3A100%2C100italic%2C300%2C300italic%2Cregular%2Citalic%2C500%2C500italic%2C700%2C700italic%2C900%2C900italic|font_style:500%20bold%20regular%3A500%3Anormal&#8221;][vc_column_text el_class=&#8221;text-justificat&#8221;]La Perla incorpora en el seu cat\u00e0leg un ampli assortit de salses, tant salses nacionals com salses d&#8217;importaci\u00f3. Amb elles, podr\u00e0s realitzar gustoses receptes asi\u00e0tiques, africanes, europees i llatinoamericanes. [read_more id=&#8221;1&#8243; more=&#8221;Llegir m\u00e9s&#8221; less=&#8221;Llegir menys&#8221;]Totes elles formen part del nostre cat\u00e0leg de productes \u00e8tnics, productes d&#8217;importaci\u00f3 i alimentaci\u00f3 global. En el nostre cat\u00e0leg trobar\u00e0s salses v\u00e0ries com mostassa, salsa d&#8217;all, llimona espremuda, tahina&#8230;[\/read_more][\/vc_column_text][\/vc_column][vc_column width=&#8221;1\/4&#8243;][vc_single_image image=&#8221;40270&#8243; img_size=&#8221;full&#8221; alignment=&#8221;center&#8221; onclick=&#8221;custom_link&#8221; link=&#8221;\/ca\/categoria-producte\/salses-i-aliments-orientals\/&#8221;][vc_custom_heading text=&#8221;SALSES I ALIMENTS ORIENTALS&#8221; font_container=&#8221;tag:h2|font_size:22px|text_align:center|color:%23a41018|line_height:1.6&#8243; google_fonts=&#8221;font_family:Roboto%3A100%2C100italic%2C300%2C300italic%2Cregular%2Citalic%2C500%2C500italic%2C700%2C700italic%2C900%2C900italic|font_style:500%20bold%20regular%3A500%3Anormal&#8221;][vc_column_text el_class=&#8221;text-justificat&#8221;]Cada vegada existeixen menys fronteres per a la cuina, per aix\u00f2, La Perla distribueix una gran varietat de salses orientals i aliments orientals. [read_more id=&#8221;1&#8243; more=&#8221;Llegir m\u00e9s&#8221; less=&#8221;Llegir menys&#8221;]Tots els productes orientals i salses orientals s\u00f3n de primera qualitat i formen part del nostre cat\u00e0leg de productes \u00e8tnics, productes d&#8217;importaci\u00f3 i alimentaci\u00f3 global. La Perla \u00e9s especialista en importaci\u00f3, distribuci\u00f3 d&#8217;alimentaci\u00f3 i exportaci\u00f3 d&#8217;alimentaci\u00f3.[\/read_more][\/vc_column_text][\/vc_column][vc_column width=&#8221;1\/4&#8243;][vc_single_image image=&#8221;40258&#8243; img_size=&#8221;full&#8221; alignment=&#8221;center&#8221; onclick=&#8221;custom_link&#8221; link=&#8221;\/ca\/categoria-producte\/pastes-de-cacauet\/&#8221;][vc_custom_heading text=&#8221;PASTA DE CACAHUET&#8221; font_container=&#8221;tag:h2|font_size:22px|text_align:center|color:%23a41018|line_height:1.6&#8243; google_fonts=&#8221;font_family:Roboto%3A100%2C100italic%2C300%2C300italic%2Cregular%2Citalic%2C500%2C500italic%2C700%2C700italic%2C900%2C900italic|font_style:500%20bold%20regular%3A500%3Anormal&#8221;][vc_column_text el_class=&#8221;text-justificat&#8221;]La Perla acosta el menjar afric\u00e0 a tots els territoris europeus i internacionals. Un ampli assortiment de marques, varietats i formats de pasta de cacauet seleccionades i produ\u00efdes en origen.[read_more id=&#8221;1&#8243; more=&#8221;Llegir m\u00e9s&#8221; less=&#8221;Llegir menys&#8221;]Totes les pastes de cacauet formen part del nostre cat\u00e0leg de productes \u00e8tnics, productes d&#8217;importaci\u00f3 i alimentaci\u00f3 global.[\/read_more] [\/vc_column_text][\/vc_column][\/vc_row][vc_row full_width=&#8221;stretch_row_content&#8221; equal_height=&#8221;yes&#8221; css=&#8221;.vc_custom_1621321297749{margin-top: 60px !important;}&#8221;][vc_column width=&#8221;1\/4&#8243;][vc_single_image image=&#8221;40202&#8243; img_size=&#8221;full&#8221; alignment=&#8221;center&#8221; onclick=&#8221;custom_link&#8221; link=&#8221;\/ca\/categoria-producte\/olis-i-salses-de-palma\/&#8221;][vc_custom_heading text=&#8221;OLIS I SALSES DE PALMA&#8221; font_container=&#8221;tag:h2|font_size:22px|text_align:center|color:%23a41018|line_height:1.6&#8243; google_fonts=&#8221;font_family:Roboto%3A100%2C100italic%2C300%2C300italic%2Cregular%2Citalic%2C500%2C500italic%2C700%2C700italic%2C900%2C900italic|font_style:500%20bold%20regular%3A500%3Anormal&#8221;][vc_column_text el_class=&#8221;text-justificat&#8221;]La Perla acosta aliments africans a tots els territoris europeus i internacionals. L&#8217;oli de palma i la salsa de palma s\u00f3n productes t\u00edpics de la cuina africana.[read_more id=&#8221;1&#8243; more=&#8221;Llegir m\u00e9s&#8221; less=&#8221;Llegir menys&#8221;]Oferim oli de palma de Guinea, oli de palma de Nig\u00e8ria, oli de palma de Ghana, salsa de palma concentrada i altres olis i salses de palma relacionades. Tot els productes formen part del nostre cat\u00e0leg de productes \u00e8tnics, productes d&#8217;importaci\u00f3 i alimentaci\u00f3 global.[\/read_more] [\/vc_column_text][\/vc_column][vc_column width=&#8221;1\/4&#8243;][vc_single_image image=&#8221;40214&#8243; img_size=&#8221;full&#8221; alignment=&#8221;center&#8221; onclick=&#8221;custom_link&#8221; link=&#8221;\/ca\/categoria-producte\/caldos-halal\/&#8221;][vc_custom_heading text=&#8221;CALDOS HALAL&#8221; font_container=&#8221;tag:h2|font_size:22px|text_align:center|color:%23a41018|line_height:1.6&#8243; google_fonts=&#8221;font_family:Roboto%3A100%2C100italic%2C300%2C300italic%2Cregular%2Citalic%2C500%2C500italic%2C700%2C700italic%2C900%2C900italic|font_style:500%20bold%20regular%3A500%3Anormal&#8221;][vc_column_text el_class=&#8221;text-justificat&#8221;]La Perla t\u00e9 un ampli cat\u00e0leg de brous i sopes halal de les principals marques del mercat com Jumbo o Maggi aptes per a dietes halal.[read_more id=&#8221;1&#8243; more=&#8221;Llegir m\u00e9s&#8221; less=&#8221;Llegir menys&#8221;]Una gran varietat de sabors i formats per a condimentar els plats i donar-los el sabor tradicional de Senegal, Ghana, Nig\u00e8ria, Costa d\u2019Ivory, el Marroc&#8230;[\/read_more][\/vc_column_text][\/vc_column][vc_column width=&#8221;1\/4&#8243;][vc_single_image image=&#8221;40254&#8243; img_size=&#8221;full&#8221; alignment=&#8221;center&#8221; onclick=&#8221;custom_link&#8221; link=&#8221;\/ca\/categoria-producte\/noodles-instantanis-i-fideus-xinos\/&#8221;][vc_custom_heading text=&#8221;NOODLES INSTANTANIS I FIDEUS XINESOS&#8221; font_container=&#8221;tag:h2|font_size:22px|text_align:center|color:%23a41018|line_height:1.6&#8243; google_fonts=&#8221;font_family:Roboto%3A100%2C100italic%2C300%2C300italic%2Cregular%2Citalic%2C500%2C500italic%2C700%2C700italic%2C900%2C900italic|font_style:500%20bold%20regular%3A500%3Anormal&#8221;][vc_column_text el_class=&#8221;text-justificat&#8221;]La Perla distribueix una gran varietat de noodles i fideus orientals. Distribu\u00efm noodles, noodles instantanis, fideus xinesos\u2026[read_more id=&#8221;1&#8243; more=&#8221;Llegir m\u00e9s&#8221; less=&#8221;Llegir menys&#8221;]Tot els aliments s\u00f3n de primera qualitat i formen part del nostre cat\u00e0leg de productes \u00e8tnics, productes d&#8217;importaci\u00f3 i alimentaci\u00f3 global.[\/read_more][\/vc_column_text][\/vc_column][vc_column width=&#8221;1\/4&#8243;][vc_single_image image=&#8221;40250&#8243; img_size=&#8221;full&#8221; alignment=&#8221;center&#8221; onclick=&#8221;custom_link&#8221; link=&#8221;\/ca\/categoria-producte\/llegums-seques-i-fruits-secs\/&#8221;][vc_custom_heading text=&#8221;LLEGUMS I FRUITS SECS&#8221; font_container=&#8221;tag:h2|font_size:22px|text_align:center|color:%23a41018|line_height:1.6&#8243; google_fonts=&#8221;font_family:Roboto%3A100%2C100italic%2C300%2C300italic%2Cregular%2Citalic%2C500%2C500italic%2C700%2C700italic%2C900%2C900italic|font_style:500%20bold%20regular%3A500%3Anormal&#8221;][vc_column_text el_class=&#8221;text-justificat&#8221;]La Perla distribueix una \u00e0mplia gamma de llegums, fruits secs i cereals. Productes alimentaris b\u00e0sics i d&#8217;\u00fas freq\u00fcent en molts tipus de cuina i alimentaci\u00f3. [read_more id=&#8221;1&#8243; more=&#8221;Llegir m\u00e9s&#8221; less=&#8221;Llegir menys&#8221;]Troba en aquesta secci\u00f3 les millors mongetes, p\u00e8sols, black eye beans, cereals importats directament d&#8217;\u00c0frica com el thiacry, thiere, araw, funyo, gari, fufu\u2026 Pur\u00e9 de patata, f\u00e8cula de patata, pound yam, s\u00e8moles, cusc\u00fas, morocho entre molts altres productes, tots ells formen part del nostre cat\u00e0leg de productes \u00e8tnics, productes d&#8217;importaci\u00f3 i alimentaci\u00f3 global.[\/read_more][\/vc_column_text][\/vc_column][\/vc_row][vc_row full_width=&#8221;stretch_row_content&#8221; equal_height=&#8221;yes&#8221; css=&#8221;.vc_custom_1621321297749{margin-top: 60px !important;}&#8221;][vc_column width=&#8221;1\/4&#8243;][vc_single_image image=&#8221;40206&#8243; img_size=&#8221;full&#8221; alignment=&#8221;center&#8221; onclick=&#8221;custom_link&#8221; link=&#8221;\/ca\/categoria-producte\/arros-i-derivats&#8221;][vc_custom_heading text=&#8221;ARR\u00d2S I DERIVATS&#8221; font_container=&#8221;tag:h2|font_size:22px|text_align:center|color:%23a41018|line_height:1.6&#8243; google_fonts=&#8221;font_family:Roboto%3A100%2C100italic%2C300%2C300italic%2Cregular%2Citalic%2C500%2C500italic%2C700%2C700italic%2C900%2C900italic|font_style:500%20bold%20regular%3A500%3Anormal&#8221;][vc_column_text el_class=&#8221;text-justificat&#8221;]La Perla importa arr\u00f2s dels principals pa\u00efsos productors d&#8217;arr\u00f2s i de les principals arrosseres internacionals de Tail\u00e0ndia, Cambodja o l&#8217;\u00cdndia entre altres pa\u00efsos. [read_more id=&#8221;1&#8243; more=&#8221;Llegir m\u00e9s&#8221; less=&#8221;Llegir menys&#8221;]L&#8217;arr\u00f2s \u00e9s un cereal b\u00e0sic i la Perla porta directament dels millors arrossars i ind\u00fastries arrosseres excel\u00b7lents varietats i qualitats d&#8217;arr\u00f2s. Arr\u00f2s perfumat sencer, arr\u00f2s perfumat partit 1 tall o 2 talls, arr\u00f2s glutin\u00f3s, arr\u00f2s vaporitzat, arr\u00f2s basmati vaporitzat, arr\u00f2s basmati, etc.[\/read_more][\/vc_column_text][\/vc_column][vc_column width=&#8221;1\/4&#8243;][vc_single_image image=&#8221;40246&#8243; img_size=&#8221;full&#8221; alignment=&#8221;center&#8221; onclick=&#8221;custom_link&#8221; link=&#8221;\/ca\/categoria-producte\/gra-farines-i-semoles\/&#8221;][vc_custom_heading text=&#8221;GR\u00c0, FARINES I S\u00c8MOLES&#8221; font_container=&#8221;tag:h2|font_size:22px|text_align:center|color:%23a41018|line_height:1.6&#8243; google_fonts=&#8221;font_family:Roboto%3A100%2C100italic%2C300%2C300italic%2Cregular%2Citalic%2C500%2C500italic%2C700%2C700italic%2C900%2C900italic|font_style:500%20bold%20regular%3A500%3Anormal&#8221;][vc_column_text el_class=&#8221;text-justificat&#8221;]La Perla \u00e9s prove\u00efdor de gra, farines i s\u00e8moles nacionals i internacionals. Seleccionats en origen els millors productors de blat de moro, blat, mill, iuca, cocoyam&#8230;[read_more id=&#8221;1&#8243; more=&#8221;Llegir m\u00e9s&#8221; less=&#8221;Llegir menys&#8221;]Productes derivats de la patata com el pur\u00e9 de patata o la f\u00e8cula de patata, pound yam\u2026 Si busques un prove\u00efdor per a la teva botiga o magatzem, contacta amb nosaltres.[\/read_more] [\/vc_column_text][\/vc_column][vc_column width=&#8221;1\/4&#8243;][vc_single_image image=&#8221;40234&#8243; img_size=&#8221;full&#8221; alignment=&#8221;center&#8221; onclick=&#8221;custom_link&#8221; link=&#8221;\/ca\/categoria-producte\/especies-i-condiments\/&#8221;][vc_custom_heading text=&#8221;ESP\u00c8CIES I CONDIMENTS&#8221; font_container=&#8221;tag:h2|font_size:22px|text_align:center|color:%23a41018|line_height:1.6&#8243; google_fonts=&#8221;font_family:Roboto%3A100%2C100italic%2C300%2C300italic%2Cregular%2Citalic%2C500%2C500italic%2C700%2C700italic%2C900%2C900italic|font_style:500%20bold%20regular%3A500%3Anormal&#8221;][vc_column_text el_class=&#8221;text-justificat&#8221;]La Perla ofereix un ampli assortit d&#8217;esp\u00e8cies i condiments internacionals. Totes elles formen part del nostre cat\u00e0leg de productes \u00e8tnics, productes d&#8217;importaci\u00f3 i alimentaci\u00f3 global.[read_more id=&#8221;1&#8243; more=&#8221;Llegir m\u00e9s&#8221; less=&#8221;Llegir menys&#8221;]Si tens una botiga, supermercat, ets distribu\u00efdor o majorista. Tens un restaurant o ind\u00fastria aliment\u00e0ria i buscar un prove\u00efdor d&#8217;alimentaci\u00f3 contacta amb nosaltres.[\/read_more][\/vc_column_text][\/vc_column][vc_column width=&#8221;1\/4&#8243;][vc_single_image image=&#8221;40218&#8243; img_size=&#8221;full&#8221; alignment=&#8221;center&#8221; onclick=&#8221;custom_link&#8221; link=&#8221;\/ca\/categoria-producte\/carn\/&#8221;][vc_custom_heading text=&#8221;CARN&#8221; font_container=&#8221;tag:h2|font_size:22px|text_align:center|color:%23a41018|line_height:1.6&#8243; google_fonts=&#8221;font_family:Roboto%3A100%2C100italic%2C300%2C300italic%2Cregular%2Citalic%2C500%2C500italic%2C700%2C700italic%2C900%2C900italic|font_style:500%20bold%20regular%3A500%3Anormal&#8221;][vc_column_text el_class=&#8221;text-justificat&#8221;]La Perla \u00e9s prove\u00efdor de carn congelada amb certificaci\u00f3 halal. Consulta les refer\u00e8ncies de carn congelada de pollastre, gallina, gall dindi, vedella i cabra halal.[\/vc_column_text][\/vc_column][\/vc_row][vc_row full_width=&#8221;stretch_row_content&#8221; equal_height=&#8221;yes&#8221; css=&#8221;.vc_custom_1621321297749{margin-top: 60px !important;}&#8221;][vc_column width=&#8221;1\/4&#8243;][vc_single_image image=&#8221;40262&#8243; img_size=&#8221;full&#8221; alignment=&#8221;center&#8221; onclick=&#8221;custom_link&#8221; link=&#8221;\/ca\/categoria-producte\/peix&#8221;][vc_custom_heading text=&#8221;PEIX&#8221; font_container=&#8221;tag:h2|font_size:22px|text_align:center|color:%23a41018|line_height:1.6&#8243; google_fonts=&#8221;font_family:Roboto%3A100%2C100italic%2C300%2C300italic%2Cregular%2Citalic%2C500%2C500italic%2C700%2C700italic%2C900%2C900italic|font_style:500%20bold%20regular%3A500%3Anormal&#8221;][vc_column_text el_class=&#8221;text-justificat&#8221;]La Perla t\u00e9 en cat\u00e0leg peix refrigerat i peix congelat especialment seleccionat per al mercat \u00e8tnic.[read_more id=&#8221;1&#8243; more=&#8221;Llegir m\u00e9s&#8221; less=&#8221;Llegir menys&#8221;]Consulta les m\u00e9s de 20 varietats de peix refrigerat i peix congelat quin s&#8217;ajusta m\u00e9s a la demanda dels teus clients.[\/read_more][\/vc_column_text][\/vc_column][vc_column width=&#8221;1\/4&#8243;][vc_single_image image=&#8221;40242&#8243; img_size=&#8221;full&#8221; alignment=&#8221;center&#8221; onclick=&#8221;custom_link&#8221; link=&#8221;\/ca\/categoria-producte\/fruita-i-verdura\/&#8221;][vc_custom_heading text=&#8221;FRUITA I VERDURA&#8221; font_container=&#8221;tag:h2|font_size:22px|text_align:center|color:%23a41018|line_height:1.6&#8243; google_fonts=&#8221;font_family:Roboto%3A100%2C100italic%2C300%2C300italic%2Cregular%2Citalic%2C500%2C500italic%2C700%2C700italic%2C900%2C900italic|font_style:500%20bold%20regular%3A500%3Anormal&#8221;][vc_column_text el_class=&#8221;text-justificat&#8221;]En el nostre cat\u00e0leg disposem de fruita i verdura fresca, i fruita i verdura congelada especialment seleccionada per al mercat \u00e8tnic i alimentaci\u00f3 global.[read_more id=&#8221;1&#8243; more=&#8221;Llegir m\u00e9s&#8221; less=&#8221;Llegir menys&#8221;]Oferim fruita tropical, fruita i verdura africana, fruita i verdura llatinoamericana entre altres productes.[\/read_more][\/vc_column_text][\/vc_column][vc_column width=&#8221;1\/4&#8243;][vc_single_image image=&#8221;40226&#8243; img_size=&#8221;full&#8221; alignment=&#8221;center&#8221; onclick=&#8221;custom_link&#8221; link=&#8221;\/ca\/categoria-producte\/cosmetica-2\/&#8221;][vc_custom_heading text=&#8221;COSM\u00c8TICA&#8221; font_container=&#8221;tag:h2|font_size:22px|text_align:center|color:%23a41018|line_height:1.6&#8243; google_fonts=&#8221;font_family:Roboto%3A100%2C100italic%2C300%2C300italic%2Cregular%2Citalic%2C500%2C500italic%2C700%2C700italic%2C900%2C900italic|font_style:500%20bold%20regular%3A500%3Anormal&#8221;][vc_column_text el_class=&#8221;text-justificat&#8221;]En el nostre cat\u00e0leg de cosm\u00e8tics trobar\u00e0s els productes cosm\u00e8tics b\u00e0sics i essencials per a la comunitat africana, tant cosm\u00e8tics per a la pell com cosm\u00e8tics per al cabell de les principals marques del mercat.[read_more id=&#8221;1&#8243; more=&#8221;Llegir m\u00e9s&#8221; less=&#8221;Llegir menys&#8221;]Murray &amp; Lanman, Queen Helene, Palmer\u2019s, Vaselinne, Dettol, ECO, Cantu, l\u2019Oreal, ORS o Revlon s\u00f3n algunes de les marques que trobar\u00e0s en el nostre cat\u00e0leg.[\/read_more][\/vc_column_text][\/vc_column][vc_column width=&#8221;1\/4&#8243;][vc_single_image image=&#8221;40238&#8243; img_size=&#8221;full&#8221; alignment=&#8221;center&#8221; onclick=&#8221;custom_link&#8221; link=&#8221;\/ca\/categoria-producte\/cabell-artificial\/&#8221;][vc_custom_heading text=&#8221;CABELL ARTIFICIAL&#8221; font_container=&#8221;tag:h2|font_size:22px|text_align:center|color:%23a41018|line_height:1.6&#8243; google_fonts=&#8221;font_family:Roboto%3A100%2C100italic%2C300%2C300italic%2Cregular%2Citalic%2C500%2C500italic%2C700%2C700italic%2C900%2C900italic|font_style:500%20bold%20regular%3A500%3Anormal&#8221;][vc_column_text el_class=&#8221;text-justificat&#8221;]La Perla \u00e9s distribu\u00efdor oficial de cabell artificial o p\u00e8l artificial de la marca X-pression, marca n\u00ba 1 en cabell artificial de fibra de Kanekalon, i tamb\u00e9 distribu\u00efm altres marques i models.[read_more id=&#8221;1&#8243; more=&#8221;Llegir m\u00e9s&#8221; less=&#8221;Llegir menys&#8221;]Tria en el cat\u00e0leg de cosm\u00e8tica de la Perla entre els m\u00e9s de 200 colors i models.[\/read_more][\/vc_column_text][\/vc_column][\/vc_row]<\/p>\n","protected":false},"excerpt":{"rendered":"<p>[vc_row css=&#8221;.vc_custom_1621321040181{margin-top: 30px !important;}&#8221;][vc_column][vc_custom_heading text=&#8221;Si ets distribu\u00efdor o majorista ara pots consultar el nostre cat\u00e0leg complet aqu\u00ed.&#8221; font_container=&#8221;tag:h2|font_size:22px|text_align:center|color:%23333333|line_height:1.6&#8243; google_fonts=&#8221;font_family:Roboto%3A100%2C100italic%2C300%2C300italic%2Cregular%2Citalic%2C500%2C500italic%2C700%2C700italic%2C900%2C900italic|font_style:500%20bold%20regular%3A500%3Anormal&#8221;][vc_zigzag color=&#8221;custom&#8221; el_width=&#8221;10&#8243; el_border_width=&#8221;8&#8243; custom_color=&#8221;#a41018&#8243;][\/vc_column][\/vc_row][vc_row full_width=&#8221;stretch_row_content&#8221; equal_height=&#8221;yes&#8221; css=&#8221;.vc_custom_1621321035380{margin-top:<span class=\"excerpt-hellip\"> [\u2026]<\/span><\/p>\n","protected":false},"author":1,"featured_media":0,"parent":0,"menu_order":0,"comment_status":"closed","ping_status":"closed","template":"","meta":[],"_links":{"self":[{"href":"https:\/\/www.laperlavalles.cat\/ca\/wp-json\/wp\/v2\/pages\/19478"}],"collection":[{"href":"https:\/\/www.laperlavalles.cat\/ca\/wp-json\/wp\/v2\/pages"}],"about":[{"href":"https:\/\/www.laperlavalles.cat\/ca\/wp-json\/wp\/v2\/types\/page"}],"author":[{"embeddable":true,"href":"https:\/\/www.laperlavalles.cat\/ca\/wp-json\/wp\/v2\/users\/1"}],"replies":[{"embeddable":true,"href":"https:\/\/www.laperlavalles.cat\/ca\/wp-json\/wp\/v2\/comments?post=19478"}],"version-history":[{"count":0,"href":"https:\/\/www.laperlavalles.cat\/ca\/wp-json\/wp\/v2\/pages\/19478\/revisions"}],"wp:attachment":[{"href":"https:\/\/www.laperlavalles.cat\/ca\/wp-json\/wp\/v2\/media?parent=19478"}],"curies":[{"name":"wp","href":"https:\/\/api.w.org\/{rel}","templated":true}]}}