{"id":19486,"date":"2019-10-17T21:18:37","date_gmt":"2019-10-17T19:18:37","guid":{"rendered":"http:\/\/lalaperlavnau.bcntic.com\/la-perla\/distribucion\/"},"modified":"2020-05-27T14:28:32","modified_gmt":"2020-05-27T12:28:32","slug":"distribucio","status":"publish","type":"page","link":"https:\/\/www.laperlavalles.cat\/ca\/distribucio\/","title":{"rendered":"Distribuci\u00f3"},"content":{"rendered":"<p>[vc_row][vc_column][vc_row_inner][vc_column_inner][vc_column_text]<\/p>\n<p style=\"text-align: justify;\"><strong>La Perla ofereix un servei log\u00edstic que arriba a tot tipus de clients, tant nacionals com europeus o internacionals.<\/strong> Aix\u00f2 ens permet con\u00e8ixer les necessitats i oportunitats de mercat, benefici que traslladem als nostres clients proporcionant-los els millors productes d&#8217;importaci\u00f3 que els permeten ser competitius.<\/p>\n<p>[\/vc_column_text][\/vc_column_inner][\/vc_row_inner][\/vc_column][\/vc_row][vc_row][vc_column][vc_row_inner][vc_column_inner width=&#8221;1\/3&#8243;][vc_single_image image=&#8221;411&#8243; img_size=&#8221;full&#8221; alignment=&#8221;center&#8221;][vc_custom_heading text=&#8221;Distribuci\u00f3 a Espanya&#8221; font_container=&#8221;tag:h3|text_align:left&#8221;][vc_column_text]<\/p>\n<p style=\"text-align: justify;\"><strong>La Perla disposa d&#8217;un magatzem central de 7000m2 a Barcelona i de quatre delegacions<\/strong> a les zones \u00e8tniques m\u00e9s importants a Espanya. Distribu\u00efm per tot Espanya en 48 hores producte \u00e8tnic sec, fresc o congelat.<\/p>\n<p>[\/vc_column_text][\/vc_column_inner][vc_column_inner width=&#8221;1\/3&#8243;][vc_single_image image=&#8221;414&#8243; img_size=&#8221;full&#8221; alignment=&#8221;center&#8221;][vc_custom_heading text=&#8221;Distribuci\u00f3 a Europa&#8221; font_container=&#8221;tag:h3|text_align:left&#8221;][vc_column_text]<\/p>\n<p style=\"text-align: justify;\"><strong>La Perla proveeix a tot Europa per transport<\/strong> terrestre des de la nostra seu central de Barcelona. Servim des d&#8217;un palet fins a camions complets a tot Europa i en un termini curt.<\/p>\n<p>[\/vc_column_text][\/vc_column_inner][vc_column_inner width=&#8221;1\/3&#8243;][vc_single_image image=&#8221;405&#8243; img_size=&#8221;full&#8221; alignment=&#8221;center&#8221;][vc_custom_heading text=&#8221;Distribuci\u00f3 Internacional&#8221; font_container=&#8221;tag:h3|text_align:left&#8221;][vc_column_text]<\/p>\n<p style=\"text-align: justify;\"><strong>La Perla exporta fora d&#8217;Europa a diferents pa\u00efsos d&#8217;\u00c0frica, Am\u00e8rica i Orient Mitj\u00e0<\/strong> sent el prove\u00efdor de confian\u00e7a dels nostres clients. Exportem contenidors complets des de f\u00e0brica o contenidors mixtes des del nostre estoc regular de Barcelona. Complim amb totes les normatives sanit\u00e0ries i lliurem la documentaci\u00f3 adequada per a despatxar les duanes al pa\u00eds de dest\u00ed.<\/p>\n<p>[\/vc_column_text][\/vc_column_inner][\/vc_row_inner][\/vc_column][\/vc_row][vc_row][vc_column][vc_row_inner][vc_column_inner width=&#8221;1\/3&#8243;][vc_single_image image=&#8221;23591&#8243; img_size=&#8221;full&#8221; alignment=&#8221;center&#8221;][vc_custom_heading text=&#8221;Instal\u00b7lacions&#8221; font_container=&#8221;tag:h3|text_align:left&#8221;][vc_column_text]<\/p>\n<p style=\"text-align: justify;\">La Perla disposa d&#8217;un <strong>magatzem propi de 7000m2<\/strong> al pol\u00edgon Can Jorn de la Roca del Vall\u00e8s. T\u00e9 <strong>8 molls de c\u00e0rrega<\/strong> i capacitat per a m\u00e9s de <strong>10.500 palets<\/strong> per a l&#8217;estoc.<\/p>\n<p>[\/vc_column_text][\/vc_column_inner][vc_column_inner width=&#8221;1\/3&#8243;][vc_single_image image=&#8221;408&#8243; img_size=&#8221;full&#8221; alignment=&#8221;center&#8221;][vc_custom_heading text=&#8221;Transport terrestre&#8221; font_container=&#8221;tag:h3|text_align:left&#8221;][vc_column_text]<\/p>\n<p style=\"text-align: justify;\"><strong>La Perla ha creat una amplia xarxa de distribuci\u00f3 terrestre<\/strong> tant a Espanya com a Europa arribant a qualsevol punt en un temps curt i a un cost molt competitiu.<\/p>\n<p>[\/vc_column_text][\/vc_column_inner][vc_column_inner width=&#8221;1\/3&#8243;][vc_single_image image=&#8221;420&#8243; img_size=&#8221;full&#8221; alignment=&#8221;center&#8221;][vc_custom_heading text=&#8221;Transport mar\u00edtim&#8221; font_container=&#8221;tag:h3|text_align:left&#8221;][vc_column_text]<\/p>\n<p style=\"text-align: justify;\"><strong>El transport mar\u00edtim \u00e9s el mitj\u00e0 m\u00e9s eficient<\/strong> i que ens permet importar els principals productes del nostre cat\u00e0leg. Movem anualment m\u00e9s de 1.000 contenidors. Des dels \u00faltims anys La Perla exporta diversos productes Europeus a \u00c0frica i USA.<\/p>\n<p>[\/vc_column_text][\/vc_column_inner][\/vc_row_inner][\/vc_column][\/vc_row]<\/p>\n","protected":false},"excerpt":{"rendered":"<p>[vc_row][vc_column][vc_row_inner][vc_column_inner][vc_column_text] La Perla ofereix un servei log\u00edstic que arriba a tot tipus de clients, tant nacionals com europeus o internacionals. Aix\u00f2 ens permet con\u00e8ixer les necessitats<span class=\"excerpt-hellip\"> [\u2026]<\/span><\/p>\n","protected":false},"author":1,"featured_media":0,"parent":0,"menu_order":0,"comment_status":"closed","ping_status":"closed","template":"","meta":[],"_links":{"self":[{"href":"https:\/\/www.laperlavalles.cat\/ca\/wp-json\/wp\/v2\/pages\/19486"}],"collection":[{"href":"https:\/\/www.laperlavalles.cat\/ca\/wp-json\/wp\/v2\/pages"}],"about":[{"href":"https:\/\/www.laperlavalles.cat\/ca\/wp-json\/wp\/v2\/types\/page"}],"author":[{"embeddable":true,"href":"https:\/\/www.laperlavalles.cat\/ca\/wp-json\/wp\/v2\/users\/1"}],"replies":[{"embeddable":true,"href":"https:\/\/www.laperlavalles.cat\/ca\/wp-json\/wp\/v2\/comments?post=19486"}],"version-history":[{"count":0,"href":"https:\/\/www.laperlavalles.cat\/ca\/wp-json\/wp\/v2\/pages\/19486\/revisions"}],"wp:attachment":[{"href":"https:\/\/www.laperlavalles.cat\/ca\/wp-json\/wp\/v2\/media?parent=19486"}],"curies":[{"name":"wp","href":"https:\/\/api.w.org\/{rel}","templated":true}]}}