{"id":19488,"date":"2019-10-18T01:52:36","date_gmt":"2019-10-17T23:52:36","guid":{"rendered":"http:\/\/lalaperlavnau.bcntic.com\/la-perla\/nuestras-marcas-etnicas\/"},"modified":"2020-05-29T15:41:51","modified_gmt":"2020-05-29T13:41:51","slug":"les-nostres-marques-etniques","status":"publish","type":"page","link":"https:\/\/www.laperlavalles.cat\/ca\/les-nostres-marques-etniques\/","title":{"rendered":"Les nostres marques \u00e8tniques"},"content":{"rendered":"<p>[vc_row][vc_column][vc_row_inner][vc_column_inner][vc_column_text]<\/p>\n<p style=\"text-align: justify;\"><strong>Amb l&#8217;afany d&#8217;oferir productes de primera qualitat a preus competitius, La Perla ha creat marques pr\u00f2pies que ofereixen la millor relaci\u00f3 qualitat \/ preu, i que complementen el cat\u00e0leg de productes de marques de tercers.<\/strong><\/p>\n<p>[\/vc_column_text][\/vc_column_inner][\/vc_row_inner][\/vc_column][\/vc_row][vc_row][vc_column][vc_row_inner][vc_column_inner width=&#8221;1\/3&#8243;][vc_single_image image=&#8221;474&#8243; img_size=&#8221;full&#8221; alignment=&#8221;center&#8221;][vc_column_text]<\/p>\n<p style=\"text-align: justify;\">WYNDOO \u00e9s una beguda refrescant amb gas Africana. El seu gust dol\u00e7 de cirera i fruits de bosc \u00e9s molt apreciat per la poblaci\u00f3 africana.<\/p>\n<p>[\/vc_column_text][\/vc_column_inner][vc_column_inner width=&#8221;1\/3&#8243;][vc_single_image image=&#8221;450&#8243; img_size=&#8221;full&#8221; alignment=&#8221;center&#8221;][vc_column_text]<\/p>\n<p style=\"text-align: justify;\">Halah \u00e9s la marca de productes de l&#8217;\u00c0frica Occidental de parla franc\u00f2fona de la Perla. Disposem de varis productes com bissap vermell i blanc, Kinkeliba, Baobab, Kouthia, Saka-Saka, Caiena, pebre negre, etc.<\/p>\n<p>[\/vc_column_text][\/vc_column_inner][vc_column_inner width=&#8221;1\/3&#8243;][vc_single_image image=&#8221;471&#8243; img_size=&#8221;full&#8221; alignment=&#8221;center&#8221;][vc_column_text]<\/p>\n<p style=\"text-align: justify;\">Tiga D\u00e8gu\u00e8 \u00e9s la marca de pasta de cacauet de m\u00e0xima qualitat de la Perla. Feta amb 100%\u00a0 cacauet natural i seguint la recepta tradicional africana.<\/p>\n<p>[\/vc_column_text][\/vc_column_inner][\/vc_row_inner][\/vc_column][\/vc_row][vc_row][vc_column][vc_row_inner][vc_column_inner width=&#8221;1\/3&#8243;][vc_single_image image=&#8221;465&#8243; img_size=&#8221;full&#8221; alignment=&#8221;center&#8221;][vc_column_text]<\/p>\n<p style=\"text-align: justify;\">LP African food \u00e9s una marca de la Perla de productes de l&#8217;\u00c0frica Occidental de parla angl\u00f2fona. Disposem de Pur\u00e9 de patata, la F\u00e8cula de patata, farina d&#8217;arr\u00f2s, farina de blat blanca, Morica en gra, llavors de Egus\u00ed en gra, etc.<\/p>\n<p>[\/vc_column_text][\/vc_column_inner][vc_column_inner width=&#8221;1\/3&#8243;][vc_single_image image=&#8221;24656&#8243; img_size=&#8221;full&#8221; alignment=&#8221;center&#8221;][vc_column_text]<\/p>\n<p style=\"text-align: justify;\">The Elements \u00e9s la gamma de productes naturals que fomenten un estil de vida actiu i saludable. La majoria d&#8217;ells estan elaborats amb ingredients 100% naturals, sense colorants, conservants ni sucres afegits.<\/p>\n<p>[\/vc_column_text][\/vc_column_inner][vc_column_inner width=&#8221;1\/3&#8243;][vc_single_image image=&#8221;462&#8243; img_size=&#8221;full&#8221; alignment=&#8221;center&#8221;][vc_column_text]<\/p>\n<p style=\"text-align: justify;\">Els productes de la marca King Africa s\u00f3n productes que venen directes de cor d&#8217; \u00c0frica. Gaudeix del gust 100% afric\u00e0 amb l&#8217;oli de palma, saka saka, bobolo, farina de iuca, folere&#8230;<\/p>\n<p>[\/vc_column_text][\/vc_column_inner][\/vc_row_inner][\/vc_column][\/vc_row][vc_row][vc_column][vc_row_inner][vc_column_inner width=&#8221;1\/3&#8243;][vc_single_image image=&#8221;447&#8243; img_size=&#8221;full&#8221; alignment=&#8221;center&#8221;][vc_column_text]<\/p>\n<p style=\"text-align: justify;\">\u00c9lephant d&#8217;Afrique \u00e9s una marca exclusiva i 100% d&#8217;arrossos. Tria entre una \u00e0mplia gamma d&#8217;arrossos de Tail\u00e0ndia i Cambodja.<\/p>\n<p>[\/vc_column_text][\/vc_column_inner][vc_column_inner width=&#8221;1\/3&#8243;][vc_single_image image=&#8221;456&#8243; img_size=&#8221;full&#8221; alignment=&#8221;center&#8221;][vc_column_text]<\/p>\n<p style=\"text-align: justify;\">Kumba \u00e9s una marca especialitzada en cereals, especialment, el mill. Podr\u00e0s trobar l&#8217;apreciat thiacry, thi\u00e9re, fonde \/ araw i shankal. Dif\u00edcils de trobar fora del mercat local.<\/p>\n<p>[\/vc_column_text][\/vc_column_inner][vc_column_inner width=&#8221;1\/3&#8243;][vc_single_image image=&#8221;468&#8243; img_size=&#8221;full&#8221; alignment=&#8221;center&#8221;][vc_column_text]<\/p>\n<p style=\"text-align: justify;\">Safna \u00e9s una marca africana principalment d&#8217;infusions. Podr\u00e0s trobar flor de l&#8217;hibiscus vermell, hibiscus blanc i la Kinkeliba. Infusions per prendre en fam\u00edlia a baix cost.<\/p>\n<p>[\/vc_column_text][\/vc_column_inner][\/vc_row_inner][\/vc_column][\/vc_row][vc_row][vc_column][vc_row_inner][vc_column_inner width=&#8221;1\/3&#8243;][vc_single_image image=&#8221;24666&#8243; img_size=&#8221;full&#8221; alignment=&#8221;center&#8221;][vc_column_text]<\/p>\n<p style=\"text-align: justify;\">Ayira \u00e9s la nostra nova marca llan\u00e7ada al mercat el 2020 de cosm\u00e8tica africana. Basada principalment en la loci\u00f3 hidratant Hand &amp; Body Lotion Ayira. Una loci\u00f3 per a pells africanes amb una aroma inconfusible.<\/p>\n<p>[\/vc_column_text][\/vc_column_inner][vc_column_inner width=&#8221;1\/3&#8243;][\/vc_column_inner][vc_column_inner width=&#8221;1\/3&#8243;][\/vc_column_inner][\/vc_row_inner][\/vc_column][\/vc_row]<\/p>\n","protected":false},"excerpt":{"rendered":"<p>[vc_row][vc_column][vc_row_inner][vc_column_inner][vc_column_text] Amb l&#8217;afany d&#8217;oferir productes de primera qualitat a preus competitius, La Perla ha creat marques pr\u00f2pies que ofereixen la millor relaci\u00f3 qualitat \/ preu, i<span class=\"excerpt-hellip\"> [\u2026]<\/span><\/p>\n","protected":false},"author":1,"featured_media":0,"parent":0,"menu_order":0,"comment_status":"closed","ping_status":"closed","template":"","meta":[],"_links":{"self":[{"href":"https:\/\/www.laperlavalles.cat\/ca\/wp-json\/wp\/v2\/pages\/19488"}],"collection":[{"href":"https:\/\/www.laperlavalles.cat\/ca\/wp-json\/wp\/v2\/pages"}],"about":[{"href":"https:\/\/www.laperlavalles.cat\/ca\/wp-json\/wp\/v2\/types\/page"}],"author":[{"embeddable":true,"href":"https:\/\/www.laperlavalles.cat\/ca\/wp-json\/wp\/v2\/users\/1"}],"replies":[{"embeddable":true,"href":"https:\/\/www.laperlavalles.cat\/ca\/wp-json\/wp\/v2\/comments?post=19488"}],"version-history":[{"count":0,"href":"https:\/\/www.laperlavalles.cat\/ca\/wp-json\/wp\/v2\/pages\/19488\/revisions"}],"wp:attachment":[{"href":"https:\/\/www.laperlavalles.cat\/ca\/wp-json\/wp\/v2\/media?parent=19488"}],"curies":[{"name":"wp","href":"https:\/\/api.w.org\/{rel}","templated":true}]}}