{"id":19495,"date":"2019-10-23T07:32:15","date_gmt":"2019-10-23T05:32:15","guid":{"rendered":"http:\/\/lalaperlavnau.bcntic.com\/productos-etnicos\/bebidas\/"},"modified":"2020-06-22T18:34:24","modified_gmt":"2020-06-22T16:34:24","slug":"begudes","status":"publish","type":"page","link":"https:\/\/www.laperlavalles.cat\/ca\/productes\/begudes\/","title":{"rendered":"Begudes"},"content":{"rendered":"<p>[vc_row][vc_column][vc_row_inner][vc_column_inner][vc_column_text]<\/p>\n<h1 class=\"page-title\">Begudes<\/h1>\n<div class=\"term-description\">\n<p style=\"text-align: justify;\">Des de La Perla distribu\u00efm un ampli cat\u00e0leg de begudes globals: des de cerveses d\u2019importaci\u00f3 de marques de prestigi internacional com Guinness fins begudes de malta, refrescos, un ampli assortiment en sucs, sucs tropicals o sucs sense sucre afegit. Comptem tamb\u00e9 amb xarops, ess\u00e8ncies, infusions, i fins i tot amb begudes naturals com l\u2019aigua de coco i llet de coco The Elements, begudes n\u00famero 1. Refrescs i begudes instant\u00e0nies per acompanyar els \u00e0pats o festes, i xarops o ess\u00e8ncies per utilitzar en cuina o cockteleria.<\/p>\n<p style=\"text-align: justify;\">M\u00e9s de 100 refer\u00e8ncies en begudes avalen el nostre cat\u00e0leg i estan disponibles per als lineals de botigues i supermercats. Seleccionem i agrupem les begudes per abastir totes les etapes vitals, des de la infantesa, amb sucs i llets, fins a l\u2019etapa adulta, amb cerveses i refrescos, amb o sense alcohol.<\/p>\n<p style=\"text-align: justify;\">Totes elles formen part del nostre cat\u00e0leg de productes \u00e8tnics, productes d\u2019importaci\u00f3 i alimentaci\u00f3 global.<\/p>\n<\/div>\n<p>[\/vc_column_text][\/vc_column_inner][\/vc_row_inner][\/vc_column][\/vc_row][vc_row][vc_column][vc_row_inner][vc_column_inner width=&#8221;1\/4&#8243;][vc_single_image image=&#8221;3418&#8243; img_size=&#8221;full&#8221; alignment=&#8221;center&#8221; onclick=&#8221;custom_link&#8221; link=&#8221;\/ca\/categoria-producte\/begudes\/begudes-refrescants-begudes\/&#8221;][vc_column_text]<\/p>\n<h5 style=\"text-align: center;\">Begudes refrescants<\/h5>\n<p>[\/vc_column_text][\/vc_column_inner][vc_column_inner width=&#8221;1\/4&#8243;][vc_single_image image=&#8221;3422&#8243; img_size=&#8221;full&#8221; alignment=&#8221;center&#8221; onclick=&#8221;custom_link&#8221; link=&#8221;\/ca\/categoria-producte\/begudes\/cerveses-i-begudes-de-malta-begudes\/&#8221;][vc_column_text]<\/p>\n<h5 style=\"text-align: center;\">Cerveses i Begudes de Malta<\/h5>\n<p>[\/vc_column_text][\/vc_column_inner][vc_column_inner width=&#8221;1\/4&#8243;][vc_single_image image=&#8221;3414&#8243; img_size=&#8221;full&#8221; alignment=&#8221;center&#8221; onclick=&#8221;custom_link&#8221; link=&#8221;\/ca\/categoria-producte\/begudes\/aigua-de-coco-begudes\/&#8221;][vc_column_text]<\/p>\n<h5 style=\"text-align: center;\">Begudes de Coco<\/h5>\n<p>[\/vc_column_text][\/vc_column_inner][vc_column_inner width=&#8221;1\/4&#8243;][vc_single_image image=&#8221;3430&#8243; img_size=&#8221;full&#8221; alignment=&#8221;center&#8221; onclick=&#8221;custom_link&#8221; link=&#8221;\/ca\/categoria-producte\/begudes\/te-i-infusions-ca\/&#8221;][vc_column_text]<\/p>\n<h5 style=\"text-align: center;\">Te i Infusions<\/h5>\n<p>[\/vc_column_text][\/vc_column_inner][\/vc_row_inner][vc_row_inner][vc_column_inner width=&#8221;1\/4&#8243;][vc_single_image image=&#8221;3426&#8243; img_size=&#8221;full&#8221; alignment=&#8221;center&#8221; onclick=&#8221;custom_link&#8221; link=&#8221;\/ca\/categoria-producte\/begudes\/xarops-i-essencies-begudes\/&#8221;][vc_column_text]<\/p>\n<h5 style=\"text-align: center;\">Xarops i ess\u00e8ncies<\/h5>\n<p>[\/vc_column_text][\/vc_column_inner][vc_column_inner width=&#8221;1\/4&#8243;][vc_single_image image=&#8221;3434&#8243; img_size=&#8221;full&#8221; alignment=&#8221;center&#8221; onclick=&#8221;custom_link&#8221; link=&#8221;\/ca\/categoria-producte\/begudes\/sucs\/&#8221;][vc_column_text]<\/p>\n<h5 style=\"text-align: center;\">Sucs<\/h5>\n<p>[\/vc_column_text][\/vc_column_inner][vc_column_inner width=&#8221;1\/4&#8243;][\/vc_column_inner][vc_column_inner width=&#8221;1\/4&#8243;][\/vc_column_inner][\/vc_row_inner][\/vc_column][\/vc_row]<\/p>\n","protected":false},"excerpt":{"rendered":"<p>[vc_row][vc_column][vc_row_inner][vc_column_inner][vc_column_text] Begudes Des de La Perla distribu\u00efm un ampli cat\u00e0leg de begudes globals: des de cerveses d\u2019importaci\u00f3 de marques de prestigi internacional com Guinness fins begudes<span class=\"excerpt-hellip\"> [\u2026]<\/span><\/p>\n","protected":false},"author":1,"featured_media":0,"parent":19478,"menu_order":0,"comment_status":"closed","ping_status":"closed","template":"","meta":[],"_links":{"self":[{"href":"https:\/\/www.laperlavalles.cat\/ca\/wp-json\/wp\/v2\/pages\/19495"}],"collection":[{"href":"https:\/\/www.laperlavalles.cat\/ca\/wp-json\/wp\/v2\/pages"}],"about":[{"href":"https:\/\/www.laperlavalles.cat\/ca\/wp-json\/wp\/v2\/types\/page"}],"author":[{"embeddable":true,"href":"https:\/\/www.laperlavalles.cat\/ca\/wp-json\/wp\/v2\/users\/1"}],"replies":[{"embeddable":true,"href":"https:\/\/www.laperlavalles.cat\/ca\/wp-json\/wp\/v2\/comments?post=19495"}],"version-history":[{"count":0,"href":"https:\/\/www.laperlavalles.cat\/ca\/wp-json\/wp\/v2\/pages\/19495\/revisions"}],"up":[{"embeddable":true,"href":"https:\/\/www.laperlavalles.cat\/ca\/wp-json\/wp\/v2\/pages\/19478"}],"wp:attachment":[{"href":"https:\/\/www.laperlavalles.cat\/ca\/wp-json\/wp\/v2\/media?parent=19495"}],"curies":[{"name":"wp","href":"https:\/\/api.w.org\/{rel}","templated":true}]}}