{"id":19505,"date":"2019-10-23T07:49:28","date_gmt":"2019-10-23T05:49:28","guid":{"rendered":"http:\/\/lalaperlavnau.bcntic.com\/productos-etnicos\/lacticos\/"},"modified":"2020-08-29T13:55:43","modified_gmt":"2020-08-29T11:55:43","slug":"lactics","status":"publish","type":"page","link":"https:\/\/www.laperlavalles.cat\/ca\/productes\/lactics\/","title":{"rendered":"L\u00e0ctics"},"content":{"rendered":"<p>[vc_row][vc_column][vc_row_inner][vc_column_inner][vc_column_text]<\/p>\n<h1 class=\"page-title\">L\u00e0ctics<\/h1>\n<div class=\"term-description\">\n<p>El nostre cat\u00e0leg de Productes l\u00e0ctics est\u00e0 format per les principals marques del sector, tant nacional com internacional. Llet en pols Nido, llet en pols Klim, un ampli assortiment en llets condensades, llets evaporades de la prestigiosa marca Nestl\u00e9, amb i sense sucre. Llets infantils Cerelac de Nestl\u00e9. Alternatives a la llet convencional, amb especialitats com la llet de coco The Elements, o batuts de fruites. Tots els productes formen part del nostre cat\u00e0leg de productes \u00e8tnics i productes d\u2019importaci\u00f3.<\/p><\/div>\n<p>[\/vc_column_text][\/vc_column_inner][\/vc_row_inner][\/vc_column][\/vc_row][vc_row][vc_column][vc_row_inner][vc_column_inner width=&#8221;1\/4&#8243;][vc_single_image image=&#8221;3494&#8243; img_size=&#8221;full&#8221; alignment=&#8221;center&#8221; onclick=&#8221;custom_link&#8221; link=&#8221;\/ca\/categoria-producte\/lactics\/llet-condensada-i-evaporada-ca\/&#8221;][vc_column_text]<\/p>\n<h5 style=\"text-align: center;\">Llet condensada i evaporada<\/h5>\n<p>[\/vc_column_text][\/vc_column_inner][vc_column_inner width=&#8221;1\/4&#8243;][vc_single_image image=&#8221;3486&#8243; img_size=&#8221;full&#8221; alignment=&#8221;center&#8221; onclick=&#8221;custom_link&#8221; link=&#8221;\/ca\/categoria-producte\/lactics\/llet-de-coco-i-batuts-ca\/&#8221;][vc_column_text]<\/p>\n<h5 style=\"text-align: center;\">Llet de coco i batuts<\/h5>\n<p>[\/vc_column_text][\/vc_column_inner][vc_column_inner width=&#8221;1\/4&#8243;][vc_single_image image=&#8221;3490&#8243; img_size=&#8221;full&#8221; alignment=&#8221;center&#8221; onclick=&#8221;custom_link&#8221; link=&#8221;\/ca\/categoria-producte\/lactics\/llet-en-pols-ca\/&#8221;][vc_column_text]<\/p>\n<h5 style=\"text-align: center;\">Llet en pols<\/h5>\n<p>[\/vc_column_text][\/vc_column_inner][vc_column_inner width=&#8221;1\/4&#8243;][vc_single_image image=&#8221;3498&#8243; img_size=&#8221;full&#8221; alignment=&#8221;center&#8221; onclick=&#8221;custom_link&#8221; link=&#8221;\/ca\/categoria-producte\/lactics\/llets-infantils-ca&#8221;][vc_column_text]<\/p>\n<h5 style=\"text-align: center;\">Llets infantils<\/h5>\n<p>[\/vc_column_text][\/vc_column_inner][\/vc_row_inner][\/vc_column][\/vc_row]<\/p>\n","protected":false},"excerpt":{"rendered":"<p>[vc_row][vc_column][vc_row_inner][vc_column_inner][vc_column_text] L\u00e0ctics El nostre cat\u00e0leg de Productes l\u00e0ctics est\u00e0 format per les principals marques del sector, tant nacional com internacional. Llet en pols Nido, llet en<span class=\"excerpt-hellip\"> [\u2026]<\/span><\/p>\n","protected":false},"author":1,"featured_media":0,"parent":19478,"menu_order":0,"comment_status":"closed","ping_status":"closed","template":"","meta":[],"_links":{"self":[{"href":"https:\/\/www.laperlavalles.cat\/ca\/wp-json\/wp\/v2\/pages\/19505"}],"collection":[{"href":"https:\/\/www.laperlavalles.cat\/ca\/wp-json\/wp\/v2\/pages"}],"about":[{"href":"https:\/\/www.laperlavalles.cat\/ca\/wp-json\/wp\/v2\/types\/page"}],"author":[{"embeddable":true,"href":"https:\/\/www.laperlavalles.cat\/ca\/wp-json\/wp\/v2\/users\/1"}],"replies":[{"embeddable":true,"href":"https:\/\/www.laperlavalles.cat\/ca\/wp-json\/wp\/v2\/comments?post=19505"}],"version-history":[{"count":0,"href":"https:\/\/www.laperlavalles.cat\/ca\/wp-json\/wp\/v2\/pages\/19505\/revisions"}],"up":[{"embeddable":true,"href":"https:\/\/www.laperlavalles.cat\/ca\/wp-json\/wp\/v2\/pages\/19478"}],"wp:attachment":[{"href":"https:\/\/www.laperlavalles.cat\/ca\/wp-json\/wp\/v2\/media?parent=19505"}],"curies":[{"name":"wp","href":"https:\/\/api.w.org\/{rel}","templated":true}]}}