{"id":19507,"date":"2019-10-23T07:52:22","date_gmt":"2019-10-23T05:52:22","guid":{"rendered":"http:\/\/lalaperlavnau.bcntic.com\/productos-etnicos\/legumbres-frutos-secos-y-cereales\/"},"modified":"2020-06-22T18:47:17","modified_gmt":"2020-06-22T16:47:17","slug":"llegums-fruits-secs-i-cereals","status":"publish","type":"page","link":"https:\/\/www.laperlavalles.cat\/ca\/productes\/llegums-fruits-secs-i-cereals\/","title":{"rendered":"Llegums, fruits secs i cereals"},"content":{"rendered":"<p>[vc_row][vc_column][vc_row_inner][vc_column_inner][vc_column_text]<\/p>\n<h1 class=\"page-title\">Llegums, fruits secs i cereals<\/h1>\n<div class=\"term-description\">\n<p style=\"text-align: justify;\">En aquesta secci\u00f3 La Perla et porta tots els productes referents a llegums, fruits secs i cereals. Productes alimentaris b\u00e0sics en la pir\u00e0mide aliment\u00e0ria i d\u2019\u00fas molt freq\u00fcent en molts tipus de cuina i alimentaci\u00f3. Troba en aquesta secci\u00f3 les millors mongetes, p\u00e8sols, black eye beans, cereals importats directament d\u2019\u00c0frica com el Thiacry, Thiere, Araw, funyo, gari fufu \u2026 Pur\u00e9 de patata, f\u00e8cula de patata, pound yam, s\u00e8moles, cusc\u00fas, morocho entre molts altres productes, tots ells formen part del nostre cat\u00e0leg de productes \u00e8tnics, productes d\u2019importaci\u00f3 i alimentaci\u00f3 global.<\/p>\n<\/div>\n<p>[\/vc_column_text][\/vc_column_inner][\/vc_row_inner][\/vc_column][\/vc_row][vc_row][vc_column][vc_row_inner][vc_column_inner width=&#8221;1\/4&#8243;][vc_single_image image=&#8221;3504&#8243; img_size=&#8221;full&#8221; alignment=&#8221;center&#8221; onclick=&#8221;custom_link&#8221; link=&#8221;\/ca\/categoria-producte\/llegums-fruits-secs-i-cereals\/grans\/&#8221;][vc_column_text]<\/p>\n<h5 style=\"text-align: center;\">Gr\u00e0<\/h5>\n<p>[\/vc_column_text][\/vc_column_inner][vc_column_inner width=&#8221;1\/4&#8243;][vc_single_image image=&#8221;3508&#8243; img_size=&#8221;full&#8221; alignment=&#8221;center&#8221; onclick=&#8221;custom_link&#8221; link=&#8221;\/ca\/categoria-producte\/llegums-fruits-secs-i-cereals\/farines-ca\/&#8221;][vc_column_text]<\/p>\n<h5 style=\"text-align: center;\">Farines<\/h5>\n<p>[\/vc_column_text][\/vc_column_inner][vc_column_inner width=&#8221;1\/4&#8243;][\/vc_column_inner][vc_column_inner width=&#8221;1\/4&#8243;][\/vc_column_inner][\/vc_row_inner][\/vc_column][\/vc_row]<\/p>\n","protected":false},"excerpt":{"rendered":"<p>[vc_row][vc_column][vc_row_inner][vc_column_inner][vc_column_text] Llegums, fruits secs i cereals En aquesta secci\u00f3 La Perla et porta tots els productes referents a llegums, fruits secs i cereals. Productes alimentaris b\u00e0sics<span class=\"excerpt-hellip\"> [\u2026]<\/span><\/p>\n","protected":false},"author":1,"featured_media":0,"parent":19478,"menu_order":0,"comment_status":"closed","ping_status":"closed","template":"","meta":[],"_links":{"self":[{"href":"https:\/\/www.laperlavalles.cat\/ca\/wp-json\/wp\/v2\/pages\/19507"}],"collection":[{"href":"https:\/\/www.laperlavalles.cat\/ca\/wp-json\/wp\/v2\/pages"}],"about":[{"href":"https:\/\/www.laperlavalles.cat\/ca\/wp-json\/wp\/v2\/types\/page"}],"author":[{"embeddable":true,"href":"https:\/\/www.laperlavalles.cat\/ca\/wp-json\/wp\/v2\/users\/1"}],"replies":[{"embeddable":true,"href":"https:\/\/www.laperlavalles.cat\/ca\/wp-json\/wp\/v2\/comments?post=19507"}],"version-history":[{"count":0,"href":"https:\/\/www.laperlavalles.cat\/ca\/wp-json\/wp\/v2\/pages\/19507\/revisions"}],"up":[{"embeddable":true,"href":"https:\/\/www.laperlavalles.cat\/ca\/wp-json\/wp\/v2\/pages\/19478"}],"wp:attachment":[{"href":"https:\/\/www.laperlavalles.cat\/ca\/wp-json\/wp\/v2\/media?parent=19507"}],"curies":[{"name":"wp","href":"https:\/\/api.w.org\/{rel}","templated":true}]}}