{"id":19520,"date":"2019-07-16T07:57:25","date_gmt":"2019-07-16T05:57:25","guid":{"rendered":"http:\/\/lalaperlavnau.bcntic.com\/recetas\/"},"modified":"2019-12-03T18:09:37","modified_gmt":"2019-12-03T17:09:37","slug":"receptes","status":"publish","type":"page","link":"https:\/\/www.laperlavalles.cat\/ca\/receptes\/","title":{"rendered":"Receptes"},"content":{"rendered":"<p>[vc_row][vc_column]<div class=\"Latest_news featured\"><ul class=\"ul-first\"><li class=\"post-19618 post type-post status-publish format-standard has-post-thumbnail hentry category-receptes\"><div class=\"photo\"><a href=\"https:\/\/www.laperlavalles.cat\/ca\/sushi\/\"><img width=\"960\" height=\"750\" src=\"https:\/\/www.laperlavalles.cat\/wp-content\/uploads\/2019\/11\/sushi1-960x750.jpg\" class=\"scale-with-grid wp-post-image\" alt=\"\" loading=\"lazy\" srcset=\"https:\/\/www.laperlavalles.cat\/wp-content\/uploads\/2019\/11\/sushi1-960x750.jpg 960w, https:\/\/www.laperlavalles.cat\/wp-content\/uploads\/2019\/11\/sushi1-1280x1000.jpg 1280w\" sizes=\"(max-width: 960px) 100vw, 960px\" \/><\/a><\/div><div class=\"desc\"><h4><a href=\"https:\/\/www.laperlavalles.cat\/ca\/sushi\/\">Sushi<\/a><\/h4><div class=\"desc_footer\"><span class=\"date\"><i class=\"icon-clock\"><\/i> 20 novembre, 2019<\/span><i class=\"icon-comment-empty-fa\"><\/i> <a href=\"https:\/\/www.laperlavalles.cat\/ca\/sushi\/#respond\" class=\"post-comments\">0<\/a><div class=\"button-love\"><\/div><\/div><div class=\"post-excerpt\">Des de fa anys el sushi \u00e9s un dels plats m\u00e9s populars de el m\u00f3n. El seu or\u00edgen \u00e9s japon\u00e8s i com a ingredient principal utilitza<span class=\"excerpt-hellip\"> [\u2026]<\/span><\/div><\/div><\/li><\/ul><ul class=\"ul-second\"><li class=\"post-19616 post type-post status-publish format-standard has-post-thumbnail hentry category-receptes\"><div class=\"photo\"><a href=\"https:\/\/www.laperlavalles.cat\/ca\/patates-al-curry-amb-oli-de-coco\/\"><img width=\"718\" height=\"393\" src=\"https:\/\/www.laperlavalles.cat\/wp-content\/uploads\/2019\/11\/patatascurry.jpg\" class=\"scale-with-grid wp-post-image\" alt=\"\" loading=\"lazy\" srcset=\"https:\/\/www.laperlavalles.cat\/wp-content\/uploads\/2019\/11\/patatascurry.jpg 718w, https:\/\/www.laperlavalles.cat\/wp-content\/uploads\/2019\/11\/patatascurry-600x328.jpg 600w, https:\/\/www.laperlavalles.cat\/wp-content\/uploads\/2019\/11\/patatascurry-64x35.jpg 64w, https:\/\/www.laperlavalles.cat\/wp-content\/uploads\/2019\/11\/patatascurry-300x164.jpg 300w, https:\/\/www.laperlavalles.cat\/wp-content\/uploads\/2019\/11\/patatascurry-260x142.jpg 260w, https:\/\/www.laperlavalles.cat\/wp-content\/uploads\/2019\/11\/patatascurry-50x27.jpg 50w, https:\/\/www.laperlavalles.cat\/wp-content\/uploads\/2019\/11\/patatascurry-137x75.jpg 137w\" sizes=\"(max-width: 718px) 100vw, 718px\" \/><\/a><\/div><div class=\"desc\"><h5><a href=\"https:\/\/www.laperlavalles.cat\/ca\/patates-al-curry-amb-oli-de-coco\/\">Patates al curry amb oli de coco<\/a><\/h5><div class=\"desc_footer\"><span class=\"date\"><i class=\"icon-clock\"><\/i> 20 novembre, 2019<\/span><i class=\"icon-comment-empty-fa\"><\/i> <a href=\"https:\/\/www.laperlavalles.cat\/ca\/patates-al-curry-amb-oli-de-coco\/#respond\" class=\"post-comments\">0<\/a><div class=\"button-love\"><\/div><\/div><div class=\"post-excerpt\"><\/div><\/div><\/li><li class=\"post-19617 post type-post status-publish format-standard has-post-thumbnail hentry category-receptes\"><div class=\"photo\"><a href=\"https:\/\/www.laperlavalles.cat\/ca\/hummus\/\"><img width=\"960\" height=\"750\" src=\"https:\/\/www.laperlavalles.cat\/wp-content\/uploads\/2019\/11\/hummusgran-960x750.jpg\" class=\"scale-with-grid wp-post-image\" alt=\"\" loading=\"lazy\" srcset=\"https:\/\/www.laperlavalles.cat\/wp-content\/uploads\/2019\/11\/hummusgran-960x750.jpg 960w, https:\/\/www.laperlavalles.cat\/wp-content\/uploads\/2019\/11\/hummusgran-1280x1000.jpg 1280w\" sizes=\"(max-width: 960px) 100vw, 960px\" \/><\/a><\/div><div class=\"desc\"><h5><a href=\"https:\/\/www.laperlavalles.cat\/ca\/hummus\/\">Hummus<\/a><\/h5><div class=\"desc_footer\"><span class=\"date\"><i class=\"icon-clock\"><\/i> 20 novembre, 2019<\/span><i class=\"icon-comment-empty-fa\"><\/i> <a href=\"https:\/\/www.laperlavalles.cat\/ca\/hummus\/#respond\" class=\"post-comments\">0<\/a><div class=\"button-love\"><\/div><\/div><div class=\"post-excerpt\">L&#8217;hummus \u00e9s un aperitiu i una de les receptes m\u00e9s populars de l&#8217;Orient Mitj\u00e0. Es serveix amb pa de pita fresc o torrat, i es compon<span class=\"excerpt-hellip\"> [\u2026]<\/span><\/div><\/div><\/li><li class=\"post-19614 post type-post status-publish format-standard has-post-thumbnail hentry category-receptes\"><div class=\"photo\"><a href=\"https:\/\/www.laperlavalles.cat\/ca\/cuscus-amb-wok-de-verdures-crema-de-cacauet-i-coco\/\"><img width=\"805\" height=\"539\" src=\"https:\/\/www.laperlavalles.cat\/wp-content\/uploads\/2019\/11\/ensalada_cuscus.jpg\" class=\"scale-with-grid wp-post-image\" alt=\"\" loading=\"lazy\" srcset=\"https:\/\/www.laperlavalles.cat\/wp-content\/uploads\/2019\/11\/ensalada_cuscus.jpg 805w, https:\/\/www.laperlavalles.cat\/wp-content\/uploads\/2019\/11\/ensalada_cuscus-600x402.jpg 600w, https:\/\/www.laperlavalles.cat\/wp-content\/uploads\/2019\/11\/ensalada_cuscus-64x43.jpg 64w, https:\/\/www.laperlavalles.cat\/wp-content\/uploads\/2019\/11\/ensalada_cuscus-300x201.jpg 300w, https:\/\/www.laperlavalles.cat\/wp-content\/uploads\/2019\/11\/ensalada_cuscus-768x514.jpg 768w, https:\/\/www.laperlavalles.cat\/wp-content\/uploads\/2019\/11\/ensalada_cuscus-218x146.jpg 218w, https:\/\/www.laperlavalles.cat\/wp-content\/uploads\/2019\/11\/ensalada_cuscus-50x33.jpg 50w, https:\/\/www.laperlavalles.cat\/wp-content\/uploads\/2019\/11\/ensalada_cuscus-112x75.jpg 112w\" sizes=\"(max-width: 805px) 100vw, 805px\" \/><\/a><\/div><div class=\"desc\"><h5><a href=\"https:\/\/www.laperlavalles.cat\/ca\/cuscus-amb-wok-de-verdures-crema-de-cacauet-i-coco\/\">Cusc\u00fas amb wok de verdures, crema de cacauet i coco<\/a><\/h5><div class=\"desc_footer\"><span class=\"date\"><i class=\"icon-clock\"><\/i> 20 novembre, 2019<\/span><i class=\"icon-comment-empty-fa\"><\/i> <a href=\"https:\/\/www.laperlavalles.cat\/ca\/cuscus-amb-wok-de-verdures-crema-de-cacauet-i-coco\/#respond\" class=\"post-comments\">0<\/a><div class=\"button-love\"><\/div><\/div><div class=\"post-excerpt\">El cusc\u00fas \u00e9s un plat tradicional berber fet a base de s\u00e8mola de blat. Podria considerar-se el plat principal de molts pobles del nord d\u2019\u00c0frica, i<span class=\"excerpt-hellip\"> [\u2026]<\/span><\/div><\/div><\/li><li class=\"post-19615 post type-post status-publish format-standard has-post-thumbnail hentry category-receptes\"><div class=\"photo\"><a href=\"https:\/\/www.laperlavalles.cat\/ca\/bizcocho-de-harina-de-arroz-y-yogur-de-soja\/\"><img width=\"722\" height=\"480\" src=\"https:\/\/www.laperlavalles.cat\/wp-content\/uploads\/2019\/11\/bizcocho-con-harina-de-arroz1.jpg\" class=\"scale-with-grid wp-post-image\" alt=\"\" loading=\"lazy\" srcset=\"https:\/\/www.laperlavalles.cat\/wp-content\/uploads\/2019\/11\/bizcocho-con-harina-de-arroz1.jpg 722w, https:\/\/www.laperlavalles.cat\/wp-content\/uploads\/2019\/11\/bizcocho-con-harina-de-arroz1-600x399.jpg 600w, https:\/\/www.laperlavalles.cat\/wp-content\/uploads\/2019\/11\/bizcocho-con-harina-de-arroz1-64x43.jpg 64w, https:\/\/www.laperlavalles.cat\/wp-content\/uploads\/2019\/11\/bizcocho-con-harina-de-arroz1-300x199.jpg 300w, https:\/\/www.laperlavalles.cat\/wp-content\/uploads\/2019\/11\/bizcocho-con-harina-de-arroz1-220x146.jpg 220w, https:\/\/www.laperlavalles.cat\/wp-content\/uploads\/2019\/11\/bizcocho-con-harina-de-arroz1-50x33.jpg 50w, https:\/\/www.laperlavalles.cat\/wp-content\/uploads\/2019\/11\/bizcocho-con-harina-de-arroz1-113x75.jpg 113w\" sizes=\"(max-width: 722px) 100vw, 722px\" \/><\/a><\/div><div class=\"desc\"><h5><a href=\"https:\/\/www.laperlavalles.cat\/ca\/bizcocho-de-harina-de-arroz-y-yogur-de-soja\/\">Bizcocho de harina de arroz y yogur de soja<\/a><\/h5><div class=\"desc_footer\"><span class=\"date\"><i class=\"icon-clock\"><\/i> 20 novembre, 2019<\/span><i class=\"icon-comment-empty-fa\"><\/i> <a href=\"https:\/\/www.laperlavalles.cat\/ca\/bizcocho-de-harina-de-arroz-y-yogur-de-soja\/#respond\" class=\"post-comments\">0<\/a><div class=\"button-love\"><\/div><\/div><div class=\"post-excerpt\">Hi ha infinitat de receptes de pa de pessic elaborades amb moltes varietats de farina. Aquesta recepta est\u00e0 elaborada amb farina d\u2019arr\u00f2s, farina apta per a<span class=\"excerpt-hellip\"> [\u2026]<\/span><\/div><\/div><\/li><li class=\"post-19612 post type-post status-publish format-standard has-post-thumbnail hentry category-receptes\"><div class=\"photo\"><a href=\"https:\/\/www.laperlavalles.cat\/ca\/crema-de-carbassa-i-coco\/\"><img width=\"960\" height=\"750\" src=\"https:\/\/www.laperlavalles.cat\/wp-content\/uploads\/2019\/10\/crema-de-calabaza2-960x750.jpg\" class=\"scale-with-grid wp-post-image\" alt=\"\" loading=\"lazy\" srcset=\"https:\/\/www.laperlavalles.cat\/wp-content\/uploads\/2019\/10\/crema-de-calabaza2-960x750.jpg 960w, https:\/\/www.laperlavalles.cat\/wp-content\/uploads\/2019\/10\/crema-de-calabaza2-1280x1000.jpg 1280w\" sizes=\"(max-width: 960px) 100vw, 960px\" \/><\/a><\/div><div class=\"desc\"><h5><a href=\"https:\/\/www.laperlavalles.cat\/ca\/crema-de-carbassa-i-coco\/\">Crema de carbassa i coco<\/a><\/h5><div class=\"desc_footer\"><span class=\"date\"><i class=\"icon-clock\"><\/i> 17 octubre, 2019<\/span><i class=\"icon-comment-empty-fa\"><\/i> <a href=\"https:\/\/www.laperlavalles.cat\/ca\/crema-de-carbassa-i-coco\/#respond\" class=\"post-comments\">0<\/a><div class=\"button-love\"><\/div><\/div><div class=\"post-excerpt\"><\/div><\/div><\/li><\/ul><\/div>\n[\/vc_column][\/vc_row]<\/p>\n","protected":false},"excerpt":{"rendered":"<p>[vc_row][vc_column][\/vc_column][\/vc_row]<\/p>\n","protected":false},"author":1,"featured_media":0,"parent":0,"menu_order":0,"comment_status":"closed","ping_status":"closed","template":"","meta":[],"_links":{"self":[{"href":"https:\/\/www.laperlavalles.cat\/ca\/wp-json\/wp\/v2\/pages\/19520"}],"collection":[{"href":"https:\/\/www.laperlavalles.cat\/ca\/wp-json\/wp\/v2\/pages"}],"about":[{"href":"https:\/\/www.laperlavalles.cat\/ca\/wp-json\/wp\/v2\/types\/page"}],"author":[{"embeddable":true,"href":"https:\/\/www.laperlavalles.cat\/ca\/wp-json\/wp\/v2\/users\/1"}],"replies":[{"embeddable":true,"href":"https:\/\/www.laperlavalles.cat\/ca\/wp-json\/wp\/v2\/comments?post=19520"}],"version-history":[{"count":0,"href":"https:\/\/www.laperlavalles.cat\/ca\/wp-json\/wp\/v2\/pages\/19520\/revisions"}],"wp:attachment":[{"href":"https:\/\/www.laperlavalles.cat\/ca\/wp-json\/wp\/v2\/media?parent=19520"}],"curies":[{"name":"wp","href":"https:\/\/api.w.org\/{rel}","templated":true}]}}