{"id":19522,"date":"2016-10-12T11:23:19","date_gmt":"2016-10-12T09:23:19","guid":{"rendered":"http:\/\/lalaperlavnau.bcntic.com\/contacto\/"},"modified":"2024-07-30T11:26:29","modified_gmt":"2024-07-30T09:26:29","slug":"contacta","status":"publish","type":"page","link":"https:\/\/www.laperlavalles.cat\/ca\/contacta\/","title":{"rendered":"Contacta amb nosaltres"},"content":{"rendered":"<p>[vc_row css=&#8221;.vc_custom_1721227250108{padding-top: 60px !important;padding-bottom: 60px !important;}&#8221;][vc_column][vc_custom_heading text=&#8221;CONTACTA AMB NOSALTRES&#8221; font_container=&#8221;tag:h1|font_size:65|text_align:center|color:%23a4343a|line_height:1.4em&#8221; google_fonts=&#8221;font_family:Roboto%20Slab%3A100%2C300%2Cregular%2C700|font_style:400%20regular%3A400%3Anormal&#8221;][\/vc_column][\/vc_row][vc_row css=&#8221;.vc_custom_1621899024903{padding-top: 60px !important;}&#8221;][vc_column][vc_gmaps link=&#8221;#E-8_JTNDaWZyYW1lJTIwc3JjJTNEJTIyaHR0cHMlM0ElMkYlMkZ3d3cuZ29vZ2xlLmNvbSUyRm1hcHMlMkZlbWJlZCUzRnBiJTNEJTIxMW0xOCUyMTFtMTIlMjExbTMlMjExZDEwMDMxLjQxNTI0MDU2OTI2NCUyMTJkMi4zMjE4OTMwNTMyMTk1Mzc0JTIxM2Q0MS42MjY0MDEzODU0NzYwNSUyMTJtMyUyMTFmMCUyMTJmMCUyMTNmMCUyMTNtMiUyMTFpMTAyNCUyMTJpNzY4JTIxNGYxMy4xJTIxM20zJTIxMW0yJTIxMXMweDEyYTRjODBjNTE1YTA0MDUlMjUzQTB4ZjcxYjI4ZTA3YTVkMmQ1MiUyMTJzUHJvZHVjdGVzJTI1MjBBbGltZW50YXJpcyUyNTIwTGElMjUyMFBlcmxhJTI1MjBTLkwuJTIxNWUwJTIxM20yJTIxMXNlcyUyMTJzZXMlMjE0djE1NzEzNzMxNTY4ODIlMjE1bTIlMjExc2VzJTIxMnNlcyUyMiUyMHdpZHRoJTNEJTIyMTAwJTI1JTIyJTIwaGVpZ2h0JTNEJTIyNDUwJTIyJTIwZnJhbWVib3JkZXIlM0QlMjIwJTIyJTIwc3R5bGUlM0QlMjJib3JkZXIlM0EwJTNCJTIyJTIwYWxsb3dmdWxsc2NyZWVuJTNEJTIyJTIyJTNFJTNDJTJGaWZyYW1lJTNF&#8221;][\/vc_column][\/vc_row][vc_row][vc_column][vc_row_inner][vc_column_inner][vc_custom_heading text=&#8221;Formulari de contacte&#8221; google_fonts=&#8221;font_family:PT%20Sans%3Aregular%2Citalic%2C700%2C700italic|font_style:400%20regular%3A400%3Anormal&#8221;][\/vc_column_inner][\/vc_row_inner][vc_row_inner][vc_column_inner width=&#8221;2\/3&#8243;]<div role=\"form\" class=\"wpcf7\" id=\"wpcf7-f33810-o1\" lang=\"ca\" dir=\"ltr\">\n<div class=\"screen-reader-response\"><p role=\"status\" aria-live=\"polite\" aria-atomic=\"true\"><\/p> <ul><\/ul><\/div>\n<form action=\"\/ca\/wp-json\/wp\/v2\/pages\/19522#wpcf7-f33810-o1\" method=\"post\" class=\"wpcf7-form init\" novalidate=\"novalidate\" data-status=\"init\">\n<div style=\"display: none;\">\n<input type=\"hidden\" name=\"_wpcf7\" value=\"33810\" \/>\n<input type=\"hidden\" name=\"_wpcf7_version\" value=\"5.6.4\" \/>\n<input type=\"hidden\" name=\"_wpcf7_locale\" value=\"ca\" \/>\n<input type=\"hidden\" name=\"_wpcf7_unit_tag\" value=\"wpcf7-f33810-o1\" \/>\n<input type=\"hidden\" name=\"_wpcf7_container_post\" value=\"0\" \/>\n<input type=\"hidden\" name=\"_wpcf7_posted_data_hash\" value=\"\" \/>\n<input type=\"hidden\" name=\"_wpcf7_recaptcha_response\" value=\"\" \/>\n<\/div>\n<p>Persona de contacte (obligatori)<br \/>\n    <span class=\"wpcf7-form-control-wrap\" data-name=\"tu-nombre\"><input type=\"text\" name=\"tu-nombre\" value=\"\" size=\"40\" class=\"wpcf7-form-control wpcf7-text wpcf7-validates-as-required\" aria-required=\"true\" aria-invalid=\"false\" \/><\/span> <\/p>\n<p>Empresa<br \/>\n    <span class=\"wpcf7-form-control-wrap\" data-name=\"tu-empresa\"><input type=\"text\" name=\"tu-empresa\" value=\"\" size=\"40\" class=\"wpcf7-form-control wpcf7-text\" aria-invalid=\"false\" \/><\/span> <\/p>\n<p>Direcci\u00f3 <br\/><br \/>\n<span class=\"wpcf7-form-control-wrap\" data-name=\"tu-direccion\"><input type=\"text\" name=\"tu-direccion\" value=\"\" size=\"40\" class=\"wpcf7-form-control wpcf7-text\" aria-invalid=\"false\" \/><\/span><\/p>\n<p>Poblaci\u00f3 (obligatori)<br\/><br \/>\n<span class=\"wpcf7-form-control-wrap\" data-name=\"tu-poblacion\"><input type=\"text\" name=\"tu-poblacion\" value=\"\" size=\"40\" class=\"wpcf7-form-control wpcf7-text wpcf7-validates-as-required\" aria-required=\"true\" aria-invalid=\"false\" \/><\/span><\/p>\n<p>Pais (obligatori)<br><br \/>\n<span class=\"wpcf7-form-control-wrap\" data-name=\"tu-pais\"><input type=\"text\" name=\"tu-pais\" value=\"\" size=\"40\" class=\"wpcf7-form-control wpcf7-text wpcf7-validates-as-required\" aria-required=\"true\" aria-invalid=\"false\" \/><\/span><\/p>\n<p>Tel\u00e8fon (obligatori)<\/br><br \/>\n<span class=\"wpcf7-form-control-wrap\" data-name=\"telefono\"><input type=\"tel\" name=\"telefono\" value=\"\" size=\"40\" class=\"wpcf7-form-control wpcf7-text wpcf7-tel wpcf7-validates-as-required wpcf7-validates-as-tel\" aria-required=\"true\" aria-invalid=\"false\" \/><\/span><\/p>\n<p>E-mail (obligatori)<br \/>\n    <span class=\"wpcf7-form-control-wrap\" data-name=\"your-email\"><input type=\"email\" name=\"your-email\" value=\"\" size=\"40\" class=\"wpcf7-form-control wpcf7-text wpcf7-email wpcf7-validates-as-required wpcf7-validates-as-email\" aria-required=\"true\" aria-invalid=\"false\" \/><\/span> <\/p>\n<p>Missatge (obligatori)<br \/>\n    <span class=\"wpcf7-form-control-wrap\" data-name=\"your-message\"><textarea name=\"your-message\" cols=\"40\" rows=\"10\" class=\"wpcf7-form-control wpcf7-textarea wpcf7-validates-as-required\" aria-required=\"true\" aria-invalid=\"false\"><\/textarea><\/span> <\/p>\n<p><span class=\"wpcf7-form-control-wrap\" data-name=\"verificacio-420\"><span class=\"wpcf7-form-control wpcf7-checkbox\"><span class=\"wpcf7-list-item first last\"><input type=\"checkbox\" name=\"verificacio-420[]\" value=\"Accepto rebre informaci\u00f3 comercial, fins i tot per correu electr\u00f2nic.\" \/><span class=\"wpcf7-list-item-label\">Accepto rebre informaci\u00f3 comercial, fins i tot per correu electr\u00f2nic.<\/span><\/span><\/span><\/span><br \/>\n<span class=\"wpcf7-form-control-wrap\" data-name=\"accept-681\"><span class=\"wpcf7-form-control wpcf7-acceptance\"><span class=\"wpcf7-list-item\"><label><input type=\"checkbox\" name=\"accept-681\" value=\"1\" aria-invalid=\"false\" \/><span class=\"wpcf7-list-item-label\">He llegit i accepto la <a href=\"\/ca\/politica-de-privacitat\" target=\"_blank\"> Pol\u00edtica de privacitat <\/a> (*)<\/span><\/label><\/span><\/span><\/span><\/p>\n<p> <strong> * Tots els camps amb * <u> asteriscs <\/u> s\u00f3n obligatoris. <\/strong> <\/p>\n<p><input type=\"submit\" value=\"Enviar\" class=\"wpcf7-form-control has-spinner wpcf7-submit\" \/><\/p>\n<p style=\"display: none !important;\"><label>&#916;<textarea name=\"_wpcf7_ak_hp_textarea\" cols=\"45\" rows=\"8\" maxlength=\"100\"><\/textarea><\/label><input type=\"hidden\" id=\"ak_js_1\" name=\"_wpcf7_ak_js\" value=\"196\"\/><script>document.getElementById( \"ak_js_1\" ).setAttribute( \"value\", ( new Date() ).getTime() );<\/script><\/p><input type='hidden' class='wpcf7-pum' value='{\"closepopup\":false,\"closedelay\":0,\"openpopup\":false,\"openpopup_id\":0}' \/><div class=\"wpcf7-response-output\" aria-hidden=\"true\"><\/div><\/form><\/div>[vc_toggle title=&#8221;Av\u00eds legal&#8221;]<\/p>\n<h4>INFORMACI\u00d3 SOBRE PROTECCI\u00d3 DE DADES COMPRAR LA PERLA &lt;\/ h4&gt;<\/h4>\n<p><strong> Caps <\/strong>: Responem a les seves sol\u00b7licituds i li enviem informaci\u00f3 comercial sobre els nostres productes i serveis, incl\u00f2s el correu electr\u00f2nic. <strong> Legitimaci\u00f3 <\/strong>: Consentiment de l&#8217;interessat. <strong> Destinataris <\/strong>: no es planegen transfer\u00e8ncies de dades. <strong> Drets <\/strong>: Pot retirar el seu consentiment en qualsevol moment, aix\u00ed com accedir, rectificar, suprimir les seves dades i altres drets en <a href=\"mailto:form@laperlavalles.cat\"> form@laperlavalles.cat <\/a>. <strong>Informaci\u00f3 addicional <\/strong>: pot ampliar la informaci\u00f3 a l&#8217;enlla\u00e7 <a href=\"\/ca\/avis-legal\" target=\"_blank\" rel=\"noopener\"> Avisos legals <\/a>.<\/p>\n<p>&nbsp;<\/p>\n<p style=\"text-align: justify;\">La comunicaci\u00f3 enviada quedar\u00e0 incorporada a un fitxer de qu\u00e8 \u00e9s responsable <strong>Productes Alimentaris La Perla SL.<\/strong> Aquesta comunicaci\u00f3 s&#8217;utilitzar\u00e0 exclusivament per tractar les seves dades per atendre la seva sol\u00b7licitud, sempre d&#8217;acord a l&#8217;Reglament (UE) 2016\/679 (RGPD), la Llei Org\u00e0nica 15\/1999 (LOPD) i el Reial Decret 1720\/2007 de desenvolupament de la LOPD ), sobre protecci\u00f3 de dades. Les seves dades no es comunicaran a tercers, excepte per obligaci\u00f3 legal, i es mantindran mentre no sol\u00b7liciti la seva cancel\u00b7laci\u00f3.<br \/>\nEn qualsevol moment vost\u00e8 pot exercir els drets d&#8217;acc\u00e9s, rectificaci\u00f3, portabilitat i oposici\u00f3, o si escau, a la limitaci\u00f3 i \/ o cancel\u00b7laci\u00f3 de el tractament, comunicant-ho per escrit, indicant les seves dades personals a Marie Curie s \/ n 08430, La Roca de l&#8217; Vall\u00e8s o mitjan\u00e7ant un correu electr\u00f2nic a Info@laperlavalles.cat.<\/p>\n<p>[\/vc_toggle][\/vc_column_inner][vc_column_inner width=&#8221;1\/3&#8243;][vc_column_text]<a href=\"http:\/\/www.facebook.com\/laperlaethnicfoods\"><img class=\"alignnone size-full wp-image-256\" src=\"https:\/\/www.laperlavalles.cat\/wp-content\/uploads\/2019\/10\/facebook-logo.png\" alt=\"\" width=\"32\" height=\"32\" \/><\/a> \u00a0 <a href=\"http:\/\/www.linkedin.com\/company\/productes-alimentaris-la-perla-s-l-\"><img class=\"alignnone size-medium wp-image-257\" src=\"https:\/\/www.laperlavalles.cat\/wp-content\/uploads\/2019\/10\/linkedin.png\" alt=\"\" width=\"32\" height=\"32\" \/><\/a>[\/vc_column_text][vc_column_text]<\/p>\n<h3>M\u00e9s Informaci\u00f3<\/h3>\n<p><strong>Productes Alimentaris la Perla S.L.<\/strong><br \/>\n<strong>Adre\u00e7a :<\/strong> C\/ Marie Curie s\/n ( Pol. Ind. Can Jorn) 08430 La Roca del Vall\u00e8s (Barcelona)<br \/>\n<strong>T:<\/strong> 93.840.2004 \/ <strong>F<\/strong>: 93.846.33.46<br \/>\n<strong>Horari de dilluns a dijous<\/strong><br \/>\nMagatzem: 8.00h &#8211; 15.00h<br \/>\nOficina: 8.00h &#8211; 18.00h<br \/>\n<strong>Divendres<\/strong><br \/>\nMagatzem: 8.00h &#8211; 15.00h<br \/>\nOficina: 8.00h &#8211; 16.00h<br \/>\n<a href=\"mailto:info@laperlavalles.cat\"><strong>Email<\/strong><\/a>[\/vc_column_text][\/vc_column_inner][\/vc_row_inner][\/vc_column][\/vc_row][vc_row][vc_column][vc_row_inner][vc_column_inner][vc_custom_heading text=&#8221;Les nostres delegacions&#8221; google_fonts=&#8221;font_family:PT%20Sans%3Aregular%2Citalic%2C700%2C700italic|font_style:400%20regular%3A400%3Anormal&#8221;][\/vc_column_inner][\/vc_row_inner][vc_row_inner][vc_column_inner width=&#8221;1\/2&#8243;][vc_custom_heading text=&#8221;PA\u00cdS BASC, NAVARRA I AST\u00daRIES&#8221; font_container=&#8221;tag:h5|text_align:center&#8221; google_fonts=&#8221;font_family:PT%20Sans%3Aregular%2Citalic%2C700%2C700italic|font_style:400%20regular%3A400%3Anormal&#8221;][vc_gmaps link=&#8221;#E-8_JTNDaWZyYW1lJTIwc3JjJTNEJTIyaHR0cHMlM0ElMkYlMkZ3d3cuZ29vZ2xlLmNvbSUyRm1hcHMlMkZlbWJlZCUzRnBiJTNEJTIxMW0xOCUyMTFtMTIlMjExbTMlMjExZDI5MDcuMjU4NTQ0MjQ5MTUzNiUyMTJkLTIuODkzNjU5Nzg0MDk2OTQ0JTIxM2Q0My4yMjUwMzg2NzkxMzg0NjQlMjEybTMlMjExZjAlMjEyZjAlMjEzZjAlMjEzbTIlMjExaTEwMjQlMjEyaTc2OCUyMTRmMTMuMSUyMTNtMyUyMTFtMiUyMTFzMHhkNGU0ZTg1ZjM2OTkxYjElMjUzQTB4MTVmZWI2YTM3MjFiZDRhNyUyMTJzTGElMjUyME1vcmVuYSUyNTIwUHJvZHVjdG9zJTI1MjBkZSUyNTIwYWxpbWVudGFjaSUyNUMzJTI1QjNuJTI1MjBTLkwuJTIxNWUwJTIxM20yJTIxMXNlcyUyMTJzZXMlMjE0djE1NzIyODAxODA5NzclMjE1bTIlMjExc2VzJTIxMnNlcyUyMiUyMHdpZHRoJTNEJTIyNjAwJTIyJTIwaGVpZ2h0JTNEJTIyNDUwJTIyJTIwZnJhbWVib3JkZXIlM0QlMjIwJTIyJTIwc3R5bGUlM0QlMjJib3JkZXIlM0EwJTNCJTIyJTIwYWxsb3dmdWxsc2NyZWVuJTNEJTIyJTIyJTNFJTNDJTJGaWZyYW1lJTNF&#8221;][vc_column_text]<\/p>\n<div class=\"field field-name-field-text-body field-type-text-long field-label-hidden\">\n<div class=\"field-items\">\n<div class=\"field-item even\" style=\"text-align: center;\"><strong>La Morena Productos de Alimentaci\u00f3n S.L.<\/strong><\/div>\n<div class=\"field-item even\" style=\"text-align: center;\">Pol. Ind. Arteagoiti &#8211; 7 48970 Basauri (Vizcaya) Espa\u00f1a<\/div>\n<div class=\"field-item even\" style=\"text-align: center;\">Tel. 94.401.00.11 \/ Fax 94.401.00.12<\/div>\n<div class=\"field-item even\" style=\"text-align: center;\"><a href=\"mailto:arno@alimentsnaturals.com\">palamorena@palamorena.com<\/a><\/div>\n<\/div>\n<\/div>\n<p>[\/vc_column_text][\/vc_column_inner][vc_column_inner width=&#8221;1\/2&#8243;][vc_custom_heading text=&#8221;ALMERIA&#8221; font_container=&#8221;tag:h5|text_align:center&#8221; google_fonts=&#8221;font_family:PT%20Sans%3Aregular%2Citalic%2C700%2C700italic|font_style:400%20regular%3A400%3Anormal&#8221;][vc_gmaps link=&#8221;#E-8_JTNDaWZyYW1lJTIwc3JjJTNEJTIyaHR0cHMlM0ElMkYlMkZ3d3cuZ29vZ2xlLmNvbSUyRm1hcHMlMkZlbWJlZCUzRnBiJTNEJTIxMW0xOCUyMTFtMTIlMjExbTMlMjExZDMxOTYuMzgzMDU2NDcwMDk5MyUyMTJkLTIuNjIzNjkwMTg0MjUwNDA1JTIxM2QzNi43NjEzNzcwNzk5NTY1MiUyMTJtMyUyMTFmMCUyMTJmMCUyMTNmMCUyMTNtMiUyMTFpMTAyNCUyMTJpNzY4JTIxNGYxMy4xJTIxM20zJTIxMW0yJTIxMXMweGQ3MDZmZmNmZmI5YjI3MyUyNTNBMHhkN2UwNTBjMDU4MzRhMjRkJTIxMnNDYW1pbm8lMjUyMERlcCUyNUMzJTI1QjNzaXRvcyUyNTJDJTI1MjAzMyUyNTJDJTI1MjAwNDc0MCUyNTIwUm9xdWV0YXMlMjUyMGRlJTI1MjBNYXIlMjUyQyUyNTIwQWxtZXIlMjVDMyUyNUFEYSUyMTVlMCUyMTNtMiUyMTFzZXMlMjEyc2VzJTIxNHYxNTcyMjgwNjg5Mzg1JTIxNW0yJTIxMXNlcyUyMTJzZXMlMjIlMjB3aWR0aCUzRCUyMjYwMCUyMiUyMGhlaWdodCUzRCUyMjQ1MCUyMiUyMGZyYW1lYm9yZGVyJTNEJTIyMCUyMiUyMHN0eWxlJTNEJTIyYm9yZGVyJTNBMCUzQiUyMiUyMGFsbG93ZnVsbHNjcmVlbiUzRCUyMiUyMiUzRSUzQyUyRmlmcmFtZSUzRQ==&#8221;][vc_column_text]<\/p>\n<div class=\"field field-name-field-text-body field-type-text-long field-label-hidden\">\n<div class=\"field-items\">\n<div class=\"field-item even\" style=\"text-align: center;\"><strong>Jose L\u00f3pez Fern\u00e1ndez<\/strong><\/div>\n<div class=\"field-item even\" style=\"text-align: center;\">Camino de los Depositos n\u00ba 33 04740 Roquetas de Mar-Almeria Espa\u00f1a<\/div>\n<div class=\"field-item even\" style=\"text-align: center;\">T.629054701 F.95.031.99.96<\/div>\n<div class=\"field-item even\" style=\"text-align: center;\"><a href=\"mailto:roylu49@msn.com\">roylu49@msn.com<\/a><\/div>\n<\/div>\n<\/div>\n<p>[\/vc_column_text][\/vc_column_inner][\/vc_row_inner][vc_row_inner][vc_column_inner width=&#8221;1\/2&#8243;][vc_custom_heading text=&#8221;M\u00daRCIA, CASTELLA LA MANXA I ALACANT&#8221; font_container=&#8221;tag:h5|text_align:center&#8221; google_fonts=&#8221;font_family:PT%20Sans%3Aregular%2Citalic%2C700%2C700italic|font_style:400%20regular%3A400%3Anormal&#8221;][vc_gmaps link=&#8221;#E-8_JTNDaWZyYW1lJTIwc3JjJTNEJTIyaHR0cHMlM0ElMkYlMkZ3d3cuZ29vZ2xlLmNvbSUyRm1hcHMlMkZlbWJlZCUzRnBiJTNEJTIxMW0xOCUyMTFtMTIlMjExbTMlMjExZDMxNTIuNDIxMTA3MTQzMjQ3JTIxMmQtMS4wMTU2NTY1ODQyMjcwNTg4JTIxM2QzNy44MDM2MDQyNzk3NTQyNiUyMTJtMyUyMTFmMCUyMTJmMCUyMTNmMCUyMTNtMiUyMTFpMTAyNCUyMTJpNzY4JTIxNGYxMy4xJTIxM20zJTIxMW0yJTIxMXMweGQ2MzZlMjljZTdkYzNkNSUyNTNBMHgzNmE0MTFlNTQ4OGQ5YzI2JTIxMnNEaXN0cmlvY2VhbiUyNTIwUyUyNTIwTCUyMTVlMCUyMTNtMiUyMTFzZXMlMjEyc2VzJTIxNHYxNTcyMjgwMzkxMTgxJTIxNW0yJTIxMXNlcyUyMTJzZXMlMjIlMjB3aWR0aCUzRCUyMjYwMCUyMiUyMGhlaWdodCUzRCUyMjQ1MCUyMiUyMGZyYW1lYm9yZGVyJTNEJTIyMCUyMiUyMHN0eWxlJTNEJTIyYm9yZGVyJTNBMCUzQiUyMiUyMGFsbG93ZnVsbHNjcmVlbiUzRCUyMiUyMiUzRSUzQyUyRmlmcmFtZSUzRQ==&#8221;][vc_column_text]<\/p>\n<div class=\"field field-name-field-text-body field-type-text-long field-label-hidden\">\n<div class=\"field-items\">\n<div class=\"field-item even\" style=\"text-align: center;\"><strong>DISTRIOCEAN S.L.U.<\/strong><\/div>\n<div class=\"field-item even\" style=\"text-align: center;\">Calle Mensajeros de la Paz &#8211; 21 Pol. Ind. Rold\u00e1n 30709 Rold\u00e1n (Murcia) Espa\u00f1a<\/div>\n<div class=\"field-item even\" style=\"text-align: center;\">Tel. 96.858.97.28<\/div>\n<div class=\"field-item even\" style=\"text-align: center;\"><a href=\"mailto:distrioceanadm@gmail.com\">distrioceanadm@gmail.com<\/a><\/div>\n<\/div>\n<\/div>\n<p>[\/vc_column_text][\/vc_column_inner][vc_column_inner width=&#8221;1\/2&#8243;][vc_custom_heading text=&#8221;VAL\u00c8NCIA&#8221; font_container=&#8221;tag:h5|text_align:center&#8221; google_fonts=&#8221;font_family:PT%20Sans%3Aregular%2Citalic%2C700%2C700italic|font_style:400%20regular%3A400%3Anormal&#8221;][vc_gmaps link=&#8221;#E-8_JTNDaWZyYW1lJTIwc3JjJTNEJTIyaHR0cHMlM0ElMkYlMkZ3d3cuZ29vZ2xlLmNvbSUyRm1hcHMlMkZlbWJlZCUzRnBiJTNEJTIxMW0xOCUyMTFtMTIlMjExbTMlMjExZDMwODEuNDMyMDIxNzg3Nzg1JTIxMmQtMC40OTMxNzc0ODQzMzk2MzkxJTIxM2QzOS40MzY5NjYzNzk0OTExNCUyMTJtMyUyMTFmMCUyMTJmMCUyMTNmMCUyMTNtMiUyMTFpMTAyNCUyMTJpNzY4JTIxNGYxMy4xJTIxM20zJTIxMW0yJTIxMXMweGQ2MDUxMDZlZjkzNTNkZCUyNTNBMHhmMmNiOGU1MzllZjNlZjE1JTIxMnNDYWxsZSUyNTIwZWwlMjUyMFBlcmVsbCUyNUMzJTI1QjMlMjUyQyUyNTIwODYlMjUyQyUyNTIwNDY5MDAlMjUyMFRvcnJlbnQlMjUyQyUyNTIwVmFsZW5jaWElMjE1ZTAlMjEzbTIlMjExc2NhJTIxMnNlcyUyMTR2MTU5MTAyMDA0MTQ0MyUyMTVtMiUyMTFzY2ElMjEyc2VzJTIyJTIwd2lkdGglM0QlMjI2MDAlMjIlMjBoZWlnaHQlM0QlMjI0NTAlMjIlMjBmcmFtZWJvcmRlciUzRCUyMjAlMjIlMjBzdHlsZSUzRCUyMmJvcmRlciUzQTAlM0IlMjIlMjBhbGxvd2Z1bGxzY3JlZW4lM0QlMjIlMjIlMjBhcmlhLWhpZGRlbiUzRCUyMmZhbHNlJTIyJTIwdGFiaW5kZXglM0QlMjIwJTIyJTNFJTNDJTJGaWZyYW1lJTNF&#8221;][vc_column_text]<\/p>\n<div class=\"field field-name-field-text-body field-type-text-long field-label-hidden\">\n<div class=\"field-items\">\n<div class=\"field-item even\" style=\"text-align: center;\"><strong>LEGUMBRES ANDREU<\/strong><\/div>\n<div class=\"field-item even\" style=\"text-align: center;\">Calle El Perell\u00f3 86, Pol. Ind. Mas del Jutge 46900 Torrent (Valencia) Espa\u00f1a<\/div>\n<div class=\"field-item even\" style=\"text-align: center;\">Tel. 722.444.928<\/div>\n<div class=\"field-item even\" style=\"text-align: center;\"><a href=\"mailto:comercial@legumbresandreu.es\">comercial@legumbresandreu.es<\/a><\/div>\n<\/div>\n<\/div>\n<p>[\/vc_column_text][\/vc_column_inner][\/vc_row_inner][\/vc_column][\/vc_row]<\/p>\n","protected":false},"excerpt":{"rendered":"<p>[vc_row css=&#8221;.vc_custom_1721227250108{padding-top: 60px !important;padding-bottom: 60px !important;}&#8221;][vc_column][vc_custom_heading text=&#8221;CONTACTA AMB NOSALTRES&#8221; font_container=&#8221;tag:h1|font_size:65|text_align:center|color:%23a4343a|line_height:1.4em&#8221; google_fonts=&#8221;font_family:Roboto%20Slab%3A100%2C300%2Cregular%2C700|font_style:400%20regular%3A400%3Anormal&#8221;][\/vc_column][\/vc_row][vc_row css=&#8221;.vc_custom_1621899024903{padding-top: 60px !important;}&#8221;][vc_column][vc_gmaps link=&#8221;#E-8_JTNDaWZyYW1lJTIwc3JjJTNEJTIyaHR0cHMlM0ElMkYlMkZ3d3cuZ29vZ2xlLmNvbSUyRm1hcHMlMkZlbWJlZCUzRnBiJTNEJTIxMW0xOCUyMTFtMTIlMjExbTMlMjExZDEwMDMxLjQxNTI0MDU2OTI2NCUyMTJkMi4zMjE4OTMwNTMyMTk1Mzc0JTIxM2Q0MS42MjY0MDEzODU0NzYwNSUyMTJtMyUyMTFmMCUyMTJmMCUyMTNmMCUyMTNtMiUyMTFpMTAyNCUyMTJpNzY4JTIxNGYxMy4xJTIxM20zJTIxMW0yJTIxMXMweDEyYTRjODBjNTE1YTA0MDUlMjUzQTB4ZjcxYjI4ZTA3YTVkMmQ1MiUyMTJzUHJvZHVjdGVzJTI1MjBBbGltZW50YXJpcyUyNTIwTGElMjUyMFBlcmxhJTI1MjBTLkwuJTIxNWUwJTIxM20yJTIxMXNlcyUyMTJzZXMlMjE0djE1NzEzNzMxNTY4ODIlMjE1bTIlMjExc2VzJTIxMnNlcyUyMiUyMHdpZHRoJTNEJTIyMTAwJTI1JTIyJTIwaGVpZ2h0JTNEJTIyNDUwJTIyJTIwZnJhbWVib3JkZXIlM0QlMjIwJTIyJTIwc3R5bGUlM0QlMjJib3JkZXIlM0EwJTNCJTIyJTIwYWxsb3dmdWxsc2NyZWVuJTNEJTIyJTIyJTNFJTNDJTJGaWZyYW1lJTNF&#8221;][\/vc_column][\/vc_row][vc_row][vc_column][vc_row_inner][vc_column_inner][vc_custom_heading text=&#8221;Formulari de contacte&#8221; google_fonts=&#8221;font_family:PT%20Sans%3Aregular%2Citalic%2C700%2C700italic|font_style:400%20regular%3A400%3Anormal&#8221;][\/vc_column_inner][\/vc_row_inner][vc_row_inner][vc_column_inner width=&#8221;2\/3&#8243;][vc_toggle title=&#8221;Av\u00eds legal&#8221;] INFORMACI\u00d3 SOBRE PROTECCI\u00d3 DE<span class=\"excerpt-hellip\"> [\u2026]<\/span><\/p>\n","protected":false},"author":1,"featured_media":0,"parent":0,"menu_order":0,"comment_status":"closed","ping_status":"closed","template":"","meta":[],"_links":{"self":[{"href":"https:\/\/www.laperlavalles.cat\/ca\/wp-json\/wp\/v2\/pages\/19522"}],"collection":[{"href":"https:\/\/www.laperlavalles.cat\/ca\/wp-json\/wp\/v2\/pages"}],"about":[{"href":"https:\/\/www.laperlavalles.cat\/ca\/wp-json\/wp\/v2\/types\/page"}],"author":[{"embeddable":true,"href":"https:\/\/www.laperlavalles.cat\/ca\/wp-json\/wp\/v2\/users\/1"}],"replies":[{"embeddable":true,"href":"https:\/\/www.laperlavalles.cat\/ca\/wp-json\/wp\/v2\/comments?post=19522"}],"version-history":[{"count":6,"href":"https:\/\/www.laperlavalles.cat\/ca\/wp-json\/wp\/v2\/pages\/19522\/revisions"}],"predecessor-version":[{"id":179369,"href":"https:\/\/www.laperlavalles.cat\/ca\/wp-json\/wp\/v2\/pages\/19522\/revisions\/179369"}],"wp:attachment":[{"href":"https:\/\/www.laperlavalles.cat\/ca\/wp-json\/wp\/v2\/media?parent=19522"}],"curies":[{"name":"wp","href":"https:\/\/api.w.org\/{rel}","templated":true}]}}