{"id":35090,"date":"2021-04-01T12:34:43","date_gmt":"2021-04-01T10:34:43","guid":{"rendered":"https:\/\/www.laperlavalles2.bcntic.com\/faqs\/"},"modified":"2024-07-17T16:39:10","modified_gmt":"2024-07-17T14:39:10","slug":"faqs","status":"publish","type":"page","link":"https:\/\/www.laperlavalles.cat\/ca\/faqs\/","title":{"rendered":"Faqs"},"content":{"rendered":"<p>[vc_row css=&#8221;.vc_custom_1721227147059{padding-top: 60px !important;padding-bottom: 60px !important;}&#8221;][vc_column][vc_custom_heading text=&#8221;FAQ&#8217;S&#8221; font_container=&#8221;tag:h1|font_size:65|text_align:center|color:%23a4343a|line_height:1.4em&#8221; google_fonts=&#8221;font_family:Roboto%20Slab%3A100%2C300%2Cregular%2C700|font_style:400%20regular%3A400%3Anormal&#8221;][\/vc_column][\/vc_row][vc_row el_class=&#8221;faqs-seccion&#8221;][vc_column][vc_accordion active_tab=&#8221;false&#8221; collapsible=&#8221;yes&#8221;][vc_accordion_tab title=&#8221;Qui \u00e9s La Perla?&#8221;][vc_column_text el_class=&#8221;.text-justificat&#8221;]La Perla \u00e9s un importador i distribu\u00efdor d&#8217;alimentaci\u00f3 \u00e8tnica, ex\u00f2tica i global.Tamb\u00e9 \u00e9s importador i distribu\u00efdor de cosm\u00e8tica internacional.[\/vc_column_text][\/vc_accordion_tab][vc_accordion_tab title=&#8221;A qui ven La Perla?&#8221;][vc_column_text el_class=&#8221;.text-justificat&#8221;]La Perla \u00fanicament ven a empreses. Si ets majorista d&#8217;alimentaci\u00f3 o distribu\u00efdor d&#8217;alimentaci\u00f3, tens una botiga d&#8217;alimentaci\u00f3, supermercat o un restaurant &#8230; Si formes part d&#8217;una empresa elaboradora d&#8217;alimentaci\u00f3 contacta amb nosaltres.<\/p>\n<p>Si ets majorista de cosm\u00e8tica o distribu\u00efdor de cosm\u00e8tica especialista en cosm\u00e8tica africana, o majorista de p\u00e8l sint\u00e8tic o distribu\u00efdor de p\u00e8l artificial contacta amb nosaltres.[\/vc_column_text][\/vc_accordion_tab][vc_accordion_tab title=&#8221;Ven La Perla a consumidor final?&#8221;][vc_column_text el_class=&#8221;.text-justificat&#8221;]La Perla nom\u00e9s ven a empreses registrades com a clients. No venem productes a consumidors finals.[\/vc_column_text][\/vc_accordion_tab][vc_accordion_tab title=&#8221;Com puc ser client de La Perla?&#8221;][vc_column_text el_class=&#8221;.text-justificat&#8221;]Per ser client de La Perla ha de contactar amb nosaltres omplint el formulari web <a href=\"https:\/\/www.laperlavalles.cat\/ca\/contacta\/\" target=\"_blank\" rel=\"noopener\"><strong>&#8220;contacta amb nosaltres&#8221;<\/strong><\/a> de men\u00fa contacte. Un cop rebem el seu formulari de contacte amb totes les seves dades, un responsable comercial es posar\u00e0 en contacte amb vost\u00e8.[\/vc_column_text][\/vc_accordion_tab][vc_accordion_tab title=&#8221;Com puc saber el preu dels productes?&#8221;][vc_column_text el_class=&#8221;.text-justificat&#8221;]A la web no publiquem els nostres preus a causa de la gran varietat de clients que tenim. Un cop sigui client de La Perla, el responsable comercial del seu compte li facilitar\u00e0 les tarifes dels productes. A m\u00e9s, pot veure els preus en els albarans o factures de compra.[\/vc_column_text][\/vc_accordion_tab][vc_accordion_tab title=&#8221;S\u00f3c transportista i he d\u2019entregar una mercaderia.&#8221;][vc_column_text el_class=&#8221;.text-justificat&#8221;]Si ets transportista i has de lliurar una mercaderia a La Perla has de fer-ho a les nostres instal\u00b7lacions de c\/Marie Curie s\/n Pol. Ind. Can Jorn de la Roca del Vall\u00e8s dins l&#8217;horari de magatzem 8:00-15:00.h[\/vc_column_text][\/vc_accordion_tab][vc_accordion_tab title=&#8221;Vull oferir els meus productes o serveis a la Perla&#8221;][vc_column_text el_class=&#8221;.text-justificat&#8221;]Si vol oferir els seus productes o serveis a la Perla pot contactar amb nosaltres mitjan\u00e7ant el formulari web <strong><a href=\"\/ca\/contacte\" target=\"_blank\" rel=\"noopener\">&#8220;contacta amb nosaltres&#8221;<\/a><\/strong> de men\u00fa contacte. Un cop rebem el formulari de contacte el responsable de compres o serveis contactar\u00e0 amb vost\u00e8.[\/vc_column_text][\/vc_accordion_tab][vc_accordion_tab title=&#8221;Vull presentar un queixa sobre un producte o entrega de producte&#8221;][vc_column_text el_class=&#8221;.text-justificat&#8221;]Si vol presentar una queixa sobre un producte o entrega de producte ha de contactar amb el seu gestor comercial. En cas que hi hagi desperfectes de producte derivats del transport ho ha de notificar en el mateix albar\u00e0 de lliurament que facilita el transportista i comunicar-ho immediatament al seu gestor comercial.[\/vc_column_text][\/vc_accordion_tab][vc_accordion_tab title=&#8221;Vull tornar productes comprats a La Perla. Com ho faig?&#8221;][vc_column_text el_class=&#8221;.text-justificat&#8221;]Els productes a retornar s&#8217;han de presentar a les mateixes condicions amb qu\u00e8 es van lliurar: caixa, unitats, mode de conservaci\u00f3 per a productes frescos, refrigerats o congelats.<br \/>\nTerminis de devoluci\u00f3:<\/p>\n<p>-15 dies des de data de recepci\u00f3 excepte per producte fresc que s\u00f3n 24 hores data de recepci\u00f3.<\/p>\n<p>Per procedir amb la devoluci\u00f3 ha de contactar amb el seu gestor comercial i l&#8217;informar\u00e0 del procediment a seguir.[\/vc_column_text][\/vc_accordion_tab][vc_accordion_tab title=&#8221;Com puc saber quins productes ven La Perla?&#8221;][vc_column_text el_class=&#8221;.text-justificat&#8221;]Per con\u00e8ixer el cat\u00e0leg complet que ofereix La Perla pot visitar la secci\u00f3 <strong><a href=\"\/ca\/productes\" target=\"_blank\" rel=\"noopener\">&#8220;Productes&#8221;<\/a><\/strong> i navegar a trav\u00e9s per totes les categories i subcategories de productes, o b\u00e9 pot visitar la secci\u00f3 <strong><a href=\"\/ca\/catalegs\" target=\"_blank\" rel=\"noopener\">&#8220;Cat\u00e0leg&#8221;<\/a><\/strong> per descarregar en PDF els cat\u00e0legs anuals de la Perla.[\/vc_column_text][\/vc_accordion_tab][vc_accordion_tab title=&#8221;Compleixen amb els est\u00e0ndards de qualitat els productes de la Perla?&#8221;][vc_column_text el_class=&#8221;.text-justificat&#8221;]Tots els productes alimentaris, productes cosm\u00e8tics i cabell artificial que ven La Perla prov\u00e9 de productors i fabricants que compleixen amb les normes de producci\u00f3, envasat, etiquetatge i distribuci\u00f3. Per a m\u00e9s informaci\u00f3 pot consultar les fitxes t\u00e8cniques dels productes supervisades pel nostre equip de qualitat. A m\u00e9s, pot visitar la nostra <a href=\"\/wp-content\/uploads\/2020\/02\/Politica-de-seguretat-alimentaria.pdf\"><strong>pol\u00edtica de seguretat<\/strong><\/a>.[\/vc_column_text][\/vc_accordion_tab][\/vc_accordion][\/vc_column][\/vc_row]<\/p>\n","protected":false},"excerpt":{"rendered":"<p>[vc_row css=&#8221;.vc_custom_1721227147059{padding-top: 60px !important;padding-bottom: 60px !important;}&#8221;][vc_column][vc_custom_heading text=&#8221;FAQ&#8217;S&#8221; font_container=&#8221;tag:h1|font_size:65|text_align:center|color:%23a4343a|line_height:1.4em&#8221; google_fonts=&#8221;font_family:Roboto%20Slab%3A100%2C300%2Cregular%2C700|font_style:400%20regular%3A400%3Anormal&#8221;][\/vc_column][\/vc_row][vc_row el_class=&#8221;faqs-seccion&#8221;][vc_column][vc_accordion active_tab=&#8221;false&#8221; collapsible=&#8221;yes&#8221;][vc_accordion_tab title=&#8221;Qui \u00e9s La Perla?&#8221;][vc_column_text el_class=&#8221;.text-justificat&#8221;]La Perla \u00e9s un importador i distribu\u00efdor d&#8217;alimentaci\u00f3 \u00e8tnica, ex\u00f2tica<span class=\"excerpt-hellip\"> [\u2026]<\/span><\/p>\n","protected":false},"author":1,"featured_media":0,"parent":0,"menu_order":0,"comment_status":"closed","ping_status":"closed","template":"","meta":[],"_links":{"self":[{"href":"https:\/\/www.laperlavalles.cat\/ca\/wp-json\/wp\/v2\/pages\/35090"}],"collection":[{"href":"https:\/\/www.laperlavalles.cat\/ca\/wp-json\/wp\/v2\/pages"}],"about":[{"href":"https:\/\/www.laperlavalles.cat\/ca\/wp-json\/wp\/v2\/types\/page"}],"author":[{"embeddable":true,"href":"https:\/\/www.laperlavalles.cat\/ca\/wp-json\/wp\/v2\/users\/1"}],"replies":[{"embeddable":true,"href":"https:\/\/www.laperlavalles.cat\/ca\/wp-json\/wp\/v2\/comments?post=35090"}],"version-history":[{"count":6,"href":"https:\/\/www.laperlavalles.cat\/ca\/wp-json\/wp\/v2\/pages\/35090\/revisions"}],"predecessor-version":[{"id":179237,"href":"https:\/\/www.laperlavalles.cat\/ca\/wp-json\/wp\/v2\/pages\/35090\/revisions\/179237"}],"wp:attachment":[{"href":"https:\/\/www.laperlavalles.cat\/ca\/wp-json\/wp\/v2\/media?parent=35090"}],"curies":[{"name":"wp","href":"https:\/\/api.w.org\/{rel}","templated":true}]}}