{"id":39229,"date":"2019-10-17T17:21:43","date_gmt":"2019-10-17T15:21:43","guid":{"rendered":"https:\/\/www.laperlavalles2.bcntic.com\/la-perla\/"},"modified":"2024-08-01T08:27:11","modified_gmt":"2024-08-01T06:27:11","slug":"qui-som","status":"publish","type":"page","link":"https:\/\/www.laperlavalles.cat\/ca\/qui-som\/","title":{"rendered":"Qui som"},"content":{"rendered":"<p>[vc_row full_width=&#8221;stretch_row_content_no_spaces&#8221;][vc_column][vc_single_image image=&#8221;179387&#8243; img_size=&#8221;large&#8221; alignment=&#8221;center&#8221;][\/vc_column][\/vc_row][vc_row][vc_column][vc_custom_heading text=&#8221;Qui som&#8221; font_container=&#8221;tag:h1|font_size:26px|text_align:center|color:%23333333|line_height:1.6&#8243; google_fonts=&#8221;font_family:Roboto%20Slab%3A100%2C300%2Cregular%2C700|font_style:700%20bold%20regular%3A700%3Anormal&#8221;][\/vc_column][\/vc_row][vc_row full_width=&#8221;stretch_row_content_no_spaces&#8221;][vc_column][vc_row_inner content_placement=&#8221;top&#8221; el_class=&#8221;laperla-row-1200&#8243; css=&#8221;.vc_custom_1620727267995{margin-top: 30px !important;margin-bottom: 30px !important;}&#8221;][vc_column_inner css=&#8221;.vc_custom_1620363673110{margin-top: 30px !important;margin-bottom: 30px !important;}&#8221;][vc_column_text]<\/p>\n<p style=\"text-align: center;\"><strong>La Perla \u00e9s una empresa especialitzada en la importaci\u00f3 i distribuci\u00f3 de productes alimentaris i cosm\u00e8tics internacionals<\/strong>. Importem directament d&#8217;\u00c0frica, \u00c0sia, Am\u00e8rica i Europa, i distribu\u00efm a nivell nacional i internacional, traslladant aliments d&#8217;arreu del m\u00f3n a majoristes, distribu\u00efdors i fabricants. El nostre equip est\u00e0 format per m\u00e9s de 50 persones a Espanya amb seu a Barcelona, \u200b\u200bi quatre delegacions comercials: Val\u00e8ncia, Almeria, M\u00farcia i el Pa\u00eds Basc.<\/p>\n<p>[\/vc_column_text][vc_column_text]<\/p>\n<p style=\"text-align: center;\">Treballem al sector de l&#8217;alimentaci\u00f3 <strong>des de 1997<\/strong> i representem les principals marques d&#8217;alimentaci\u00f3 ex\u00f2tica i internacional del mercat com <strong>Nestl\u00e9, Aroy-D, Guinness, FOCO, Lipton o Jumbo<\/strong>. Marques amb una forta pres\u00e8ncia local a pa\u00efsos d&#8217;\u00c0frica o \u00c0sia i gr\u00e0cies al nostre s\u00f2lid sistema log\u00edstic podem oferir aliments globals a pr\u00e0cticament tots els pa\u00efsos del m\u00f3n. Treballem m\u00e0 a m\u00e0 amb les principals marques del sector, disposant tamb\u00e9 d&#8217;una cartera de marques pr\u00f2pies produ\u00efdes internacionalment per tal que l&#8217;alimentaci\u00f3 preservi el sabor i l&#8217;ess\u00e8ncia del pa\u00eds d&#8217;origen. Algunes de les nostres marques s\u00f3n: <strong>Halah, Tiga D\u00e8gu\u00e8, LP African Foods, King Africa, Kumba, Safna o The Elements<\/strong> entre d&#8217;altres.<\/p>\n<p>[\/vc_column_text][vc_column_text]<\/p>\n<blockquote>\n<h4 style=\"text-align: center;\">La nostra experi\u00e8ncia i llarga traject\u00f2ria en el mercat internacional d&#8217;alimentaci\u00f3 i cosm\u00e8tica fan de La Perla el vostre soci ideal.<\/h4>\n<\/blockquote>\n<p>[\/vc_column_text][\/vc_column_inner][\/vc_row_inner][\/vc_column][\/vc_row][vc_row full_width=&#8221;stretch_row_content_no_spaces&#8221; css=&#8221;.vc_custom_1721227931527{background-color: #a4343a !important;}&#8221;][vc_column][vc_row_inner el_class=&#8221;laperla-row-1200&#8243; css=&#8221;.vc_custom_1721228073596{padding-bottom: 35px !important;background-color: #a4343a !important;}&#8221;][vc_column_inner width=&#8221;1\/2&#8243;][vc_column_text el_class=&#8221;puntos-iconos-home&#8221;]<img class=\"alignnone size-full\" src=\"\/wp-content\/uploads\/2024\/07\/catalogo.png\" alt=\"\" width=\"92\" height=\"92\" \/><\/p>\n<p>Un cat\u00e0leg de m\u00e9s de 1.300 refer\u00e8ncies[\/vc_column_text][vc_column_text el_class=&#8221;puntos-iconos-home&#8221;]<img class=\"alignnone size-full\" src=\"\/wp-content\/uploads\/2024\/07\/red.png\" alt=\"\" width=\"92\" height=\"92\" \/><\/p>\n<p>La Perla disposa d&#8217;un magatzem propi de 7000m2,<br \/>\namb 8 molls de c\u00e0rrega i capacitat per a 10.500 palets d&#8217;estoc.[\/vc_column_text][vc_column_text el_class=&#8221;puntos-iconos-home&#8221;]<img class=\"alignnone size-full\" src=\"\/wp-content\/uploads\/2024\/07\/clasificacion.png\" alt=\"\" width=\"92\" height=\"92\" \/><\/p>\n<p>Cartera comercial de m\u00e9s de 5000 botigues i m\u00e9s de 200 majoristes[\/vc_column_text][\/vc_column_inner][vc_column_inner width=&#8221;1\/2&#8243;][vc_column_text el_class=&#8221;puntos-iconos-home&#8221;]<img class=\"alignnone size-full\" src=\"\/wp-content\/uploads\/2024\/07\/recompensa.png\" alt=\"\" width=\"92\" height=\"92\" \/><\/p>\n<p>Prove\u00efdor de les principals empreses espanyoles que formen part<br \/>\nde la ind\u00fastria aliment\u00e0ria[\/vc_column_text][vc_column_text el_class=&#8221;puntos-iconos-home&#8221;]<img class=\"alignnone size-full\" src=\"\/wp-content\/uploads\/2024\/07\/camion-de-reparto.png\" alt=\"\" width=\"92\" height=\"92\" \/><\/p>\n<p>Prove\u00efdor de m\u00e9s de 500 empreses de distribuci\u00f3 d&#8217;aliments<br \/>\na Europa i la resta de continents[\/vc_column_text][vc_column_text el_class=&#8221;puntos-iconos-home&#8221;]<img class=\"alignnone size-full\" src=\"\/wp-content\/uploads\/2024\/07\/unido.png\" alt=\"\" width=\"92\" height=\"92\" \/><\/p>\n<p>Xarxa de distribuci\u00f3 log\u00edstica s\u00f2lida, mar\u00edtima i a\u00e8ria[\/vc_column_text][\/vc_column_inner][\/vc_row_inner][\/vc_column][\/vc_row][vc_row][vc_column][vc_custom_heading text=&#8221;La nostra missi\u00f3?&#8221; font_container=&#8221;tag:h2|font_size:22px|text_align:center|color:%23333333|line_height:1.6&#8243; google_fonts=&#8221;font_family:Roboto%20Slab%3A100%2C300%2Cregular%2C700|font_style:700%20bold%20regular%3A700%3Anormal&#8221; css_animation=&#8221;fadeIn&#8221;][\/vc_column][\/vc_row][vc_row][vc_column][vc_row_inner equal_height=&#8221;yes&#8221; css=&#8221;.vc_custom_1620364564459{border-bottom-width: 2px !important;border-bottom-color: #eeeeee !important;border-bottom-style: solid !important;}&#8221;][vc_column_inner width=&#8221;1\/2&#8243;][vc_column_text el_class=&#8221;text-justificat&#8221;]L&#8217;objectiu principal de La Perla \u00e9s <strong>apropar i distribuir a tot el m\u00f3n aliments \u00e8tnics i ex\u00f2tics de qualitat a nivell internacional<\/strong>. Garantir que la riquesa culin\u00e0ria de tots els pa\u00efsos es pot trobar a totes les parts del m\u00f3n, sense excepci\u00f3. A m\u00e9s, les noves tend\u00e8ncies culin\u00e0ries fan que el menjar ex\u00f2tic <strong>formi part de totes les cuines i restaurants nacionals i internacionals<\/strong>.[\/vc_column_text][\/vc_column_inner][vc_column_inner width=&#8221;1\/2&#8243;][vc_column_text el_class=&#8221;text-justificat&#8221;]La Perla s&#8217;ha convertit en <strong>un dels importadors \u00e8tnics europeus m\u00e9s importants<\/strong>, sent un referent en la importaci\u00f3 i distribuci\u00f3 d&#8217;aliments \u00e8tnics. Seleccionem en origen els <strong>millors productes \u00e8tnics<\/strong> amb est\u00e0ndards d&#8217;<strong>alta qualitat<\/strong>.[\/vc_column_text][\/vc_column_inner][\/vc_row_inner][\/vc_column][\/vc_row][vc_row][vc_column][vc_row_inner][vc_column_inner][vc_column_text]<\/p>\n<blockquote>\n<h4 class=\"link-granate\" style=\"text-align: center;\"><a href=\"\/ca\/contacta\">Contacta&#8217;ns<\/a> i el nostre equip d&#8217;experts t&#8217;ajudar\u00e0.<\/h4>\n<\/blockquote>\n<p>[\/vc_column_text][\/vc_column_inner][\/vc_row_inner][\/vc_column][\/vc_row]<\/p>\n","protected":false},"excerpt":{"rendered":"<p>[vc_row full_width=&#8221;stretch_row_content_no_spaces&#8221;][vc_column][vc_single_image image=&#8221;179387&#8243; img_size=&#8221;large&#8221; alignment=&#8221;center&#8221;][\/vc_column][\/vc_row][vc_row][vc_column][vc_custom_heading text=&#8221;Qui som&#8221; font_container=&#8221;tag:h1|font_size:26px|text_align:center|color:%23333333|line_height:1.6&#8243; google_fonts=&#8221;font_family:Roboto%20Slab%3A100%2C300%2Cregular%2C700|font_style:700%20bold%20regular%3A700%3Anormal&#8221;][\/vc_column][\/vc_row][vc_row full_width=&#8221;stretch_row_content_no_spaces&#8221;][vc_column][vc_row_inner content_placement=&#8221;top&#8221; el_class=&#8221;laperla-row-1200&#8243; css=&#8221;.vc_custom_1620727267995{margin-top: 30px !important;margin-bottom: 30px !important;}&#8221;][vc_column_inner css=&#8221;.vc_custom_1620363673110{margin-top: 30px !important;margin-bottom: 30px !important;}&#8221;][vc_column_text] La Perla \u00e9s una<span class=\"excerpt-hellip\"> [\u2026]<\/span><\/p>\n","protected":false},"author":1,"featured_media":0,"parent":0,"menu_order":0,"comment_status":"closed","ping_status":"closed","template":"","meta":[],"_links":{"self":[{"href":"https:\/\/www.laperlavalles.cat\/ca\/wp-json\/wp\/v2\/pages\/39229"}],"collection":[{"href":"https:\/\/www.laperlavalles.cat\/ca\/wp-json\/wp\/v2\/pages"}],"about":[{"href":"https:\/\/www.laperlavalles.cat\/ca\/wp-json\/wp\/v2\/types\/page"}],"author":[{"embeddable":true,"href":"https:\/\/www.laperlavalles.cat\/ca\/wp-json\/wp\/v2\/users\/1"}],"replies":[{"embeddable":true,"href":"https:\/\/www.laperlavalles.cat\/ca\/wp-json\/wp\/v2\/comments?post=39229"}],"version-history":[{"count":9,"href":"https:\/\/www.laperlavalles.cat\/ca\/wp-json\/wp\/v2\/pages\/39229\/revisions"}],"predecessor-version":[{"id":179392,"href":"https:\/\/www.laperlavalles.cat\/ca\/wp-json\/wp\/v2\/pages\/39229\/revisions\/179392"}],"wp:attachment":[{"href":"https:\/\/www.laperlavalles.cat\/ca\/wp-json\/wp\/v2\/media?parent=39229"}],"curies":[{"name":"wp","href":"https:\/\/api.w.org\/{rel}","templated":true}]}}