{"id":115224,"date":"2022-02-18T17:01:56","date_gmt":"2022-02-18T16:02:00","guid":{"rendered":"https:\/\/www.laperlavalles.cat\/product\/cigrons-cuits-mocitos\/"},"modified":"2024-07-02T21:40:06","modified_gmt":"2024-07-02T19:40:06","slug":"cigrons-cuits-mocitos","status":"publish","type":"product","link":"https:\/\/www.laperlavalles.cat\/ca\/producte\/cigrons-cuits-mocitos\/","title":{"rendered":"CIGRONS CUITS MOCITOS"},"content":{"rendered":"<p>La Perla \u00e9s prove\u00efdor de llegums, prove\u00efdor de fruita seca i altres aliments. Al nostre cat\u00e0leg podr\u00e0s trobar llegums a granel i llegums en conserva.<\/p>\n","protected":false},"excerpt":{"rendered":"<p>La Perla \u00e9s prove\u00efdor de llegums, prove\u00efdor de fruita seca i altres aliments. Al nostre cat\u00e0leg podr\u00e0s trobar llegums a granel i llegums en conserva.<\/p>\n","protected":false},"featured_media":144725,"comment_status":"open","ping_status":"closed","template":"","meta":[],"product_cat":[10617],"product_tag":[],"_links":{"self":[{"href":"https:\/\/www.laperlavalles.cat\/ca\/wp-json\/wp\/v2\/product\/115224"}],"collection":[{"href":"https:\/\/www.laperlavalles.cat\/ca\/wp-json\/wp\/v2\/product"}],"about":[{"href":"https:\/\/www.laperlavalles.cat\/ca\/wp-json\/wp\/v2\/types\/product"}],"replies":[{"embeddable":true,"href":"https:\/\/www.laperlavalles.cat\/ca\/wp-json\/wp\/v2\/comments?post=115224"}],"wp:featuredmedia":[{"embeddable":true,"href":"https:\/\/www.laperlavalles.cat\/ca\/wp-json\/wp\/v2\/media\/144725"}],"wp:attachment":[{"href":"https:\/\/www.laperlavalles.cat\/ca\/wp-json\/wp\/v2\/media?parent=115224"}],"wp:term":[{"taxonomy":"product_cat","embeddable":true,"href":"https:\/\/www.laperlavalles.cat\/ca\/wp-json\/wp\/v2\/product_cat?post=115224"},{"taxonomy":"product_tag","embeddable":true,"href":"https:\/\/www.laperlavalles.cat\/ca\/wp-json\/wp\/v2\/product_tag?post=115224"}],"curies":[{"name":"wp","href":"https:\/\/api.w.org\/{rel}","templated":true}]}}