{"id":115304,"date":"2022-02-18T17:03:44","date_gmt":"2022-02-18T16:03:49","guid":{"rendered":"https:\/\/www.laperlavalles.cat\/product\/sesame-dressing-kikkoman-1ml\/"},"modified":"2023-03-30T13:08:22","modified_gmt":"2023-03-30T11:08:22","slug":"sesame-dressing-kikkoman-1ml","status":"publish","type":"product","link":"https:\/\/www.laperlavalles.cat\/ca\/producte\/sesame-dressing-kikkoman-1ml\/","title":{"rendered":"SESAME DRESSING KIKKOMAN 1ML"},"content":{"rendered":"<p>El ric i crem\u00f3s assaonador de s\u00e8sam de Kikkoman obt\u00e9 el seu delici\u00f3s i \u00fanic sabor del s\u00e8sam m\u00f2lt que cont\u00e9. Aquesta aroma de llavors de s\u00e8sam lleugerament torrades s&#8217;harmonitza a la perfecci\u00f3 amb l&#8217;oli i el vinagre, i enriqueix qualsevol salsa.<br \/>\nAquesta salsa Kikkoman \u00e9s apta per a vegans.<\/p>\n","protected":false},"excerpt":{"rendered":"<p>El ric i crem\u00f3s assaonador de s\u00e8sam de Kikkoman obt\u00e9 el seu delici\u00f3s i \u00fanic sabor del s\u00e8sam m\u00f2lt que cont\u00e9. Aquesta aroma de llavors de<span class=\"excerpt-hellip\"> [\u2026]<\/span><\/p>\n","protected":false},"featured_media":144693,"comment_status":"open","ping_status":"closed","template":"","meta":[],"product_cat":[8411,8504],"product_tag":[],"_links":{"self":[{"href":"https:\/\/www.laperlavalles.cat\/ca\/wp-json\/wp\/v2\/product\/115304"}],"collection":[{"href":"https:\/\/www.laperlavalles.cat\/ca\/wp-json\/wp\/v2\/product"}],"about":[{"href":"https:\/\/www.laperlavalles.cat\/ca\/wp-json\/wp\/v2\/types\/product"}],"replies":[{"embeddable":true,"href":"https:\/\/www.laperlavalles.cat\/ca\/wp-json\/wp\/v2\/comments?post=115304"}],"wp:featuredmedia":[{"embeddable":true,"href":"https:\/\/www.laperlavalles.cat\/ca\/wp-json\/wp\/v2\/media\/144693"}],"wp:attachment":[{"href":"https:\/\/www.laperlavalles.cat\/ca\/wp-json\/wp\/v2\/media?parent=115304"}],"wp:term":[{"taxonomy":"product_cat","embeddable":true,"href":"https:\/\/www.laperlavalles.cat\/ca\/wp-json\/wp\/v2\/product_cat?post=115304"},{"taxonomy":"product_tag","embeddable":true,"href":"https:\/\/www.laperlavalles.cat\/ca\/wp-json\/wp\/v2\/product_tag?post=115304"}],"curies":[{"name":"wp","href":"https:\/\/api.w.org\/{rel}","templated":true}]}}