{"id":115344,"date":"2022-02-18T17:04:38","date_gmt":"2022-02-18T16:04:43","guid":{"rendered":"https:\/\/www.laperlavalles.cat\/product\/salsa-thai-sweet-chilli-235kg-lee-kum-kee\/"},"modified":"2024-07-10T12:59:25","modified_gmt":"2024-07-10T10:59:25","slug":"salsa-thai-sweet-chilli-235kg-lee-kum-kee","status":"publish","type":"product","link":"https:\/\/www.laperlavalles.cat\/ca\/producte\/salsa-thai-sweet-chilli-235kg-lee-kum-kee\/","title":{"rendered":"SALSA THAI SWEET CHILLI 2,35KG LEE KUM KEE"},"content":{"rendered":"<p>La salsa Thai Style Sweet Chilli Sauce \u00e9s una salsa elaborada segons la recepta tailandesa cl\u00e0ssica que ha inspirat plats a tota \u00c0sia i el m\u00f3n amb un dol\u00e7 sabor afruitat i suau, amb un toc picant. Oferim una \u00e0mplia gamma de salses orientals i salses xineses com les de Lee Kum Kee.<\/p>\n","protected":false},"excerpt":{"rendered":"<p>La salsa Thai Style Sweet Chilli Sauce \u00e9s una salsa elaborada segons la recepta tailandesa cl\u00e0ssica que ha inspirat plats a tota \u00c0sia i el m\u00f3n<span class=\"excerpt-hellip\"> [\u2026]<\/span><\/p>\n","protected":false},"featured_media":172710,"comment_status":"open","ping_status":"closed","template":"","meta":[],"product_cat":[10617],"product_tag":[],"_links":{"self":[{"href":"https:\/\/www.laperlavalles.cat\/ca\/wp-json\/wp\/v2\/product\/115344"}],"collection":[{"href":"https:\/\/www.laperlavalles.cat\/ca\/wp-json\/wp\/v2\/product"}],"about":[{"href":"https:\/\/www.laperlavalles.cat\/ca\/wp-json\/wp\/v2\/types\/product"}],"replies":[{"embeddable":true,"href":"https:\/\/www.laperlavalles.cat\/ca\/wp-json\/wp\/v2\/comments?post=115344"}],"wp:featuredmedia":[{"embeddable":true,"href":"https:\/\/www.laperlavalles.cat\/ca\/wp-json\/wp\/v2\/media\/172710"}],"wp:attachment":[{"href":"https:\/\/www.laperlavalles.cat\/ca\/wp-json\/wp\/v2\/media?parent=115344"}],"wp:term":[{"taxonomy":"product_cat","embeddable":true,"href":"https:\/\/www.laperlavalles.cat\/ca\/wp-json\/wp\/v2\/product_cat?post=115344"},{"taxonomy":"product_tag","embeddable":true,"href":"https:\/\/www.laperlavalles.cat\/ca\/wp-json\/wp\/v2\/product_tag?post=115344"}],"curies":[{"name":"wp","href":"https:\/\/api.w.org\/{rel}","templated":true}]}}