{"id":115364,"date":"2022-02-18T17:05:04","date_gmt":"2022-02-18T16:05:09","guid":{"rendered":"https:\/\/www.laperlavalles.cat\/product\/salsa-sweetsour-23kg-lee-kum-kee\/"},"modified":"2024-07-10T13:09:13","modified_gmt":"2024-07-10T11:09:13","slug":"salsa-sweetsour-23kg-lee-kum-kee","status":"publish","type":"product","link":"https:\/\/www.laperlavalles.cat\/ca\/producte\/salsa-sweetsour-23kg-lee-kum-kee\/","title":{"rendered":"SALSA SWEET&amp;SOUR 2,3KG LEE KUM KEE"},"content":{"rendered":"<p>La salsa Sweet &amp; Sour Lkk \u00e9s la salsa agredol\u00e7a t\u00edpica de la cuina oriental per elaborar receptes tradicionals. Gr\u00e0cies al seu gran format \u00e9s una salsa ideal pel canal HORECA.<br \/>\nLa marca LKK \u00e9s la marca n\u00famero 1 en venda de salses en xinesa, i al seu cat\u00e0leg ofereix la famosa salsa d&#8217;ostres Panda. La Perla \u00e9s distribu\u00efdor oficia de les salses Lee Kum Kee.<\/p>\n","protected":false},"excerpt":{"rendered":"<p>La salsa Sweet &amp; Sour Lkk \u00e9s la salsa agredol\u00e7a t\u00edpica de la cuina oriental per elaborar receptes tradicionals. Gr\u00e0cies al seu gran format \u00e9s una<span class=\"excerpt-hellip\"> [\u2026]<\/span><\/p>\n","protected":false},"featured_media":172726,"comment_status":"open","ping_status":"closed","template":"","meta":[],"product_cat":[10617],"product_tag":[],"_links":{"self":[{"href":"https:\/\/www.laperlavalles.cat\/ca\/wp-json\/wp\/v2\/product\/115364"}],"collection":[{"href":"https:\/\/www.laperlavalles.cat\/ca\/wp-json\/wp\/v2\/product"}],"about":[{"href":"https:\/\/www.laperlavalles.cat\/ca\/wp-json\/wp\/v2\/types\/product"}],"replies":[{"embeddable":true,"href":"https:\/\/www.laperlavalles.cat\/ca\/wp-json\/wp\/v2\/comments?post=115364"}],"wp:featuredmedia":[{"embeddable":true,"href":"https:\/\/www.laperlavalles.cat\/ca\/wp-json\/wp\/v2\/media\/172726"}],"wp:attachment":[{"href":"https:\/\/www.laperlavalles.cat\/ca\/wp-json\/wp\/v2\/media?parent=115364"}],"wp:term":[{"taxonomy":"product_cat","embeddable":true,"href":"https:\/\/www.laperlavalles.cat\/ca\/wp-json\/wp\/v2\/product_cat?post=115364"},{"taxonomy":"product_tag","embeddable":true,"href":"https:\/\/www.laperlavalles.cat\/ca\/wp-json\/wp\/v2\/product_tag?post=115364"}],"curies":[{"name":"wp","href":"https:\/\/api.w.org\/{rel}","templated":true}]}}