{"id":115384,"date":"2022-02-18T17:05:30","date_gmt":"2022-02-18T16:05:35","guid":{"rendered":"https:\/\/www.laperlavalles.cat\/product\/salsa-teriyaki-22kg-lee-kum-kee\/"},"modified":"2024-06-10T17:50:06","modified_gmt":"2024-06-10T15:50:06","slug":"salsa-teriyaki-22kg-lee-kum-kee","status":"publish","type":"product","link":"https:\/\/www.laperlavalles.cat\/ca\/producte\/salsa-teriyaki-22kg-lee-kum-kee\/","title":{"rendered":"SALSA TERIYAKI 2,2KG LEE KUM KEE"},"content":{"rendered":"<p>La salsa Teriyaki LKK \u00e9s la tradicional salsa xinesa rica, saborosa i enganxosa plena d&#8217;esp\u00e8cies. S&#8217;usa principalment per a broquetes de carn o marisc, per marinar carn, peix i verdures, rostir i sofregir.<br \/>\nLa marca LKK \u00e9s la marca n\u00famero 1 en venda de salses en xinesa, i al seu cat\u00e0leg ofereix salses xineses per a retail i salses xineses per al canal HORECA. La Perla \u00e9s distribu\u00efdor oficia de les salses Lee Kum Kee.<\/p>\n","protected":false},"excerpt":{"rendered":"<p>La salsa Teriyaki LKK \u00e9s la tradicional salsa xinesa rica, saborosa i enganxosa plena d&#8217;esp\u00e8cies. S&#8217;usa principalment per a broquetes de carn o marisc, per marinar<span class=\"excerpt-hellip\"> [\u2026]<\/span><\/p>\n","protected":false},"featured_media":172742,"comment_status":"open","ping_status":"closed","template":"","meta":[],"product_cat":[10617],"product_tag":[],"_links":{"self":[{"href":"https:\/\/www.laperlavalles.cat\/ca\/wp-json\/wp\/v2\/product\/115384"}],"collection":[{"href":"https:\/\/www.laperlavalles.cat\/ca\/wp-json\/wp\/v2\/product"}],"about":[{"href":"https:\/\/www.laperlavalles.cat\/ca\/wp-json\/wp\/v2\/types\/product"}],"replies":[{"embeddable":true,"href":"https:\/\/www.laperlavalles.cat\/ca\/wp-json\/wp\/v2\/comments?post=115384"}],"wp:featuredmedia":[{"embeddable":true,"href":"https:\/\/www.laperlavalles.cat\/ca\/wp-json\/wp\/v2\/media\/172742"}],"wp:attachment":[{"href":"https:\/\/www.laperlavalles.cat\/ca\/wp-json\/wp\/v2\/media?parent=115384"}],"wp:term":[{"taxonomy":"product_cat","embeddable":true,"href":"https:\/\/www.laperlavalles.cat\/ca\/wp-json\/wp\/v2\/product_cat?post=115384"},{"taxonomy":"product_tag","embeddable":true,"href":"https:\/\/www.laperlavalles.cat\/ca\/wp-json\/wp\/v2\/product_tag?post=115384"}],"curies":[{"name":"wp","href":"https:\/\/api.w.org\/{rel}","templated":true}]}}