{"id":115424,"date":"2022-02-18T17:06:22","date_gmt":"2022-02-18T16:06:27","guid":{"rendered":"https:\/\/www.laperlavalles.cat\/product\/salsa-de-soja-japanese-style-1l-lee-kum-kee\/"},"modified":"2024-06-10T18:09:08","modified_gmt":"2024-06-10T16:09:08","slug":"salsa-de-soja-japanese-style-1l-lee-kum-kee","status":"publish","type":"product","link":"https:\/\/www.laperlavalles.cat\/ca\/producte\/salsa-de-soja-japanese-style-1l-lee-kum-kee\/","title":{"rendered":"SALSA DE SOJA JAPANESE STYLE 1L LEE KUM KEE"},"content":{"rendered":"<p>Salsa de Soja estil Japon\u00e8s Lee Kum Kee.<br \/>\nLa marca LKK \u00e9s la marca n\u00famero 1 en venda de salses en xinesa, i al seu cat\u00e0leg ofereix salses xineses per a retail i salses xineses per al canal HORECA. La Perla \u00e9s distribu\u00efdor oficia de les salses Lee Kum Kee.<\/p>\n","protected":false},"excerpt":{"rendered":"<p>Salsa de Soja estil Japon\u00e8s Lee Kum Kee. La marca LKK \u00e9s la marca n\u00famero 1 en venda de salses en xinesa, i al seu cat\u00e0leg<span class=\"excerpt-hellip\"> [\u2026]<\/span><\/p>\n","protected":false},"featured_media":172774,"comment_status":"open","ping_status":"closed","template":"","meta":[],"product_cat":[10617],"product_tag":[],"_links":{"self":[{"href":"https:\/\/www.laperlavalles.cat\/ca\/wp-json\/wp\/v2\/product\/115424"}],"collection":[{"href":"https:\/\/www.laperlavalles.cat\/ca\/wp-json\/wp\/v2\/product"}],"about":[{"href":"https:\/\/www.laperlavalles.cat\/ca\/wp-json\/wp\/v2\/types\/product"}],"replies":[{"embeddable":true,"href":"https:\/\/www.laperlavalles.cat\/ca\/wp-json\/wp\/v2\/comments?post=115424"}],"wp:featuredmedia":[{"embeddable":true,"href":"https:\/\/www.laperlavalles.cat\/ca\/wp-json\/wp\/v2\/media\/172774"}],"wp:attachment":[{"href":"https:\/\/www.laperlavalles.cat\/ca\/wp-json\/wp\/v2\/media?parent=115424"}],"wp:term":[{"taxonomy":"product_cat","embeddable":true,"href":"https:\/\/www.laperlavalles.cat\/ca\/wp-json\/wp\/v2\/product_cat?post=115424"},{"taxonomy":"product_tag","embeddable":true,"href":"https:\/\/www.laperlavalles.cat\/ca\/wp-json\/wp\/v2\/product_tag?post=115424"}],"curies":[{"name":"wp","href":"https:\/\/api.w.org\/{rel}","templated":true}]}}