{"id":115464,"date":"2022-02-18T17:07:14","date_gmt":"2022-02-18T16:07:19","guid":{"rendered":"https:\/\/www.laperlavalles.cat\/product\/salsa-teriyaki-japanese-115kg-lee-kum-kee\/"},"modified":"2024-06-10T19:09:40","modified_gmt":"2024-06-10T17:09:40","slug":"salsa-teriyaki-japanese-115kg-lee-kum-kee","status":"publish","type":"product","link":"https:\/\/www.laperlavalles.cat\/ca\/producte\/salsa-teriyaki-japanese-115kg-lee-kum-kee\/","title":{"rendered":"SALSA TERIYAKI JAPANESE 1,15KG LEE KUM KEE"},"content":{"rendered":"<p>La salsa Teriyaki Japanese Style Lkk \u00e9s una tradicional salsa estil japon\u00e8s de salsa teriyaki de la prestigiosa marca Lee Kum Kee. Som distribu\u00efdors de les salses xineses LKK. Compra les caixes de salses orientals que necessitis, no venem unitats.<\/p>\n","protected":false},"excerpt":{"rendered":"<p>La salsa Teriyaki Japanese Style Lkk \u00e9s una tradicional salsa estil japon\u00e8s de salsa teriyaki de la prestigiosa marca Lee Kum Kee. Som distribu\u00efdors de les<span class=\"excerpt-hellip\"> [\u2026]<\/span><\/p>\n","protected":false},"featured_media":172870,"comment_status":"open","ping_status":"closed","template":"","meta":[],"product_cat":[10617],"product_tag":[],"_links":{"self":[{"href":"https:\/\/www.laperlavalles.cat\/ca\/wp-json\/wp\/v2\/product\/115464"}],"collection":[{"href":"https:\/\/www.laperlavalles.cat\/ca\/wp-json\/wp\/v2\/product"}],"about":[{"href":"https:\/\/www.laperlavalles.cat\/ca\/wp-json\/wp\/v2\/types\/product"}],"replies":[{"embeddable":true,"href":"https:\/\/www.laperlavalles.cat\/ca\/wp-json\/wp\/v2\/comments?post=115464"}],"wp:featuredmedia":[{"embeddable":true,"href":"https:\/\/www.laperlavalles.cat\/ca\/wp-json\/wp\/v2\/media\/172870"}],"wp:attachment":[{"href":"https:\/\/www.laperlavalles.cat\/ca\/wp-json\/wp\/v2\/media?parent=115464"}],"wp:term":[{"taxonomy":"product_cat","embeddable":true,"href":"https:\/\/www.laperlavalles.cat\/ca\/wp-json\/wp\/v2\/product_cat?post=115464"},{"taxonomy":"product_tag","embeddable":true,"href":"https:\/\/www.laperlavalles.cat\/ca\/wp-json\/wp\/v2\/product_tag?post=115464"}],"curies":[{"name":"wp","href":"https:\/\/api.w.org\/{rel}","templated":true}]}}