{"id":115625,"date":"2022-02-18T17:10:49","date_gmt":"2022-02-18T16:10:54","guid":{"rendered":"https:\/\/www.laperlavalles.cat\/product\/seasoned-vinegar-for-sushi-rice-kikkoman-300ml\/"},"modified":"2025-01-02T13:20:36","modified_gmt":"2025-01-02T12:20:36","slug":"seasoned-vinegar-for-sushi-rice-kikkoman-300ml","status":"publish","type":"product","link":"https:\/\/www.laperlavalles.cat\/ca\/producte\/seasoned-vinegar-for-sushi-rice-kikkoman-300ml\/","title":{"rendered":"SEASONED VINEGAR FOR SUSHI RICE KIKKOMAN 300ML"},"content":{"rendered":"<p>L&#8217;Aderezo per a la preparaci\u00f3 de l&#8217;arr\u00f2s per a sushi de Kikkoman \u00e9s el vinagre ideal per preparar arr\u00f2s de sushi a la cuina. Tamb\u00e9 \u00e9s excel\u00b7lent per preparar amanides o marinar carn i peix.<br \/>\nAquesta salsa Kikkoman \u00e9s apta per a vegans.<\/p>\n","protected":false},"excerpt":{"rendered":"<p>L&#8217;Aderezo per a la preparaci\u00f3 de l&#8217;arr\u00f2s per a sushi de Kikkoman \u00e9s el vinagre ideal per preparar arr\u00f2s de sushi a la cuina. Tamb\u00e9 \u00e9s<span class=\"excerpt-hellip\"> [\u2026]<\/span><\/p>\n","protected":false},"featured_media":162321,"comment_status":"open","ping_status":"closed","template":"","meta":[],"product_cat":[10617],"product_tag":[],"_links":{"self":[{"href":"https:\/\/www.laperlavalles.cat\/ca\/wp-json\/wp\/v2\/product\/115625"}],"collection":[{"href":"https:\/\/www.laperlavalles.cat\/ca\/wp-json\/wp\/v2\/product"}],"about":[{"href":"https:\/\/www.laperlavalles.cat\/ca\/wp-json\/wp\/v2\/types\/product"}],"replies":[{"embeddable":true,"href":"https:\/\/www.laperlavalles.cat\/ca\/wp-json\/wp\/v2\/comments?post=115625"}],"wp:featuredmedia":[{"embeddable":true,"href":"https:\/\/www.laperlavalles.cat\/ca\/wp-json\/wp\/v2\/media\/162321"}],"wp:attachment":[{"href":"https:\/\/www.laperlavalles.cat\/ca\/wp-json\/wp\/v2\/media?parent=115625"}],"wp:term":[{"taxonomy":"product_cat","embeddable":true,"href":"https:\/\/www.laperlavalles.cat\/ca\/wp-json\/wp\/v2\/product_cat?post=115625"},{"taxonomy":"product_tag","embeddable":true,"href":"https:\/\/www.laperlavalles.cat\/ca\/wp-json\/wp\/v2\/product_tag?post=115625"}],"curies":[{"name":"wp","href":"https:\/\/api.w.org\/{rel}","templated":true}]}}