{"id":115645,"date":"2022-02-18T17:11:16","date_gmt":"2022-02-18T16:11:20","guid":{"rendered":"https:\/\/www.laperlavalles.cat\/product\/salsa-wok-kikkoman-250ml\/"},"modified":"2024-07-02T17:19:17","modified_gmt":"2024-07-02T15:19:17","slug":"salsa-wok-kikkoman-250ml","status":"publish","type":"product","link":"https:\/\/www.laperlavalles.cat\/ca\/producte\/salsa-wok-kikkoman-250ml\/","title":{"rendered":"SALSA WOK KIKKOMAN 250ML"},"content":{"rendered":"<p>Salsa Wok Kikkoman.<br \/>\nLa salsa arom\u00e0tica dol\u00e7a per a wok \u00e9s l&#8217;acompanyant idoni per als exquisits plats que es preparen de manera r\u00e0pida i lleugera al wok.<br \/>\nAquesta salsa Kikkoman \u00e9s apta per a vegans.<\/p>\n","protected":false},"excerpt":{"rendered":"<p>Salsa Wok Kikkoman. La salsa arom\u00e0tica dol\u00e7a per a wok \u00e9s l&#8217;acompanyant idoni per als exquisits plats que es preparen de manera r\u00e0pida i lleugera al<span class=\"excerpt-hellip\"> [\u2026]<\/span><\/p>\n","protected":false},"featured_media":162806,"comment_status":"open","ping_status":"closed","template":"","meta":[],"product_cat":[10617],"product_tag":[],"_links":{"self":[{"href":"https:\/\/www.laperlavalles.cat\/ca\/wp-json\/wp\/v2\/product\/115645"}],"collection":[{"href":"https:\/\/www.laperlavalles.cat\/ca\/wp-json\/wp\/v2\/product"}],"about":[{"href":"https:\/\/www.laperlavalles.cat\/ca\/wp-json\/wp\/v2\/types\/product"}],"replies":[{"embeddable":true,"href":"https:\/\/www.laperlavalles.cat\/ca\/wp-json\/wp\/v2\/comments?post=115645"}],"wp:featuredmedia":[{"embeddable":true,"href":"https:\/\/www.laperlavalles.cat\/ca\/wp-json\/wp\/v2\/media\/162806"}],"wp:attachment":[{"href":"https:\/\/www.laperlavalles.cat\/ca\/wp-json\/wp\/v2\/media?parent=115645"}],"wp:term":[{"taxonomy":"product_cat","embeddable":true,"href":"https:\/\/www.laperlavalles.cat\/ca\/wp-json\/wp\/v2\/product_cat?post=115645"},{"taxonomy":"product_tag","embeddable":true,"href":"https:\/\/www.laperlavalles.cat\/ca\/wp-json\/wp\/v2\/product_tag?post=115645"}],"curies":[{"name":"wp","href":"https:\/\/api.w.org\/{rel}","templated":true}]}}