{"id":115705,"date":"2022-02-18T17:12:36","date_gmt":"2022-02-18T16:12:41","guid":{"rendered":"https:\/\/www.laperlavalles.cat\/product\/oli-de-sesam-pur-207ml-lee-kum-kee\/"},"modified":"2024-06-10T15:29:55","modified_gmt":"2024-06-10T13:29:55","slug":"oli-de-sesam-pur-207ml-lee-kum-kee","status":"publish","type":"product","link":"https:\/\/www.laperlavalles.cat\/ca\/producte\/oli-de-sesam-pur-207ml-lee-kum-kee\/","title":{"rendered":"OLI DE S\u00c8SAM PUR 207ML LEE KUM KEE"},"content":{"rendered":"<p>L&#8217;oli de s\u00e8sam pur LKK \u00e9s un oli 100% pur elaborat a base de llavors de s\u00e8sam torrades. Ofereix una aroma de nou amb nom\u00e9s alguns guions. Perfecte per marinar, sofregits, amanides i fideus.<br \/>\nLa Perla \u00e9s distribu\u00efdor oficinal de la prestigiosa marca de salses xineses Lee kum Kee. Consulta al nostre cat\u00e0leg la gamma completa de salses xineses que venem.<\/p>\n","protected":false},"excerpt":{"rendered":"<p>L&#8217;oli de s\u00e8sam pur LKK \u00e9s un oli 100% pur elaborat a base de llavors de s\u00e8sam torrades. Ofereix una aroma de nou amb nom\u00e9s alguns<span class=\"excerpt-hellip\"> [\u2026]<\/span><\/p>\n","protected":false},"featured_media":169430,"comment_status":"open","ping_status":"closed","template":"","meta":[],"product_cat":[10617],"product_tag":[],"_links":{"self":[{"href":"https:\/\/www.laperlavalles.cat\/ca\/wp-json\/wp\/v2\/product\/115705"}],"collection":[{"href":"https:\/\/www.laperlavalles.cat\/ca\/wp-json\/wp\/v2\/product"}],"about":[{"href":"https:\/\/www.laperlavalles.cat\/ca\/wp-json\/wp\/v2\/types\/product"}],"replies":[{"embeddable":true,"href":"https:\/\/www.laperlavalles.cat\/ca\/wp-json\/wp\/v2\/comments?post=115705"}],"wp:featuredmedia":[{"embeddable":true,"href":"https:\/\/www.laperlavalles.cat\/ca\/wp-json\/wp\/v2\/media\/169430"}],"wp:attachment":[{"href":"https:\/\/www.laperlavalles.cat\/ca\/wp-json\/wp\/v2\/media?parent=115705"}],"wp:term":[{"taxonomy":"product_cat","embeddable":true,"href":"https:\/\/www.laperlavalles.cat\/ca\/wp-json\/wp\/v2\/product_cat?post=115705"},{"taxonomy":"product_tag","embeddable":true,"href":"https:\/\/www.laperlavalles.cat\/ca\/wp-json\/wp\/v2\/product_tag?post=115705"}],"curies":[{"name":"wp","href":"https:\/\/api.w.org\/{rel}","templated":true}]}}