{"id":115725,"date":"2022-02-18T17:13:03","date_gmt":"2022-02-18T16:13:09","guid":{"rendered":"https:\/\/www.laperlavalles.cat\/product\/salsa-soja-tamari-kikkoman-1l\/"},"modified":"2023-06-23T14:18:55","modified_gmt":"2023-06-23T12:18:55","slug":"salsa-soja-tamari-kikkoman-1l","status":"publish","type":"product","link":"https:\/\/www.laperlavalles.cat\/ca\/producte\/salsa-soja-tamari-kikkoman-1l\/","title":{"rendered":"SALSA SOJA TAMARI KIKKOMAN 1L"},"content":{"rendered":"<p>Salsa de Soja Tamari sense gluten<br \/>\nLa Salsa de Soja naturalment fermentada de Kikkoman t\u00e9 una versi\u00f3 sense gluten.<br \/>\nLa Salsa de Soja Tamari sense gluten pot substituir en qualsevol ocasi\u00f3 la resta de les nostres salses ja que \u00e9s vers\u00e0til i deliciosa com la cl\u00e0ssica. I com que la salsa agrada igual a les persones sense intoler\u00e0ncia, es pot prescindir d&#8217;utilitzar dues salses diferents en cuinar.<br \/>\nLa Salsa de Soja Tamari sense gluten no nom\u00e9s \u00e9s sense gluten, sin\u00f3 tamb\u00e9 halal. Per tant, tamb\u00e9 la poden fer servir sense dubtar-ho les persones de fe musulmana per cuinar, condimentar o refinar. Nom\u00e9s cal veure els segells certificats de lliure de gluten i halal a l&#8217;etiqueta.<br \/>\nSalsa sense gluten, vegana i halal.<\/p>\n","protected":false},"excerpt":{"rendered":"<p>Salsa de Soja Tamari sense gluten La Salsa de Soja naturalment fermentada de Kikkoman t\u00e9 una versi\u00f3 sense gluten. La Salsa de Soja Tamari sense gluten<span class=\"excerpt-hellip\"> [\u2026]<\/span><\/p>\n","protected":false},"featured_media":174038,"comment_status":"open","ping_status":"closed","template":"","meta":[],"product_cat":[8411,8504],"product_tag":[],"_links":{"self":[{"href":"https:\/\/www.laperlavalles.cat\/ca\/wp-json\/wp\/v2\/product\/115725"}],"collection":[{"href":"https:\/\/www.laperlavalles.cat\/ca\/wp-json\/wp\/v2\/product"}],"about":[{"href":"https:\/\/www.laperlavalles.cat\/ca\/wp-json\/wp\/v2\/types\/product"}],"replies":[{"embeddable":true,"href":"https:\/\/www.laperlavalles.cat\/ca\/wp-json\/wp\/v2\/comments?post=115725"}],"wp:featuredmedia":[{"embeddable":true,"href":"https:\/\/www.laperlavalles.cat\/ca\/wp-json\/wp\/v2\/media\/174038"}],"wp:attachment":[{"href":"https:\/\/www.laperlavalles.cat\/ca\/wp-json\/wp\/v2\/media?parent=115725"}],"wp:term":[{"taxonomy":"product_cat","embeddable":true,"href":"https:\/\/www.laperlavalles.cat\/ca\/wp-json\/wp\/v2\/product_cat?post=115725"},{"taxonomy":"product_tag","embeddable":true,"href":"https:\/\/www.laperlavalles.cat\/ca\/wp-json\/wp\/v2\/product_tag?post=115725"}],"curies":[{"name":"wp","href":"https:\/\/api.w.org\/{rel}","templated":true}]}}