{"id":115805,"date":"2022-02-18T17:14:58","date_gmt":"2022-02-18T16:15:03","guid":{"rendered":"https:\/\/www.laperlavalles.cat\/product\/salsa-de-soja-bio-kikkoman-150ml\/"},"modified":"2024-10-16T15:19:59","modified_gmt":"2024-10-16T13:19:59","slug":"salsa-de-soja-bio-kikkoman-150ml","status":"publish","type":"product","link":"https:\/\/www.laperlavalles.cat\/ca\/producte\/salsa-de-soja-bio-kikkoman-150ml\/","title":{"rendered":"SALSA DE SOJA BIO KIKKOMAN 150ML"},"content":{"rendered":"<p>Salsa de Soja ecol\u00f2gica.Kikkoman ofereix una salsa de soja ecol\u00f2gica naturalment fermentada.<br \/>\nCom la cl\u00e0ssica, la Salsa de Soja ecol\u00f2gica nom\u00e9s cont\u00e9 quatre ingredients: soja, blat, aigua i sal. Seleccionen les mat\u00e8ries primeres produ\u00efdes ecol\u00f2gicament amb molta cura. Per aix\u00f2 podem garantir que la salsa de soja ecol\u00f2gica t\u00e9 un gust tan sabor\u00f3s i tan arom\u00e0tic com la cl\u00e0ssica.<br \/>\nAquesta salsa Kikkoman \u00e9s apta per a vegans.<\/p>\n","protected":false},"excerpt":{"rendered":"<p>Salsa de Soja ecol\u00f2gica.Kikkoman ofereix una salsa de soja ecol\u00f2gica naturalment fermentada. Com la cl\u00e0ssica, la Salsa de Soja ecol\u00f2gica nom\u00e9s cont\u00e9 quatre ingredients: soja, blat,<span class=\"excerpt-hellip\"> [\u2026]<\/span><\/p>\n","protected":false},"featured_media":174102,"comment_status":"open","ping_status":"closed","template":"","meta":[],"product_cat":[10617],"product_tag":[],"_links":{"self":[{"href":"https:\/\/www.laperlavalles.cat\/ca\/wp-json\/wp\/v2\/product\/115805"}],"collection":[{"href":"https:\/\/www.laperlavalles.cat\/ca\/wp-json\/wp\/v2\/product"}],"about":[{"href":"https:\/\/www.laperlavalles.cat\/ca\/wp-json\/wp\/v2\/types\/product"}],"replies":[{"embeddable":true,"href":"https:\/\/www.laperlavalles.cat\/ca\/wp-json\/wp\/v2\/comments?post=115805"}],"wp:featuredmedia":[{"embeddable":true,"href":"https:\/\/www.laperlavalles.cat\/ca\/wp-json\/wp\/v2\/media\/174102"}],"wp:attachment":[{"href":"https:\/\/www.laperlavalles.cat\/ca\/wp-json\/wp\/v2\/media?parent=115805"}],"wp:term":[{"taxonomy":"product_cat","embeddable":true,"href":"https:\/\/www.laperlavalles.cat\/ca\/wp-json\/wp\/v2\/product_cat?post=115805"},{"taxonomy":"product_tag","embeddable":true,"href":"https:\/\/www.laperlavalles.cat\/ca\/wp-json\/wp\/v2\/product_tag?post=115805"}],"curies":[{"name":"wp","href":"https:\/\/api.w.org\/{rel}","templated":true}]}}