{"id":115825,"date":"2022-02-18T17:15:25","date_gmt":"2022-02-18T16:15:30","guid":{"rendered":"https:\/\/www.laperlavalles.cat\/product\/salsa-poke-kikkoman-250ml\/"},"modified":"2025-12-04T13:40:20","modified_gmt":"2025-12-04T12:40:20","slug":"salsa-poke-kikkoman-250ml","status":"publish","type":"product","link":"https:\/\/www.laperlavalles.cat\/ca\/producte\/salsa-poke-kikkoman-250ml\/","title":{"rendered":"SALSA POKE KIKKOMAN 250ML"},"content":{"rendered":"<p>Salsa Poke Kikoman.<br \/>\nLa Salsa Poke de Kikkoman \u00e9s la soluci\u00f3 per al Poke Bowl perfecte.<br \/>\nLa saborosa salsa pren com a base la cl\u00e0ssica salsa de soja, oli de s\u00e8sam torrat, un toc de suc de llimona i un pessic de chili.<br \/>\nAquesta salsa Kikkoman \u00e9s apta per a vegans.<br \/>\nLa Perla distribueix salses per a canal retail i per a canal horeca.<\/p>\n","protected":false},"excerpt":{"rendered":"<p>Salsa Poke Kikoman. La Salsa Poke de Kikkoman \u00e9s la soluci\u00f3 per al Poke Bowl perfecte. La saborosa salsa pren com a base la cl\u00e0ssica salsa<span class=\"excerpt-hellip\"> [\u2026]<\/span><\/p>\n","protected":false},"featured_media":143109,"comment_status":"open","ping_status":"closed","template":"","meta":[],"product_cat":[10617],"product_tag":[],"_links":{"self":[{"href":"https:\/\/www.laperlavalles.cat\/ca\/wp-json\/wp\/v2\/product\/115825"}],"collection":[{"href":"https:\/\/www.laperlavalles.cat\/ca\/wp-json\/wp\/v2\/product"}],"about":[{"href":"https:\/\/www.laperlavalles.cat\/ca\/wp-json\/wp\/v2\/types\/product"}],"replies":[{"embeddable":true,"href":"https:\/\/www.laperlavalles.cat\/ca\/wp-json\/wp\/v2\/comments?post=115825"}],"wp:featuredmedia":[{"embeddable":true,"href":"https:\/\/www.laperlavalles.cat\/ca\/wp-json\/wp\/v2\/media\/143109"}],"wp:attachment":[{"href":"https:\/\/www.laperlavalles.cat\/ca\/wp-json\/wp\/v2\/media?parent=115825"}],"wp:term":[{"taxonomy":"product_cat","embeddable":true,"href":"https:\/\/www.laperlavalles.cat\/ca\/wp-json\/wp\/v2\/product_cat?post=115825"},{"taxonomy":"product_tag","embeddable":true,"href":"https:\/\/www.laperlavalles.cat\/ca\/wp-json\/wp\/v2\/product_tag?post=115825"}],"curies":[{"name":"wp","href":"https:\/\/api.w.org\/{rel}","templated":true}]}}