{"id":115845,"date":"2022-02-18T17:15:52","date_gmt":"2022-02-18T16:15:57","guid":{"rendered":"https:\/\/www.laperlavalles.cat\/product\/salsa-soja-ponzu-lemon-kikkoman-250ml\/"},"modified":"2023-06-26T07:48:42","modified_gmt":"2023-06-26T05:48:42","slug":"salsa-soja-ponzu-lemon-kikkoman-250ml","status":"publish","type":"product","link":"https:\/\/www.laperlavalles.cat\/ca\/producte\/salsa-soja-ponzu-lemon-kikkoman-250ml\/","title":{"rendered":"SALSA SOJA PONZU LEMON KIKKOMAN 250ML"},"content":{"rendered":"<p>Salsa Ponzu de soja i c\u00edtrics Kikkoman.<br \/>\nUna de les salses m\u00e9s apreciades del Jap\u00f3 es diu &#8220;Ponzu&#8221;; una exquisida combinaci\u00f3 de salsa de soja i aroma de fruits c\u00edtrics.<br \/>\nAquesta salsa Kikkoman \u00e9s apta per a vegans.<\/p>\n","protected":false},"excerpt":{"rendered":"<p>Salsa Ponzu de soja i c\u00edtrics Kikkoman. Una de les salses m\u00e9s apreciades del Jap\u00f3 es diu &#8220;Ponzu&#8221;; una exquisida combinaci\u00f3 de salsa de soja i<span class=\"excerpt-hellip\"> [\u2026]<\/span><\/p>\n","protected":false},"featured_media":143125,"comment_status":"open","ping_status":"closed","template":"","meta":[],"product_cat":[8411,8504],"product_tag":[],"_links":{"self":[{"href":"https:\/\/www.laperlavalles.cat\/ca\/wp-json\/wp\/v2\/product\/115845"}],"collection":[{"href":"https:\/\/www.laperlavalles.cat\/ca\/wp-json\/wp\/v2\/product"}],"about":[{"href":"https:\/\/www.laperlavalles.cat\/ca\/wp-json\/wp\/v2\/types\/product"}],"replies":[{"embeddable":true,"href":"https:\/\/www.laperlavalles.cat\/ca\/wp-json\/wp\/v2\/comments?post=115845"}],"wp:featuredmedia":[{"embeddable":true,"href":"https:\/\/www.laperlavalles.cat\/ca\/wp-json\/wp\/v2\/media\/143125"}],"wp:attachment":[{"href":"https:\/\/www.laperlavalles.cat\/ca\/wp-json\/wp\/v2\/media?parent=115845"}],"wp:term":[{"taxonomy":"product_cat","embeddable":true,"href":"https:\/\/www.laperlavalles.cat\/ca\/wp-json\/wp\/v2\/product_cat?post=115845"},{"taxonomy":"product_tag","embeddable":true,"href":"https:\/\/www.laperlavalles.cat\/ca\/wp-json\/wp\/v2\/product_tag?post=115845"}],"curies":[{"name":"wp","href":"https:\/\/api.w.org\/{rel}","templated":true}]}}