{"id":115905,"date":"2022-02-18T17:17:15","date_gmt":"2022-02-18T16:17:21","guid":{"rendered":"https:\/\/www.laperlavalles.cat\/product\/salsa-de-soja-dolca-per-arros-kikkoman-975-ml-2\/"},"modified":"2023-06-26T07:50:13","modified_gmt":"2023-06-26T05:50:13","slug":"salsa-de-soja-dolca-per-arros-kikkoman-975-ml-2","status":"publish","type":"product","link":"https:\/\/www.laperlavalles.cat\/ca\/producte\/salsa-de-soja-dolca-per-arros-kikkoman-975-ml-2\/","title":{"rendered":"SALSA DE SOJA DOL\u00c7A PER ARROS KIKKOMAN 975 ML"},"content":{"rendered":"<p>La salsa de soja dol\u00e7a Kikkoman per a arr\u00f2s est\u00e0 feta amb salsa de soja Kikkoman tradicionalment elaborada. Elaborat amb ingredients seleccionats amb cura, millora agradablement el sabor de molts plats. Les seves notes dolces i suavitat s\u00f3n ideals per acompanyar arr\u00f2s al vapor i Yakitori (pollastre a la graella). Tamb\u00e9 \u00e9s excel\u00b7lent per millorar amanides i glacejar carn a la graella, peix o verdures.<\/p>\n","protected":false},"excerpt":{"rendered":"<p>La salsa de soja dol\u00e7a Kikkoman per a arr\u00f2s est\u00e0 feta amb salsa de soja Kikkoman tradicionalment elaborada. Elaborat amb ingredients seleccionats amb cura, millora agradablement<span class=\"excerpt-hellip\"> [\u2026]<\/span><\/p>\n","protected":false},"featured_media":143189,"comment_status":"open","ping_status":"closed","template":"","meta":[],"product_cat":[8411,8504],"product_tag":[],"_links":{"self":[{"href":"https:\/\/www.laperlavalles.cat\/ca\/wp-json\/wp\/v2\/product\/115905"}],"collection":[{"href":"https:\/\/www.laperlavalles.cat\/ca\/wp-json\/wp\/v2\/product"}],"about":[{"href":"https:\/\/www.laperlavalles.cat\/ca\/wp-json\/wp\/v2\/types\/product"}],"replies":[{"embeddable":true,"href":"https:\/\/www.laperlavalles.cat\/ca\/wp-json\/wp\/v2\/comments?post=115905"}],"wp:featuredmedia":[{"embeddable":true,"href":"https:\/\/www.laperlavalles.cat\/ca\/wp-json\/wp\/v2\/media\/143189"}],"wp:attachment":[{"href":"https:\/\/www.laperlavalles.cat\/ca\/wp-json\/wp\/v2\/media?parent=115905"}],"wp:term":[{"taxonomy":"product_cat","embeddable":true,"href":"https:\/\/www.laperlavalles.cat\/ca\/wp-json\/wp\/v2\/product_cat?post=115905"},{"taxonomy":"product_tag","embeddable":true,"href":"https:\/\/www.laperlavalles.cat\/ca\/wp-json\/wp\/v2\/product_tag?post=115905"}],"curies":[{"name":"wp","href":"https:\/\/api.w.org\/{rel}","templated":true}]}}