{"id":115925,"date":"2022-02-18T17:17:43","date_gmt":"2022-02-18T16:17:48","guid":{"rendered":"https:\/\/www.laperlavalles.cat\/product\/salsa-teriyaki-bbq-amb-mel-kikkoman-250ml\/"},"modified":"2023-06-26T07:50:36","modified_gmt":"2023-06-26T05:50:36","slug":"salsa-teriyaki-bbq-amb-mel-kikkoman-250ml","status":"publish","type":"product","link":"https:\/\/www.laperlavalles.cat\/ca\/producte\/salsa-teriyaki-bbq-amb-mel-kikkoman-250ml\/","title":{"rendered":"SALSA TERIYAKI BBQ AMB MEL KIKKOMAN 250ML"},"content":{"rendered":"<p>Salsa Teriyaki BBQ amb mel Kikkoman.<br \/>\nPer als amants de la cl\u00e0ssica Teriyaki marinade, la Salsa Teriyaki BBQ amb mel \u00e9s tot un descobriment. S&#8217;utilitza com a marinada arom\u00e0tica o com a salsa per mullar, perqu\u00e8 d\u00f3na als plats un toc dol\u00e7 i refinat, i harmonitza especialment b\u00e9 amb la carn, les verdures o el tofu. La salsa es fabrica a partir de la nostra Salsa de Soja naturalment fermentada, amb ingredients selectes com a gingebre, all, ceba, vi i es refina especialment amb mel.<\/p>\n","protected":false},"excerpt":{"rendered":"<p>Salsa Teriyaki BBQ amb mel Kikkoman. Per als amants de la cl\u00e0ssica Teriyaki marinade, la Salsa Teriyaki BBQ amb mel \u00e9s tot un descobriment. S&#8217;utilitza com<span class=\"excerpt-hellip\"> [\u2026]<\/span><\/p>\n","protected":false},"featured_media":143205,"comment_status":"open","ping_status":"closed","template":"","meta":[],"product_cat":[8411,8504],"product_tag":[],"_links":{"self":[{"href":"https:\/\/www.laperlavalles.cat\/ca\/wp-json\/wp\/v2\/product\/115925"}],"collection":[{"href":"https:\/\/www.laperlavalles.cat\/ca\/wp-json\/wp\/v2\/product"}],"about":[{"href":"https:\/\/www.laperlavalles.cat\/ca\/wp-json\/wp\/v2\/types\/product"}],"replies":[{"embeddable":true,"href":"https:\/\/www.laperlavalles.cat\/ca\/wp-json\/wp\/v2\/comments?post=115925"}],"wp:featuredmedia":[{"embeddable":true,"href":"https:\/\/www.laperlavalles.cat\/ca\/wp-json\/wp\/v2\/media\/143205"}],"wp:attachment":[{"href":"https:\/\/www.laperlavalles.cat\/ca\/wp-json\/wp\/v2\/media?parent=115925"}],"wp:term":[{"taxonomy":"product_cat","embeddable":true,"href":"https:\/\/www.laperlavalles.cat\/ca\/wp-json\/wp\/v2\/product_cat?post=115925"},{"taxonomy":"product_tag","embeddable":true,"href":"https:\/\/www.laperlavalles.cat\/ca\/wp-json\/wp\/v2\/product_tag?post=115925"}],"curies":[{"name":"wp","href":"https:\/\/api.w.org\/{rel}","templated":true}]}}