{"id":115945,"date":"2022-02-18T17:18:10","date_gmt":"2022-02-18T16:18:15","guid":{"rendered":"https:\/\/www.laperlavalles.cat\/product\/salsa-teriyaki-roasted-garlic-kikkoman-250ml\/"},"modified":"2023-06-26T07:50:59","modified_gmt":"2023-06-26T05:50:59","slug":"salsa-teriyaki-roasted-garlic-kikkoman-250ml","status":"publish","type":"product","link":"https:\/\/www.laperlavalles.cat\/ca\/producte\/salsa-teriyaki-roasted-garlic-kikkoman-250ml\/","title":{"rendered":"SALSA TERIYAKI &#8211; ROASTED GARLIC KIKKOMAN 250ML"},"content":{"rendered":"<p>Salsa Teriyaki BBQ al toc d&#8217;all rostit Kikkoman.<br \/>\nPer als amants de la cl\u00e0ssica Teriyaki marinade, la Salsa Teriyaki roasted garlic \u00e9s tot un descobriment. S&#8217;utilitza com a marinada arom\u00e0tica o com a salsa per mullar, perqu\u00e8 d\u00f3na als plats un toc i harmonitza especialment b\u00e9 amb la carn, les verdures o el tofu. La salsa es fabrica a partir de la Salsa de Soja naturalment fermentada amb ingredients selectes com l&#8217;all rostit.<\/p>\n","protected":false},"excerpt":{"rendered":"<p>Salsa Teriyaki BBQ al toc d&#8217;all rostit Kikkoman. Per als amants de la cl\u00e0ssica Teriyaki marinade, la Salsa Teriyaki roasted garlic \u00e9s tot un descobriment. S&#8217;utilitza<span class=\"excerpt-hellip\"> [\u2026]<\/span><\/p>\n","protected":false},"featured_media":143221,"comment_status":"open","ping_status":"closed","template":"","meta":[],"product_cat":[8411,8504],"product_tag":[],"_links":{"self":[{"href":"https:\/\/www.laperlavalles.cat\/ca\/wp-json\/wp\/v2\/product\/115945"}],"collection":[{"href":"https:\/\/www.laperlavalles.cat\/ca\/wp-json\/wp\/v2\/product"}],"about":[{"href":"https:\/\/www.laperlavalles.cat\/ca\/wp-json\/wp\/v2\/types\/product"}],"replies":[{"embeddable":true,"href":"https:\/\/www.laperlavalles.cat\/ca\/wp-json\/wp\/v2\/comments?post=115945"}],"wp:featuredmedia":[{"embeddable":true,"href":"https:\/\/www.laperlavalles.cat\/ca\/wp-json\/wp\/v2\/media\/143221"}],"wp:attachment":[{"href":"https:\/\/www.laperlavalles.cat\/ca\/wp-json\/wp\/v2\/media?parent=115945"}],"wp:term":[{"taxonomy":"product_cat","embeddable":true,"href":"https:\/\/www.laperlavalles.cat\/ca\/wp-json\/wp\/v2\/product_cat?post=115945"},{"taxonomy":"product_tag","embeddable":true,"href":"https:\/\/www.laperlavalles.cat\/ca\/wp-json\/wp\/v2\/product_tag?post=115945"}],"curies":[{"name":"wp","href":"https:\/\/api.w.org\/{rel}","templated":true}]}}