{"id":116085,"date":"2022-02-18T17:21:19","date_gmt":"2022-02-18T16:21:24","guid":{"rendered":"https:\/\/www.laperlavalles.cat\/product\/malta-hyper-malt-light-llauna-33cl\/"},"modified":"2025-07-03T10:40:18","modified_gmt":"2025-07-03T08:40:18","slug":"malta-hyper-malt-light-llauna-33cl","status":"publish","type":"product","link":"https:\/\/www.laperlavalles.cat\/ca\/producte\/malta-hyper-malt-light-llauna-33cl\/","title":{"rendered":"MALTA HYPER MALT LIGHT 33CL"},"content":{"rendered":"<p>La beguda de malta Hyper Malt Light \u00e9s la cl\u00e1ssica beguda de malta amb menys quantitat de sucres afegits.<br \/>\nHyper Malt Light no cont\u00e9 alcohol, per la qual cosa \u00e9s ideal en totes les regions.<br \/>\n\u00c9s coneguda pel seu gust de malta, el seu intens cos i la seva deliciosa suavitat. Est\u00e0 elaborada a partir d&#8217;ingredients naturals (consta de tres maltes diferents: Pilsner, Munich i malta caramel) i amb m\u00e8todes tradicionals.<br \/>\nRica en vitamina B, cont\u00e9 biotina i vitamina B12, sense extracte de malta, conservants ni aromes artificials.<\/p>\n","protected":false},"excerpt":{"rendered":"<p>La beguda de malta Hyper Malt Light \u00e9s la cl\u00e1ssica beguda de malta amb menys quantitat de sucres afegits. Hyper Malt Light no cont\u00e9 alcohol, per<span class=\"excerpt-hellip\"> [\u2026]<\/span><\/p>\n","protected":false},"featured_media":166102,"comment_status":"open","ping_status":"closed","template":"","meta":[],"product_cat":[8405,8507],"product_tag":[],"_links":{"self":[{"href":"https:\/\/www.laperlavalles.cat\/ca\/wp-json\/wp\/v2\/product\/116085"}],"collection":[{"href":"https:\/\/www.laperlavalles.cat\/ca\/wp-json\/wp\/v2\/product"}],"about":[{"href":"https:\/\/www.laperlavalles.cat\/ca\/wp-json\/wp\/v2\/types\/product"}],"replies":[{"embeddable":true,"href":"https:\/\/www.laperlavalles.cat\/ca\/wp-json\/wp\/v2\/comments?post=116085"}],"wp:featuredmedia":[{"embeddable":true,"href":"https:\/\/www.laperlavalles.cat\/ca\/wp-json\/wp\/v2\/media\/166102"}],"wp:attachment":[{"href":"https:\/\/www.laperlavalles.cat\/ca\/wp-json\/wp\/v2\/media?parent=116085"}],"wp:term":[{"taxonomy":"product_cat","embeddable":true,"href":"https:\/\/www.laperlavalles.cat\/ca\/wp-json\/wp\/v2\/product_cat?post=116085"},{"taxonomy":"product_tag","embeddable":true,"href":"https:\/\/www.laperlavalles.cat\/ca\/wp-json\/wp\/v2\/product_tag?post=116085"}],"curies":[{"name":"wp","href":"https:\/\/api.w.org\/{rel}","templated":true}]}}