{"id":116545,"date":"2022-02-18T17:31:31","date_gmt":"2022-02-18T16:31:36","guid":{"rendered":"https:\/\/www.laperlavalles.cat\/product\/polpa-pinya-sandino\/"},"modified":"2023-06-23T13:54:33","modified_gmt":"2023-06-23T11:54:33","slug":"polpa-pinya-sandino","status":"publish","type":"product","link":"https:\/\/www.laperlavalles.cat\/ca\/producte\/polpa-pinya-sandino\/","title":{"rendered":"POLPA PINYA SANDINO"},"content":{"rendered":"<p>La Perla \u00e9s distribu\u00efdor de polpes de fruita congelades: polpa d&#8217;aguaymanto, polpa de l\u00facuma, polpa de mango, polpa de maracuj\u00e0, polpa de guan\u00e1bana, polpa de pinya, polpa de xirimoia&#8230; Consulta al nostre cat\u00e0leg l&#8217;ampli assortiment en fruites i verdures sud-americanes.<\/p>\n","protected":false},"excerpt":{"rendered":"<p>La Perla \u00e9s distribu\u00efdor de polpes de fruita congelades: polpa d&#8217;aguaymanto, polpa de l\u00facuma, polpa de mango, polpa de maracuj\u00e0, polpa de guan\u00e1bana, polpa de pinya,<span class=\"excerpt-hellip\"> [\u2026]<\/span><\/p>\n","protected":false},"featured_media":172950,"comment_status":"open","ping_status":"closed","template":"","meta":[],"product_cat":[8422,8538],"product_tag":[],"_links":{"self":[{"href":"https:\/\/www.laperlavalles.cat\/ca\/wp-json\/wp\/v2\/product\/116545"}],"collection":[{"href":"https:\/\/www.laperlavalles.cat\/ca\/wp-json\/wp\/v2\/product"}],"about":[{"href":"https:\/\/www.laperlavalles.cat\/ca\/wp-json\/wp\/v2\/types\/product"}],"replies":[{"embeddable":true,"href":"https:\/\/www.laperlavalles.cat\/ca\/wp-json\/wp\/v2\/comments?post=116545"}],"wp:featuredmedia":[{"embeddable":true,"href":"https:\/\/www.laperlavalles.cat\/ca\/wp-json\/wp\/v2\/media\/172950"}],"wp:attachment":[{"href":"https:\/\/www.laperlavalles.cat\/ca\/wp-json\/wp\/v2\/media?parent=116545"}],"wp:term":[{"taxonomy":"product_cat","embeddable":true,"href":"https:\/\/www.laperlavalles.cat\/ca\/wp-json\/wp\/v2\/product_cat?post=116545"},{"taxonomy":"product_tag","embeddable":true,"href":"https:\/\/www.laperlavalles.cat\/ca\/wp-json\/wp\/v2\/product_tag?post=116545"}],"curies":[{"name":"wp","href":"https:\/\/api.w.org\/{rel}","templated":true}]}}