{"id":116665,"date":"2022-02-18T17:33:43","date_gmt":"2022-02-18T16:33:45","guid":{"rendered":"https:\/\/www.laperlavalles.cat\/product\/fufu-cocoyam-tropiway-680gr\/"},"modified":"2023-06-23T08:48:17","modified_gmt":"2023-06-23T06:48:17","slug":"fufu-cocoyam-tropiway-680gr","status":"publish","type":"product","link":"https:\/\/www.laperlavalles.cat\/ca\/producte\/fufu-cocoyam-tropiway-680gr\/","title":{"rendered":"FUFU COCOYAM TROPIWAY 680GR"},"content":{"rendered":"<p>El fufu cocoyam \u00e9s un producte molt apreciat per la comunitat africana. Consulta el nostre cat\u00e0leg complet de farines, grans i s\u00e8moles d&#8217;importaci\u00f3.<\/p>\n","protected":false},"excerpt":{"rendered":"<p>El fufu cocoyam \u00e9s un producte molt apreciat per la comunitat africana. Consulta el nostre cat\u00e0leg complet de farines, grans i s\u00e8moles d&#8217;importaci\u00f3.<\/p>\n","protected":false},"featured_media":159142,"comment_status":"open","ping_status":"closed","template":"","meta":[],"product_cat":[8514,8418],"product_tag":[],"_links":{"self":[{"href":"https:\/\/www.laperlavalles.cat\/ca\/wp-json\/wp\/v2\/product\/116665"}],"collection":[{"href":"https:\/\/www.laperlavalles.cat\/ca\/wp-json\/wp\/v2\/product"}],"about":[{"href":"https:\/\/www.laperlavalles.cat\/ca\/wp-json\/wp\/v2\/types\/product"}],"replies":[{"embeddable":true,"href":"https:\/\/www.laperlavalles.cat\/ca\/wp-json\/wp\/v2\/comments?post=116665"}],"wp:featuredmedia":[{"embeddable":true,"href":"https:\/\/www.laperlavalles.cat\/ca\/wp-json\/wp\/v2\/media\/159142"}],"wp:attachment":[{"href":"https:\/\/www.laperlavalles.cat\/ca\/wp-json\/wp\/v2\/media?parent=116665"}],"wp:term":[{"taxonomy":"product_cat","embeddable":true,"href":"https:\/\/www.laperlavalles.cat\/ca\/wp-json\/wp\/v2\/product_cat?post=116665"},{"taxonomy":"product_tag","embeddable":true,"href":"https:\/\/www.laperlavalles.cat\/ca\/wp-json\/wp\/v2\/product_tag?post=116665"}],"curies":[{"name":"wp","href":"https:\/\/api.w.org\/{rel}","templated":true}]}}