{"id":116806,"date":"2022-02-18T18:52:41","date_gmt":"2022-02-18T17:52:47","guid":{"rendered":"https:\/\/www.laperlavalles.cat\/product\/salsa-de-peix-pet-squid-700ml\/"},"modified":"2024-07-10T13:19:10","modified_gmt":"2024-07-10T11:19:10","slug":"salsa-de-peix-pet-squid-700ml","status":"publish","type":"product","link":"https:\/\/www.laperlavalles.cat\/ca\/producte\/salsa-de-peix-pet-squid-700ml\/","title":{"rendered":"SALSA DE PEIX PET SQUID 700ML"},"content":{"rendered":"<p>La salsa de peix Squid \u00e9s una salsa tradicional a la cuina oriental  que aporta el t\u00edpic i essencial gust de la cuina cuina oriental gr\u00e0cies als seus ingredients umami i peix. Consulta el nostre cat\u00e0leg de salses orientals per veure&#8217;n m\u00e9s formats.<\/p>\n","protected":false},"excerpt":{"rendered":"<p>La salsa de peix Squid \u00e9s una salsa tradicional a la cuina oriental que aporta el t\u00edpic i essencial gust de la cuina cuina oriental gr\u00e0cies<span class=\"excerpt-hellip\"> [\u2026]<\/span><\/p>\n","protected":false},"featured_media":142160,"comment_status":"open","ping_status":"closed","template":"","meta":[],"product_cat":[10617],"product_tag":[],"_links":{"self":[{"href":"https:\/\/www.laperlavalles.cat\/ca\/wp-json\/wp\/v2\/product\/116806"}],"collection":[{"href":"https:\/\/www.laperlavalles.cat\/ca\/wp-json\/wp\/v2\/product"}],"about":[{"href":"https:\/\/www.laperlavalles.cat\/ca\/wp-json\/wp\/v2\/types\/product"}],"replies":[{"embeddable":true,"href":"https:\/\/www.laperlavalles.cat\/ca\/wp-json\/wp\/v2\/comments?post=116806"}],"wp:featuredmedia":[{"embeddable":true,"href":"https:\/\/www.laperlavalles.cat\/ca\/wp-json\/wp\/v2\/media\/142160"}],"wp:attachment":[{"href":"https:\/\/www.laperlavalles.cat\/ca\/wp-json\/wp\/v2\/media?parent=116806"}],"wp:term":[{"taxonomy":"product_cat","embeddable":true,"href":"https:\/\/www.laperlavalles.cat\/ca\/wp-json\/wp\/v2\/product_cat?post=116806"},{"taxonomy":"product_tag","embeddable":true,"href":"https:\/\/www.laperlavalles.cat\/ca\/wp-json\/wp\/v2\/product_tag?post=116806"}],"curies":[{"name":"wp","href":"https:\/\/api.w.org\/{rel}","templated":true}]}}