{"id":116946,"date":"2022-02-18T18:56:06","date_gmt":"2022-02-18T17:56:11","guid":{"rendered":"https:\/\/www.laperlavalles.cat\/product\/salsa-de-soja-gluten-free-premium-light-19l-lkk-2\/"},"modified":"2024-06-10T17:20:23","modified_gmt":"2024-06-10T15:20:23","slug":"salsa-de-soja-gluten-free-premium-light-19l-lkk-2","status":"publish","type":"product","link":"https:\/\/www.laperlavalles.cat\/ca\/producte\/salsa-de-soja-gluten-free-premium-light-19l-lkk-2\/","title":{"rendered":"SALSA DE SOJA GLUTEN FREE PREMIUM LIGHT 20KG LKK"},"content":{"rendered":"<p>La salsa de soja Lee Kum Kee Premium Light S\u00f3c Sauce Gluten Free \u00e9s la cl\u00e0ssica salsa de soja light de Lee Kum Kee sense gluten. Format HORECA. F\u00f3rmula Clean.<\/p>\n","protected":false},"excerpt":{"rendered":"<p>La salsa de soja Lee Kum Kee Premium Light S\u00f3c Sauce Gluten Free \u00e9s la cl\u00e0ssica salsa de soja light de Lee Kum Kee sense gluten.<span class=\"excerpt-hellip\"> [\u2026]<\/span><\/p>\n","protected":false},"featured_media":172662,"comment_status":"open","ping_status":"closed","template":"","meta":[],"product_cat":[10617],"product_tag":[],"_links":{"self":[{"href":"https:\/\/www.laperlavalles.cat\/ca\/wp-json\/wp\/v2\/product\/116946"}],"collection":[{"href":"https:\/\/www.laperlavalles.cat\/ca\/wp-json\/wp\/v2\/product"}],"about":[{"href":"https:\/\/www.laperlavalles.cat\/ca\/wp-json\/wp\/v2\/types\/product"}],"replies":[{"embeddable":true,"href":"https:\/\/www.laperlavalles.cat\/ca\/wp-json\/wp\/v2\/comments?post=116946"}],"wp:featuredmedia":[{"embeddable":true,"href":"https:\/\/www.laperlavalles.cat\/ca\/wp-json\/wp\/v2\/media\/172662"}],"wp:attachment":[{"href":"https:\/\/www.laperlavalles.cat\/ca\/wp-json\/wp\/v2\/media?parent=116946"}],"wp:term":[{"taxonomy":"product_cat","embeddable":true,"href":"https:\/\/www.laperlavalles.cat\/ca\/wp-json\/wp\/v2\/product_cat?post=116946"},{"taxonomy":"product_tag","embeddable":true,"href":"https:\/\/www.laperlavalles.cat\/ca\/wp-json\/wp\/v2\/product_tag?post=116946"}],"curies":[{"name":"wp","href":"https:\/\/api.w.org\/{rel}","templated":true}]}}