{"id":116986,"date":"2022-02-18T18:57:03","date_gmt":"2022-02-18T17:57:08","guid":{"rendered":"https:\/\/www.laperlavalles.cat\/product\/salsa-de-soja-premium-dark-lee-kum-kee-20kg\/"},"modified":"2024-06-10T17:39:16","modified_gmt":"2024-06-10T15:39:16","slug":"salsa-de-soja-premium-dark-lee-kum-kee-20kg","status":"publish","type":"product","link":"https:\/\/www.laperlavalles.cat\/ca\/producte\/salsa-de-soja-premium-dark-lee-kum-kee-20kg\/","title":{"rendered":"SALSA DE SOJA PREMIUM DARK LEE KUM KEE 20KG"},"content":{"rendered":"<p>La salsa de soja Lee Kum Kee Premium Dark Soy Sauce est\u00e0 feta amb llavors de soja seleccionades i elaborada segons el m\u00e8tode tradicional i natural. T\u00e9 un intens sabor a soja i molt de color el que real\u00e7a naturalment el sabor i aparen\u00e7a de molts plats.<br \/>\nLa salsa de soja Dark S\u00f3c Sauce LKK t\u00e9 un toc dol\u00e7 i un sabor subtil a llavor de soja. El seu prop\u00f2sit principal \u00e9s donar color i sabor als plats.<br \/>\nProducte ideal per al canal HORECA. F\u00f3rmula Clean.<\/p>\n","protected":false},"excerpt":{"rendered":"<p>La salsa de soja Lee Kum Kee Premium Dark Soy Sauce est\u00e0 feta amb llavors de soja seleccionades i elaborada segons el m\u00e8tode tradicional i natural.<span class=\"excerpt-hellip\"> [\u2026]<\/span><\/p>\n","protected":false},"featured_media":172694,"comment_status":"open","ping_status":"closed","template":"","meta":[],"product_cat":[10617],"product_tag":[],"_links":{"self":[{"href":"https:\/\/www.laperlavalles.cat\/ca\/wp-json\/wp\/v2\/product\/116986"}],"collection":[{"href":"https:\/\/www.laperlavalles.cat\/ca\/wp-json\/wp\/v2\/product"}],"about":[{"href":"https:\/\/www.laperlavalles.cat\/ca\/wp-json\/wp\/v2\/types\/product"}],"replies":[{"embeddable":true,"href":"https:\/\/www.laperlavalles.cat\/ca\/wp-json\/wp\/v2\/comments?post=116986"}],"wp:featuredmedia":[{"embeddable":true,"href":"https:\/\/www.laperlavalles.cat\/ca\/wp-json\/wp\/v2\/media\/172694"}],"wp:attachment":[{"href":"https:\/\/www.laperlavalles.cat\/ca\/wp-json\/wp\/v2\/media?parent=116986"}],"wp:term":[{"taxonomy":"product_cat","embeddable":true,"href":"https:\/\/www.laperlavalles.cat\/ca\/wp-json\/wp\/v2\/product_cat?post=116986"},{"taxonomy":"product_tag","embeddable":true,"href":"https:\/\/www.laperlavalles.cat\/ca\/wp-json\/wp\/v2\/product_tag?post=116986"}],"curies":[{"name":"wp","href":"https:\/\/api.w.org\/{rel}","templated":true}]}}