{"id":117006,"date":"2022-02-18T18:57:32","date_gmt":"2022-02-18T17:57:37","guid":{"rendered":"https:\/\/www.laperlavalles.cat\/product\/salsa-de-soja-supreme-light-150ml-lee-kum-kee\/"},"modified":"2024-06-10T18:18:49","modified_gmt":"2024-06-10T16:18:49","slug":"salsa-de-soja-supreme-light-150ml-lee-kum-kee","status":"publish","type":"product","link":"https:\/\/www.laperlavalles.cat\/ca\/producte\/salsa-de-soja-supreme-light-150ml-lee-kum-kee\/","title":{"rendered":"SALSA DE SOJA SUPREME LIGHT 150ML LEE KUM KEE"},"content":{"rendered":"<p>La salsa de soja Lee Kum Kee Supreme Light Soy Sauce est\u00e0 feta de llavors de soja seleccionades i farina de blat. Est\u00e0 elaborada seguint el m\u00e8tode natural i tradicional, que li aporta un sabor ric a soja i una aroma que accentuar\u00e0 delicadament el sabor de qualsevol plat.<br \/>\nLa salsa de soja Lee Kum Kee Supreme Light S\u00f3c Sauce La salsa de sola light \u00e9s un substitut de la sal &#8211; indicada per cuinar saltejats o dipping salze.<\/p>\n","protected":false},"excerpt":{"rendered":"<p>La salsa de soja Lee Kum Kee Supreme Light Soy Sauce est\u00e0 feta de llavors de soja seleccionades i farina de blat. Est\u00e0 elaborada seguint el<span class=\"excerpt-hellip\"> [\u2026]<\/span><\/p>\n","protected":false},"featured_media":172785,"comment_status":"open","ping_status":"closed","template":"","meta":[],"product_cat":[10617],"product_tag":[],"_links":{"self":[{"href":"https:\/\/www.laperlavalles.cat\/ca\/wp-json\/wp\/v2\/product\/117006"}],"collection":[{"href":"https:\/\/www.laperlavalles.cat\/ca\/wp-json\/wp\/v2\/product"}],"about":[{"href":"https:\/\/www.laperlavalles.cat\/ca\/wp-json\/wp\/v2\/types\/product"}],"replies":[{"embeddable":true,"href":"https:\/\/www.laperlavalles.cat\/ca\/wp-json\/wp\/v2\/comments?post=117006"}],"wp:featuredmedia":[{"embeddable":true,"href":"https:\/\/www.laperlavalles.cat\/ca\/wp-json\/wp\/v2\/media\/172785"}],"wp:attachment":[{"href":"https:\/\/www.laperlavalles.cat\/ca\/wp-json\/wp\/v2\/media?parent=117006"}],"wp:term":[{"taxonomy":"product_cat","embeddable":true,"href":"https:\/\/www.laperlavalles.cat\/ca\/wp-json\/wp\/v2\/product_cat?post=117006"},{"taxonomy":"product_tag","embeddable":true,"href":"https:\/\/www.laperlavalles.cat\/ca\/wp-json\/wp\/v2\/product_tag?post=117006"}],"curies":[{"name":"wp","href":"https:\/\/api.w.org\/{rel}","templated":true}]}}