{"id":117026,"date":"2022-02-18T18:58:01","date_gmt":"2022-02-18T17:58:06","guid":{"rendered":"https:\/\/www.laperlavalles.cat\/product\/salsa-de-soja-premium-light-lee-kum-kee-8l-2\/"},"modified":"2024-06-10T18:29:57","modified_gmt":"2024-06-10T16:29:57","slug":"salsa-de-soja-premium-light-lee-kum-kee-8l-2","status":"publish","type":"product","link":"https:\/\/www.laperlavalles.cat\/ca\/producte\/salsa-de-soja-premium-light-lee-kum-kee-8l-2\/","title":{"rendered":"SALSA DE SOJA PREMIUM LIGHT LEE KUM KEE 500ML"},"content":{"rendered":"<p>La salsa de soja Lee Kum Kee Premium Light Soy Sauce est\u00e0 feta de llavors de soja seleccionades i farina de blat. Est\u00e0 elaborada seguint el m\u00e8tode natural i tradicional, que li aporta un sabor intens a soja i una aroma que accentuar\u00e0 delicadament el gust de qualsevol plat.<br \/>\nLa salsa de soja Light Soy Sauce LKK s&#8217;utilitza per amanir i real\u00e7ar el sabor de qualsevol plat, per marinar, saltats&#8230;<\/p>\n","protected":false},"excerpt":{"rendered":"<p>La salsa de soja Lee Kum Kee Premium Light Soy Sauce est\u00e0 feta de llavors de soja seleccionades i farina de blat. Est\u00e0 elaborada seguint el<span class=\"excerpt-hellip\"> [\u2026]<\/span><\/p>\n","protected":false},"featured_media":172806,"comment_status":"open","ping_status":"closed","template":"","meta":[],"product_cat":[10617],"product_tag":[],"_links":{"self":[{"href":"https:\/\/www.laperlavalles.cat\/ca\/wp-json\/wp\/v2\/product\/117026"}],"collection":[{"href":"https:\/\/www.laperlavalles.cat\/ca\/wp-json\/wp\/v2\/product"}],"about":[{"href":"https:\/\/www.laperlavalles.cat\/ca\/wp-json\/wp\/v2\/types\/product"}],"replies":[{"embeddable":true,"href":"https:\/\/www.laperlavalles.cat\/ca\/wp-json\/wp\/v2\/comments?post=117026"}],"wp:featuredmedia":[{"embeddable":true,"href":"https:\/\/www.laperlavalles.cat\/ca\/wp-json\/wp\/v2\/media\/172806"}],"wp:attachment":[{"href":"https:\/\/www.laperlavalles.cat\/ca\/wp-json\/wp\/v2\/media?parent=117026"}],"wp:term":[{"taxonomy":"product_cat","embeddable":true,"href":"https:\/\/www.laperlavalles.cat\/ca\/wp-json\/wp\/v2\/product_cat?post=117026"},{"taxonomy":"product_tag","embeddable":true,"href":"https:\/\/www.laperlavalles.cat\/ca\/wp-json\/wp\/v2\/product_tag?post=117026"}],"curies":[{"name":"wp","href":"https:\/\/api.w.org\/{rel}","templated":true}]}}