{"id":117046,"date":"2022-02-18T18:58:29","date_gmt":"2022-02-18T17:58:35","guid":{"rendered":"https:\/\/www.laperlavalles.cat\/product\/salsa-hoisin-lee-kum-kee-210gr\/"},"modified":"2024-06-10T18:50:02","modified_gmt":"2024-06-10T16:50:02","slug":"salsa-hoisin-lee-kum-kee-210gr","status":"publish","type":"product","link":"https:\/\/www.laperlavalles.cat\/ca\/producte\/salsa-hoisin-lee-kum-kee-210gr\/","title":{"rendered":"SALSA HOISIN LEE KUM KEE 210GR"},"content":{"rendered":"<p>La salsa Hoisin Lee Kum Kee \u00e9s una salsa concentrada de soja amb matisos d&#8217;esp\u00e8cies, s\u00e8sam i xilis.<br \/>\nSalsa per marinar, rostir, saltats i mullar. Un marinat excel\u00b7lent per a barbacoes i perfecte per afegir un punt dol\u00e7 als saltats.<\/p>\n","protected":false},"excerpt":{"rendered":"<p>La salsa Hoisin Lee Kum Kee \u00e9s una salsa concentrada de soja amb matisos d&#8217;esp\u00e8cies, s\u00e8sam i xilis. Salsa per marinar, rostir, saltats i mullar. Un<span class=\"excerpt-hellip\"> [\u2026]<\/span><\/p>\n","protected":false},"featured_media":172838,"comment_status":"open","ping_status":"closed","template":"","meta":[],"product_cat":[10617],"product_tag":[],"_links":{"self":[{"href":"https:\/\/www.laperlavalles.cat\/ca\/wp-json\/wp\/v2\/product\/117046"}],"collection":[{"href":"https:\/\/www.laperlavalles.cat\/ca\/wp-json\/wp\/v2\/product"}],"about":[{"href":"https:\/\/www.laperlavalles.cat\/ca\/wp-json\/wp\/v2\/types\/product"}],"replies":[{"embeddable":true,"href":"https:\/\/www.laperlavalles.cat\/ca\/wp-json\/wp\/v2\/comments?post=117046"}],"wp:featuredmedia":[{"embeddable":true,"href":"https:\/\/www.laperlavalles.cat\/ca\/wp-json\/wp\/v2\/media\/172838"}],"wp:attachment":[{"href":"https:\/\/www.laperlavalles.cat\/ca\/wp-json\/wp\/v2\/media?parent=117046"}],"wp:term":[{"taxonomy":"product_cat","embeddable":true,"href":"https:\/\/www.laperlavalles.cat\/ca\/wp-json\/wp\/v2\/product_cat?post=117046"},{"taxonomy":"product_tag","embeddable":true,"href":"https:\/\/www.laperlavalles.cat\/ca\/wp-json\/wp\/v2\/product_tag?post=117046"}],"curies":[{"name":"wp","href":"https:\/\/api.w.org\/{rel}","templated":true}]}}