{"id":117066,"date":"2022-02-18T18:58:57","date_gmt":"2022-02-18T17:59:03","guid":{"rendered":"https:\/\/www.laperlavalles.cat\/product\/salsa-de-soja-premium-dark-lee-kum-kee-150ml\/"},"modified":"2024-06-10T18:58:57","modified_gmt":"2024-06-10T16:58:57","slug":"salsa-de-soja-premium-dark-lee-kum-kee-150ml","status":"publish","type":"product","link":"https:\/\/www.laperlavalles.cat\/ca\/producte\/salsa-de-soja-premium-dark-lee-kum-kee-150ml\/","title":{"rendered":"SALSA DE SOJA PREMIUM DARK LEE KUM KEE 150ML"},"content":{"rendered":"<p>La salsa de soja Lee Kum Kee Premium Dark Soy Sauce est\u00e0 feta amb llavors de soja seleccionades i elaborada segons el m\u00e8tode<br \/>\ntradicional i natural. T\u00e9 un intens gust de soja i molt de color fet que real\u00e7a naturalment el sabor i aparen\u00e7a de molts plats.<br \/>\nLa salsa de soja Dark Soy Sauce LKK t\u00e9 un toc dol\u00e7 i un sabor subtil a llavor de soja. El seu principal prop\u00f2sit \u00e9s donar color als plats.<\/p>\n","protected":false},"excerpt":{"rendered":"<p>La salsa de soja Lee Kum Kee Premium Dark Soy Sauce est\u00e0 feta amb llavors de soja seleccionades i elaborada segons el m\u00e8tode tradicional i natural.<span class=\"excerpt-hellip\"> [\u2026]<\/span><\/p>\n","protected":false},"featured_media":172854,"comment_status":"open","ping_status":"closed","template":"","meta":[],"product_cat":[10617],"product_tag":[],"_links":{"self":[{"href":"https:\/\/www.laperlavalles.cat\/ca\/wp-json\/wp\/v2\/product\/117066"}],"collection":[{"href":"https:\/\/www.laperlavalles.cat\/ca\/wp-json\/wp\/v2\/product"}],"about":[{"href":"https:\/\/www.laperlavalles.cat\/ca\/wp-json\/wp\/v2\/types\/product"}],"replies":[{"embeddable":true,"href":"https:\/\/www.laperlavalles.cat\/ca\/wp-json\/wp\/v2\/comments?post=117066"}],"wp:featuredmedia":[{"embeddable":true,"href":"https:\/\/www.laperlavalles.cat\/ca\/wp-json\/wp\/v2\/media\/172854"}],"wp:attachment":[{"href":"https:\/\/www.laperlavalles.cat\/ca\/wp-json\/wp\/v2\/media?parent=117066"}],"wp:term":[{"taxonomy":"product_cat","embeddable":true,"href":"https:\/\/www.laperlavalles.cat\/ca\/wp-json\/wp\/v2\/product_cat?post=117066"},{"taxonomy":"product_tag","embeddable":true,"href":"https:\/\/www.laperlavalles.cat\/ca\/wp-json\/wp\/v2\/product_tag?post=117066"}],"curies":[{"name":"wp","href":"https:\/\/api.w.org\/{rel}","templated":true}]}}