{"id":117186,"date":"2022-02-18T19:01:46","date_gmt":"2022-02-18T18:01:51","guid":{"rendered":"https:\/\/www.laperlavalles.cat\/product\/perles-de-tapioca-s-aroy-d-454g\/"},"modified":"2025-03-12T14:19:45","modified_gmt":"2025-03-12T13:19:45","slug":"perles-de-tapioca-s-aroy-d-454g","status":"publish","type":"product","link":"https:\/\/www.laperlavalles.cat\/ca\/producte\/perles-de-tapioca-s-aroy-d-454g\/","title":{"rendered":"PERLES DE TAPIOCA S AROY-D 454G"},"content":{"rendered":"<p>Les Perles de Tapioca mida S de la marca Aroy-D s\u00f3n perfectes per a crear postres tradicionals, afegir textura a begudes com el bubble tea o incorporar en receptes asi\u00e0tiques. Amb la seva mida petita, es cuinen r\u00e0pidament i aporten una textura suau i lleugera.<\/p>\n","protected":false},"excerpt":{"rendered":"<p>Les Perles de Tapioca mida S de la marca Aroy-D s\u00f3n perfectes per a crear postres tradicionals, afegir textura a begudes com el bubble tea o<span class=\"excerpt-hellip\"> [\u2026]<\/span><\/p>\n","protected":false},"featured_media":143456,"comment_status":"open","ping_status":"closed","template":"","meta":[],"product_cat":[8514,8418],"product_tag":[],"_links":{"self":[{"href":"https:\/\/www.laperlavalles.cat\/ca\/wp-json\/wp\/v2\/product\/117186"}],"collection":[{"href":"https:\/\/www.laperlavalles.cat\/ca\/wp-json\/wp\/v2\/product"}],"about":[{"href":"https:\/\/www.laperlavalles.cat\/ca\/wp-json\/wp\/v2\/types\/product"}],"replies":[{"embeddable":true,"href":"https:\/\/www.laperlavalles.cat\/ca\/wp-json\/wp\/v2\/comments?post=117186"}],"wp:featuredmedia":[{"embeddable":true,"href":"https:\/\/www.laperlavalles.cat\/ca\/wp-json\/wp\/v2\/media\/143456"}],"wp:attachment":[{"href":"https:\/\/www.laperlavalles.cat\/ca\/wp-json\/wp\/v2\/media?parent=117186"}],"wp:term":[{"taxonomy":"product_cat","embeddable":true,"href":"https:\/\/www.laperlavalles.cat\/ca\/wp-json\/wp\/v2\/product_cat?post=117186"},{"taxonomy":"product_tag","embeddable":true,"href":"https:\/\/www.laperlavalles.cat\/ca\/wp-json\/wp\/v2\/product_tag?post=117186"}],"curies":[{"name":"wp","href":"https:\/\/api.w.org\/{rel}","templated":true}]}}