{"id":117226,"date":"2022-02-18T19:02:39","date_gmt":"2022-02-18T18:02:44","guid":{"rendered":"https:\/\/www.laperlavalles.cat\/product\/x-ray-energy-drink-50cl\/"},"modified":"2024-07-02T21:00:02","modified_gmt":"2024-07-02T19:00:02","slug":"x-ray-energy-drink-50cl","status":"publish","type":"product","link":"https:\/\/www.laperlavalles.cat\/ca\/producte\/x-ray-energy-drink-50cl\/","title":{"rendered":"X-RAY ENERGY DRINK 50CL"},"content":{"rendered":"<p>X Ray Energy Drink \u00e9s una beguda energ\u00e8tica no alcoh\u00f2lica amb cafe\u00efna i taurina.<\/p>\n","protected":false},"excerpt":{"rendered":"<p>X Ray Energy Drink \u00e9s una beguda energ\u00e8tica no alcoh\u00f2lica amb cafe\u00efna i taurina.<\/p>\n","protected":false},"featured_media":144581,"comment_status":"open","ping_status":"closed","template":"","meta":[],"product_cat":[10617],"product_tag":[],"_links":{"self":[{"href":"https:\/\/www.laperlavalles.cat\/ca\/wp-json\/wp\/v2\/product\/117226"}],"collection":[{"href":"https:\/\/www.laperlavalles.cat\/ca\/wp-json\/wp\/v2\/product"}],"about":[{"href":"https:\/\/www.laperlavalles.cat\/ca\/wp-json\/wp\/v2\/types\/product"}],"replies":[{"embeddable":true,"href":"https:\/\/www.laperlavalles.cat\/ca\/wp-json\/wp\/v2\/comments?post=117226"}],"wp:featuredmedia":[{"embeddable":true,"href":"https:\/\/www.laperlavalles.cat\/ca\/wp-json\/wp\/v2\/media\/144581"}],"wp:attachment":[{"href":"https:\/\/www.laperlavalles.cat\/ca\/wp-json\/wp\/v2\/media?parent=117226"}],"wp:term":[{"taxonomy":"product_cat","embeddable":true,"href":"https:\/\/www.laperlavalles.cat\/ca\/wp-json\/wp\/v2\/product_cat?post=117226"},{"taxonomy":"product_tag","embeddable":true,"href":"https:\/\/www.laperlavalles.cat\/ca\/wp-json\/wp\/v2\/product_tag?post=117226"}],"curies":[{"name":"wp","href":"https:\/\/api.w.org\/{rel}","templated":true}]}}