{"id":117526,"date":"2022-02-18T19:09:13","date_gmt":"2022-02-18T18:09:17","guid":{"rendered":"https:\/\/www.laperlavalles.cat\/product\/kuza-coconut-oil-conditioner-4oz\/"},"modified":"2023-03-30T13:02:39","modified_gmt":"2023-03-30T11:02:39","slug":"kuza-coconut-oil-conditioner-4oz","status":"publish","type":"product","link":"https:\/\/www.laperlavalles.cat\/ca\/producte\/kuza-coconut-oil-conditioner-4oz\/","title":{"rendered":"KUZA COCONUT OIL CONDITIONER 4OZ"},"content":{"rendered":"<p>El Kuza coconut oil conditioner \u00e9s un producte capil\u00b7lar que ajuda a reduir el trencament, les puntes obertes, l&#8217;opacitat i la sequedat del cabell texturitzat. Afegeix cos als cabells i renova l&#8217;elasticitat, fent-lo sentir m\u00e9s fort, radiant i hidratat.<br \/>\nConsulta la nostra gamma completa de productes cosm\u00e8tics al Cat\u00e0leg de Cosm\u00e8tica.<\/p>\n","protected":false},"excerpt":{"rendered":"<p>El Kuza coconut oil conditioner \u00e9s un producte capil\u00b7lar que ajuda a reduir el trencament, les puntes obertes, l&#8217;opacitat i la sequedat del cabell texturitzat. Afegeix<span class=\"excerpt-hellip\"> [\u2026]<\/span><\/p>\n","protected":false},"featured_media":144437,"comment_status":"open","ping_status":"closed","template":"","meta":[],"product_cat":[8423],"product_tag":[],"_links":{"self":[{"href":"https:\/\/www.laperlavalles.cat\/ca\/wp-json\/wp\/v2\/product\/117526"}],"collection":[{"href":"https:\/\/www.laperlavalles.cat\/ca\/wp-json\/wp\/v2\/product"}],"about":[{"href":"https:\/\/www.laperlavalles.cat\/ca\/wp-json\/wp\/v2\/types\/product"}],"replies":[{"embeddable":true,"href":"https:\/\/www.laperlavalles.cat\/ca\/wp-json\/wp\/v2\/comments?post=117526"}],"wp:featuredmedia":[{"embeddable":true,"href":"https:\/\/www.laperlavalles.cat\/ca\/wp-json\/wp\/v2\/media\/144437"}],"wp:attachment":[{"href":"https:\/\/www.laperlavalles.cat\/ca\/wp-json\/wp\/v2\/media?parent=117526"}],"wp:term":[{"taxonomy":"product_cat","embeddable":true,"href":"https:\/\/www.laperlavalles.cat\/ca\/wp-json\/wp\/v2\/product_cat?post=117526"},{"taxonomy":"product_tag","embeddable":true,"href":"https:\/\/www.laperlavalles.cat\/ca\/wp-json\/wp\/v2\/product_tag?post=117526"}],"curies":[{"name":"wp","href":"https:\/\/api.w.org\/{rel}","templated":true}]}}