{"id":117846,"date":"2022-02-18T19:15:15","date_gmt":"2022-02-18T18:15:19","guid":{"rendered":"https:\/\/www.laperlavalles.cat\/product\/cantu-tea-treejojba-hair-scalp-oil\/"},"modified":"2023-06-23T14:16:43","modified_gmt":"2023-06-23T12:16:43","slug":"cantu-tea-treejojba-hair-scalp-oil","status":"publish","type":"product","link":"https:\/\/www.laperlavalles.cat\/ca\/producte\/cantu-tea-treejojba-hair-scalp-oil\/","title":{"rendered":"CANTU TEA TREE&amp;JOJBA HAIR SCALP OIL"},"content":{"rendered":"<p>La Perla disposa d\u00b4una \u00e0mplia gamma de productes cosm\u00e8tics de la prestigiosa marca Cantu.<br \/>\nConsulta el nostre cat\u00e0leg per veure la gamma completa de productes capil\u00b7lars especials per a tot tipus de cabell per\u00f2 especialment per a p\u00e8l afro, p\u00e8l arrissat i p\u00e8l texturitzat: campus, condicionadors, leave-in, pomades, co-wash, edge gels, styling gels, detanglers&#8230;<\/p>\n","protected":false},"excerpt":{"rendered":"<p>La Perla disposa d\u00b4una \u00e0mplia gamma de productes cosm\u00e8tics de la prestigiosa marca Cantu. Consulta el nostre cat\u00e0leg per veure la gamma completa de productes capil\u00b7lars<span class=\"excerpt-hellip\"> [\u2026]<\/span><\/p>\n","protected":false},"featured_media":173937,"comment_status":"open","ping_status":"closed","template":"","meta":[],"product_cat":[8423,24329],"product_tag":[],"_links":{"self":[{"href":"https:\/\/www.laperlavalles.cat\/ca\/wp-json\/wp\/v2\/product\/117846"}],"collection":[{"href":"https:\/\/www.laperlavalles.cat\/ca\/wp-json\/wp\/v2\/product"}],"about":[{"href":"https:\/\/www.laperlavalles.cat\/ca\/wp-json\/wp\/v2\/types\/product"}],"replies":[{"embeddable":true,"href":"https:\/\/www.laperlavalles.cat\/ca\/wp-json\/wp\/v2\/comments?post=117846"}],"wp:featuredmedia":[{"embeddable":true,"href":"https:\/\/www.laperlavalles.cat\/ca\/wp-json\/wp\/v2\/media\/173937"}],"wp:attachment":[{"href":"https:\/\/www.laperlavalles.cat\/ca\/wp-json\/wp\/v2\/media?parent=117846"}],"wp:term":[{"taxonomy":"product_cat","embeddable":true,"href":"https:\/\/www.laperlavalles.cat\/ca\/wp-json\/wp\/v2\/product_cat?post=117846"},{"taxonomy":"product_tag","embeddable":true,"href":"https:\/\/www.laperlavalles.cat\/ca\/wp-json\/wp\/v2\/product_tag?post=117846"}],"curies":[{"name":"wp","href":"https:\/\/api.w.org\/{rel}","templated":true}]}}