{"id":117926,"date":"2022-02-18T19:16:52","date_gmt":"2022-02-18T18:16:56","guid":{"rendered":"https:\/\/www.laperlavalles.cat\/product\/ors-ultra-hd-sleek-smoothing-gel\/"},"modified":"2023-06-23T14:18:11","modified_gmt":"2023-06-23T12:18:11","slug":"ors-ultra-hd-sleek-smoothing-gel","status":"publish","type":"product","link":"https:\/\/www.laperlavalles.cat\/ca\/producte\/ors-ultra-hd-sleek-smoothing-gel\/","title":{"rendered":"ORS ULTRA HD SLEEK SMOOTHING GEL"},"content":{"rendered":"<p>Gel fixador ORS Ultra HD Sleek Smoothing Gel infusionat amb oli de ric\u00ed per a l&#8217;enfortiment dels cabells.<br \/>\nLa Perla \u00e9s distribu\u00efdor dels productes cosm\u00e8tics de la marca ORS. Contacta amb nosaltres si busques un prove\u00efdor de productes capil\u00b7lars especialitzats per p\u00e8l afro, cabell arrissat o cabell texturitzat.<\/p>\n","protected":false},"excerpt":{"rendered":"<p>Gel fixador ORS Ultra HD Sleek Smoothing Gel infusionat amb oli de ric\u00ed per a l&#8217;enfortiment dels cabells. La Perla \u00e9s distribu\u00efdor dels productes cosm\u00e8tics de<span class=\"excerpt-hellip\"> [\u2026]<\/span><\/p>\n","protected":false},"featured_media":174006,"comment_status":"open","ping_status":"closed","template":"","meta":[],"product_cat":[8423],"product_tag":[],"_links":{"self":[{"href":"https:\/\/www.laperlavalles.cat\/ca\/wp-json\/wp\/v2\/product\/117926"}],"collection":[{"href":"https:\/\/www.laperlavalles.cat\/ca\/wp-json\/wp\/v2\/product"}],"about":[{"href":"https:\/\/www.laperlavalles.cat\/ca\/wp-json\/wp\/v2\/types\/product"}],"replies":[{"embeddable":true,"href":"https:\/\/www.laperlavalles.cat\/ca\/wp-json\/wp\/v2\/comments?post=117926"}],"wp:featuredmedia":[{"embeddable":true,"href":"https:\/\/www.laperlavalles.cat\/ca\/wp-json\/wp\/v2\/media\/174006"}],"wp:attachment":[{"href":"https:\/\/www.laperlavalles.cat\/ca\/wp-json\/wp\/v2\/media?parent=117926"}],"wp:term":[{"taxonomy":"product_cat","embeddable":true,"href":"https:\/\/www.laperlavalles.cat\/ca\/wp-json\/wp\/v2\/product_cat?post=117926"},{"taxonomy":"product_tag","embeddable":true,"href":"https:\/\/www.laperlavalles.cat\/ca\/wp-json\/wp\/v2\/product_tag?post=117926"}],"curies":[{"name":"wp","href":"https:\/\/api.w.org\/{rel}","templated":true}]}}