{"id":117946,"date":"2022-02-18T19:17:17","date_gmt":"2022-02-18T18:17:21","guid":{"rendered":"https:\/\/www.laperlavalles.cat\/product\/ors-ultra-hd-curl-cumpling-gel\/"},"modified":"2024-04-26T11:51:39","modified_gmt":"2024-04-26T09:51:39","slug":"ors-ultra-hd-curl-cumpling-gel","status":"publish","type":"product","link":"https:\/\/www.laperlavalles.cat\/ca\/producte\/ors-ultra-hd-curl-cumpling-gel\/","title":{"rendered":"ORS ULTRA HD CURL CUMPLING GEL"},"content":{"rendered":"<p>Gel fixador ORS Ultra HD Sleek Smoothing Gel infusionat amb oli d&#8217;alvocat per a la hidrataci\u00f3 profunda dels cabells.<br \/>\nLa Perla \u00e9s distribu\u00efdor dels productes cosm\u00e8tics de la marca ORS. Contacta amb nosaltres si busques un prove\u00efdor de productes capil\u00b7lars especialitzats per p\u00e8l afro, cabell arrissat o cabell texturitzat.<\/p>\n","protected":false},"excerpt":{"rendered":"<p>Gel fixador ORS Ultra HD Sleek Smoothing Gel infusionat amb oli d&#8217;alvocat per a la hidrataci\u00f3 profunda dels cabells. La Perla \u00e9s distribu\u00efdor dels productes cosm\u00e8tics<span class=\"excerpt-hellip\"> [\u2026]<\/span><\/p>\n","protected":false},"featured_media":174022,"comment_status":"open","ping_status":"closed","template":"","meta":[],"product_cat":[10617],"product_tag":[],"_links":{"self":[{"href":"https:\/\/www.laperlavalles.cat\/ca\/wp-json\/wp\/v2\/product\/117946"}],"collection":[{"href":"https:\/\/www.laperlavalles.cat\/ca\/wp-json\/wp\/v2\/product"}],"about":[{"href":"https:\/\/www.laperlavalles.cat\/ca\/wp-json\/wp\/v2\/types\/product"}],"replies":[{"embeddable":true,"href":"https:\/\/www.laperlavalles.cat\/ca\/wp-json\/wp\/v2\/comments?post=117946"}],"wp:featuredmedia":[{"embeddable":true,"href":"https:\/\/www.laperlavalles.cat\/ca\/wp-json\/wp\/v2\/media\/174022"}],"wp:attachment":[{"href":"https:\/\/www.laperlavalles.cat\/ca\/wp-json\/wp\/v2\/media?parent=117946"}],"wp:term":[{"taxonomy":"product_cat","embeddable":true,"href":"https:\/\/www.laperlavalles.cat\/ca\/wp-json\/wp\/v2\/product_cat?post=117946"},{"taxonomy":"product_tag","embeddable":true,"href":"https:\/\/www.laperlavalles.cat\/ca\/wp-json\/wp\/v2\/product_tag?post=117946"}],"curies":[{"name":"wp","href":"https:\/\/api.w.org\/{rel}","templated":true}]}}