{"id":118086,"date":"2022-02-18T19:19:56","date_gmt":"2022-02-18T18:20:00","guid":{"rendered":"https:\/\/www.laperlavalles.cat\/product\/fairwhite-original-brigthening-serum\/"},"modified":"2023-04-20T04:27:52","modified_gmt":"2023-04-20T02:27:52","slug":"fairwhite-original-brigthening-serum","status":"publish","type":"product","link":"https:\/\/www.laperlavalles.cat\/ca\/producte\/fairwhite-original-brigthening-serum\/","title":{"rendered":"FAIR&amp;WHITE ORIGINAL BRIGTHENING SERUM"},"content":{"rendered":"<p>S\u00e8rum aclaridor gradual de la pell. La Perla \u00e9s distribu\u00efdor de productes cosm\u00e8tics per a la pell de persones africanes. Disposem de la gamma completa de Fair &amp; White, marca especialitzada a aclarir i unificar el to de la pell.<\/p>\n","protected":false},"excerpt":{"rendered":"<p>S\u00e8rum aclaridor gradual de la pell. La Perla \u00e9s distribu\u00efdor de productes cosm\u00e8tics per a la pell de persones africanes. Disposem de la gamma completa de<span class=\"excerpt-hellip\"> [\u2026]<\/span><\/p>\n","protected":false},"featured_media":144133,"comment_status":"open","ping_status":"closed","template":"","meta":[],"product_cat":[8423,8522],"product_tag":[],"_links":{"self":[{"href":"https:\/\/www.laperlavalles.cat\/ca\/wp-json\/wp\/v2\/product\/118086"}],"collection":[{"href":"https:\/\/www.laperlavalles.cat\/ca\/wp-json\/wp\/v2\/product"}],"about":[{"href":"https:\/\/www.laperlavalles.cat\/ca\/wp-json\/wp\/v2\/types\/product"}],"replies":[{"embeddable":true,"href":"https:\/\/www.laperlavalles.cat\/ca\/wp-json\/wp\/v2\/comments?post=118086"}],"wp:featuredmedia":[{"embeddable":true,"href":"https:\/\/www.laperlavalles.cat\/ca\/wp-json\/wp\/v2\/media\/144133"}],"wp:attachment":[{"href":"https:\/\/www.laperlavalles.cat\/ca\/wp-json\/wp\/v2\/media?parent=118086"}],"wp:term":[{"taxonomy":"product_cat","embeddable":true,"href":"https:\/\/www.laperlavalles.cat\/ca\/wp-json\/wp\/v2\/product_cat?post=118086"},{"taxonomy":"product_tag","embeddable":true,"href":"https:\/\/www.laperlavalles.cat\/ca\/wp-json\/wp\/v2\/product_tag?post=118086"}],"curies":[{"name":"wp","href":"https:\/\/api.w.org\/{rel}","templated":true}]}}