{"id":118146,"date":"2022-02-18T19:21:05","date_gmt":"2022-02-18T18:21:09","guid":{"rendered":"https:\/\/www.laperlavalles.cat\/product\/fairwhite-original-shower-gel-carrot\/"},"modified":"2023-04-20T04:32:51","modified_gmt":"2023-04-20T02:32:51","slug":"fairwhite-original-shower-gel-carrot","status":"publish","type":"product","link":"https:\/\/www.laperlavalles.cat\/ca\/producte\/fairwhite-original-shower-gel-carrot\/","title":{"rendered":"FAIR&amp;WHITE ORIGINAL SHOWER GEL CARROT"},"content":{"rendered":"<p>Gel de dutxa Fair &amp; White. La Perla \u00e9s prove\u00efdor de productes cosm\u00e8tics Fair &amp; White.<\/p>\n","protected":false},"excerpt":{"rendered":"<p>Gel de dutxa Fair &amp; White. La Perla \u00e9s prove\u00efdor de productes cosm\u00e8tics Fair &amp; White.<\/p>\n","protected":false},"featured_media":144176,"comment_status":"open","ping_status":"closed","template":"","meta":[],"product_cat":[8423,8522],"product_tag":[],"_links":{"self":[{"href":"https:\/\/www.laperlavalles.cat\/ca\/wp-json\/wp\/v2\/product\/118146"}],"collection":[{"href":"https:\/\/www.laperlavalles.cat\/ca\/wp-json\/wp\/v2\/product"}],"about":[{"href":"https:\/\/www.laperlavalles.cat\/ca\/wp-json\/wp\/v2\/types\/product"}],"replies":[{"embeddable":true,"href":"https:\/\/www.laperlavalles.cat\/ca\/wp-json\/wp\/v2\/comments?post=118146"}],"wp:featuredmedia":[{"embeddable":true,"href":"https:\/\/www.laperlavalles.cat\/ca\/wp-json\/wp\/v2\/media\/144176"}],"wp:attachment":[{"href":"https:\/\/www.laperlavalles.cat\/ca\/wp-json\/wp\/v2\/media?parent=118146"}],"wp:term":[{"taxonomy":"product_cat","embeddable":true,"href":"https:\/\/www.laperlavalles.cat\/ca\/wp-json\/wp\/v2\/product_cat?post=118146"},{"taxonomy":"product_tag","embeddable":true,"href":"https:\/\/www.laperlavalles.cat\/ca\/wp-json\/wp\/v2\/product_tag?post=118146"}],"curies":[{"name":"wp","href":"https:\/\/api.w.org\/{rel}","templated":true}]}}