{"id":118206,"date":"2022-02-18T19:22:12","date_gmt":"2022-02-18T18:22:16","guid":{"rendered":"https:\/\/www.laperlavalles.cat\/product\/fair-white-so-white-skin-perfector-serum\/"},"modified":"2025-10-23T17:32:20","modified_gmt":"2025-10-23T15:32:20","slug":"fair-white-so-white-skin-perfector-serum","status":"publish","type":"product","link":"https:\/\/www.laperlavalles.cat\/ca\/producte\/fair-white-so-white-skin-perfector-serum\/","title":{"rendered":"FAIR &amp; WHITE SO WHITE SKIN PERFECTOR SERUM"},"content":{"rendered":"<p>S\u00e8rum aclaridor gradual de la pell. La Perla \u00e9s distribu\u00efdor de productes cosm\u00e8tics per a la pell de persones africanes. Disposem de la gamma completa de Fair &amp; White, marca especialitzada a aclarir i unificar el to de la pell.<\/p>\n","protected":false},"excerpt":{"rendered":"<p>S\u00e8rum aclaridor gradual de la pell. La Perla \u00e9s distribu\u00efdor de productes cosm\u00e8tics per a la pell de persones africanes. Disposem de la gamma completa de<span class=\"excerpt-hellip\"> [\u2026]<\/span><\/p>\n","protected":false},"featured_media":144229,"comment_status":"open","ping_status":"closed","template":"","meta":[],"product_cat":[10617],"product_tag":[],"_links":{"self":[{"href":"https:\/\/www.laperlavalles.cat\/ca\/wp-json\/wp\/v2\/product\/118206"}],"collection":[{"href":"https:\/\/www.laperlavalles.cat\/ca\/wp-json\/wp\/v2\/product"}],"about":[{"href":"https:\/\/www.laperlavalles.cat\/ca\/wp-json\/wp\/v2\/types\/product"}],"replies":[{"embeddable":true,"href":"https:\/\/www.laperlavalles.cat\/ca\/wp-json\/wp\/v2\/comments?post=118206"}],"wp:featuredmedia":[{"embeddable":true,"href":"https:\/\/www.laperlavalles.cat\/ca\/wp-json\/wp\/v2\/media\/144229"}],"wp:attachment":[{"href":"https:\/\/www.laperlavalles.cat\/ca\/wp-json\/wp\/v2\/media?parent=118206"}],"wp:term":[{"taxonomy":"product_cat","embeddable":true,"href":"https:\/\/www.laperlavalles.cat\/ca\/wp-json\/wp\/v2\/product_cat?post=118206"},{"taxonomy":"product_tag","embeddable":true,"href":"https:\/\/www.laperlavalles.cat\/ca\/wp-json\/wp\/v2\/product_tag?post=118206"}],"curies":[{"name":"wp","href":"https:\/\/api.w.org\/{rel}","templated":true}]}}