{"id":118246,"date":"2022-02-18T19:22:57","date_gmt":"2022-02-18T18:23:00","guid":{"rendered":"https:\/\/www.laperlavalles.cat\/product\/fairwhite-so-white-shower-gel-tonic-scrub\/"},"modified":"2023-04-20T04:41:31","modified_gmt":"2023-04-20T02:41:31","slug":"fairwhite-so-white-shower-gel-tonic-scrub","status":"publish","type":"product","link":"https:\/\/www.laperlavalles.cat\/ca\/producte\/fairwhite-so-white-shower-gel-tonic-scrub\/","title":{"rendered":"FAIR&amp;WHITE SO WHITE SHOWER GEL TONIC SCRUB"},"content":{"rendered":"<p>Gel de dutxa Fair &amp; White. La Perla \u00e9s prove\u00efdor de productes cosm\u00e8tics Fair &amp; White.<\/p>\n","protected":false},"excerpt":{"rendered":"<p>Gel de dutxa Fair &amp; White. La Perla \u00e9s prove\u00efdor de productes cosm\u00e8tics Fair &amp; White.<\/p>\n","protected":false},"featured_media":144256,"comment_status":"open","ping_status":"closed","template":"","meta":[],"product_cat":[8423,8522],"product_tag":[],"_links":{"self":[{"href":"https:\/\/www.laperlavalles.cat\/ca\/wp-json\/wp\/v2\/product\/118246"}],"collection":[{"href":"https:\/\/www.laperlavalles.cat\/ca\/wp-json\/wp\/v2\/product"}],"about":[{"href":"https:\/\/www.laperlavalles.cat\/ca\/wp-json\/wp\/v2\/types\/product"}],"replies":[{"embeddable":true,"href":"https:\/\/www.laperlavalles.cat\/ca\/wp-json\/wp\/v2\/comments?post=118246"}],"wp:featuredmedia":[{"embeddable":true,"href":"https:\/\/www.laperlavalles.cat\/ca\/wp-json\/wp\/v2\/media\/144256"}],"wp:attachment":[{"href":"https:\/\/www.laperlavalles.cat\/ca\/wp-json\/wp\/v2\/media?parent=118246"}],"wp:term":[{"taxonomy":"product_cat","embeddable":true,"href":"https:\/\/www.laperlavalles.cat\/ca\/wp-json\/wp\/v2\/product_cat?post=118246"},{"taxonomy":"product_tag","embeddable":true,"href":"https:\/\/www.laperlavalles.cat\/ca\/wp-json\/wp\/v2\/product_tag?post=118246"}],"curies":[{"name":"wp","href":"https:\/\/api.w.org\/{rel}","templated":true}]}}