{"id":118286,"date":"2022-02-18T19:23:41","date_gmt":"2022-02-18T18:23:45","guid":{"rendered":"https:\/\/www.laperlavalles.cat\/product\/fair-white-so-carrot-brigthening-serum\/"},"modified":"2025-12-04T13:24:21","modified_gmt":"2025-12-04T12:24:21","slug":"fair-white-so-carrot-brigthening-serum","status":"publish","type":"product","link":"https:\/\/www.laperlavalles.cat\/ca\/producte\/fair-white-so-carrot-brigthening-serum\/","title":{"rendered":"FAIR &amp; WHITE SO CARROT BRIGTHENING SERUM"},"content":{"rendered":"<p>S\u00e8rum aclaridor gradual de la pell. La Perla \u00e9s distribu\u00efdor de productes cosm\u00e8tics per a la pell de persones africanes. Disposem de la gamma completa de Fair &amp; White, marca especialitzada a aclarir i unificar el to de la pell.<\/p>\n","protected":false},"excerpt":{"rendered":"<p>S\u00e8rum aclaridor gradual de la pell. La Perla \u00e9s distribu\u00efdor de productes cosm\u00e8tics per a la pell de persones africanes. Disposem de la gamma completa de<span class=\"excerpt-hellip\"> [\u2026]<\/span><\/p>\n","protected":false},"featured_media":144293,"comment_status":"open","ping_status":"closed","template":"","meta":[],"product_cat":[10617],"product_tag":[],"_links":{"self":[{"href":"https:\/\/www.laperlavalles.cat\/ca\/wp-json\/wp\/v2\/product\/118286"}],"collection":[{"href":"https:\/\/www.laperlavalles.cat\/ca\/wp-json\/wp\/v2\/product"}],"about":[{"href":"https:\/\/www.laperlavalles.cat\/ca\/wp-json\/wp\/v2\/types\/product"}],"replies":[{"embeddable":true,"href":"https:\/\/www.laperlavalles.cat\/ca\/wp-json\/wp\/v2\/comments?post=118286"}],"wp:featuredmedia":[{"embeddable":true,"href":"https:\/\/www.laperlavalles.cat\/ca\/wp-json\/wp\/v2\/media\/144293"}],"wp:attachment":[{"href":"https:\/\/www.laperlavalles.cat\/ca\/wp-json\/wp\/v2\/media?parent=118286"}],"wp:term":[{"taxonomy":"product_cat","embeddable":true,"href":"https:\/\/www.laperlavalles.cat\/ca\/wp-json\/wp\/v2\/product_cat?post=118286"},{"taxonomy":"product_tag","embeddable":true,"href":"https:\/\/www.laperlavalles.cat\/ca\/wp-json\/wp\/v2\/product_tag?post=118286"}],"curies":[{"name":"wp","href":"https:\/\/api.w.org\/{rel}","templated":true}]}}