{"id":118726,"date":"2022-02-18T20:01:11","date_gmt":"2022-02-18T19:01:16","guid":{"rendered":"https:\/\/www.laperlavalles.cat\/product\/paper-darros-bamboo-tree-22cm-2\/"},"modified":"2025-09-15T15:10:55","modified_gmt":"2025-09-15T13:10:55","slug":"paper-darros-bamboo-tree-22cm-2","status":"publish","type":"product","link":"https:\/\/www.laperlavalles.cat\/ca\/producte\/paper-darros-bamboo-tree-22cm-2\/","title":{"rendered":"PAPER D&#8217;ARR\u00d2S BAMBOO TREE 22CM"},"content":{"rendered":"<p>Paper d&#8217;arr\u00f2s Bamboo Tree. Paper d&#8217;arr\u00f2s format rod\u00f3 mida 22cm.<\/p>\n","protected":false},"excerpt":{"rendered":"<p>Paper d&#8217;arr\u00f2s Bamboo Tree. Paper d&#8217;arr\u00f2s format rod\u00f3 mida 22cm.<\/p>\n","protected":false},"featured_media":173190,"comment_status":"open","ping_status":"closed","template":"","meta":[],"product_cat":[8506,8411],"product_tag":[],"_links":{"self":[{"href":"https:\/\/www.laperlavalles.cat\/ca\/wp-json\/wp\/v2\/product\/118726"}],"collection":[{"href":"https:\/\/www.laperlavalles.cat\/ca\/wp-json\/wp\/v2\/product"}],"about":[{"href":"https:\/\/www.laperlavalles.cat\/ca\/wp-json\/wp\/v2\/types\/product"}],"replies":[{"embeddable":true,"href":"https:\/\/www.laperlavalles.cat\/ca\/wp-json\/wp\/v2\/comments?post=118726"}],"wp:featuredmedia":[{"embeddable":true,"href":"https:\/\/www.laperlavalles.cat\/ca\/wp-json\/wp\/v2\/media\/173190"}],"wp:attachment":[{"href":"https:\/\/www.laperlavalles.cat\/ca\/wp-json\/wp\/v2\/media?parent=118726"}],"wp:term":[{"taxonomy":"product_cat","embeddable":true,"href":"https:\/\/www.laperlavalles.cat\/ca\/wp-json\/wp\/v2\/product_cat?post=118726"},{"taxonomy":"product_tag","embeddable":true,"href":"https:\/\/www.laperlavalles.cat\/ca\/wp-json\/wp\/v2\/product_tag?post=118726"}],"curies":[{"name":"wp","href":"https:\/\/api.w.org\/{rel}","templated":true}]}}