{"id":118954,"date":"2022-05-20T12:18:54","date_gmt":"2022-05-20T10:19:00","guid":{"rendered":"https:\/\/www.laperlavalles.cat\/product\/cantu-acc-smooth-thick-hair-paddle-brush\/"},"modified":"2024-10-16T15:12:54","modified_gmt":"2024-10-16T13:12:54","slug":"cantu-acc-smooth-thick-hair-paddle-brush","status":"publish","type":"product","link":"https:\/\/www.laperlavalles.cat\/ca\/producte\/cantu-acc-smooth-thick-hair-paddle-brush\/","title":{"rendered":"CANTU ACC SMOOTH THICK HAIR PADDLE BRUSH"},"content":{"rendered":"<p>Aquest raspall allisador de truges de porc senglar est\u00e0 dissenyat amb truges m\u00e9s llargues per arribar m\u00e9s lluny als cabells i aconseguir un acabat m\u00e9s suau. Dissenyat per a cabells gruixuts, arrissats i espessos, amb cerres naturals de porc senglar que distribueixen els olis naturals pels fils per real\u00e7ar la brillantor. Ideal per pentinats amb assecador i per desenredar els cabells llargs i gruixuts.<\/p>\n","protected":false},"excerpt":{"rendered":"<p>Aquest raspall allisador de truges de porc senglar est\u00e0 dissenyat amb truges m\u00e9s llargues per arribar m\u00e9s lluny als cabells i aconseguir un acabat m\u00e9s suau.<span class=\"excerpt-hellip\"> [\u2026]<\/span><\/p>\n","protected":false},"featured_media":173734,"comment_status":"open","ping_status":"closed","template":"","meta":[],"product_cat":[10617],"product_tag":[],"_links":{"self":[{"href":"https:\/\/www.laperlavalles.cat\/ca\/wp-json\/wp\/v2\/product\/118954"}],"collection":[{"href":"https:\/\/www.laperlavalles.cat\/ca\/wp-json\/wp\/v2\/product"}],"about":[{"href":"https:\/\/www.laperlavalles.cat\/ca\/wp-json\/wp\/v2\/types\/product"}],"replies":[{"embeddable":true,"href":"https:\/\/www.laperlavalles.cat\/ca\/wp-json\/wp\/v2\/comments?post=118954"}],"wp:featuredmedia":[{"embeddable":true,"href":"https:\/\/www.laperlavalles.cat\/ca\/wp-json\/wp\/v2\/media\/173734"}],"wp:attachment":[{"href":"https:\/\/www.laperlavalles.cat\/ca\/wp-json\/wp\/v2\/media?parent=118954"}],"wp:term":[{"taxonomy":"product_cat","embeddable":true,"href":"https:\/\/www.laperlavalles.cat\/ca\/wp-json\/wp\/v2\/product_cat?post=118954"},{"taxonomy":"product_tag","embeddable":true,"href":"https:\/\/www.laperlavalles.cat\/ca\/wp-json\/wp\/v2\/product_tag?post=118954"}],"curies":[{"name":"wp","href":"https:\/\/api.w.org\/{rel}","templated":true}]}}